{"id":3463,"date":"2024-10-14T15:00:39","date_gmt":"2024-10-14T15:00:39","guid":{"rendered":"https:\/\/africa-paripesa.com\/sample-page\/"},"modified":"2026-01-18T23:12:07","modified_gmt":"2026-01-18T23:12:07","slug":"sample-page","status":"publish","type":"page","link":"https:\/\/africa-paripesa.com\/fr-bj\/","title":{"rendered":"Sample Page &#8211; paripesa"},"content":{"rendered":"<h1>\ud83c\udde7\ud83c\uddef\u00a0 Paripesa B\u00e9nin : Votre Centre de Paris Sportifs et Casino en Ligne<\/h1>\n<p><span style=\"font-weight: 400;\">Au B\u00e9nin, march\u00e9 de plus en plus porteur des jeux d\u2019argent en ligne, notamment des paris sportifs, <\/span>Paripesa B\u00e9nin<span style=\"font-weight: 400;\"> devient le principal site de 2025.<\/span><\/p>\n<div style=\"background-color: darkcyan; box-shadow: inset 0 0 10px 3px rgb(247 247 247 \/ 60%), 0 0 10px 3px #ccc0b5 !important;\">\n<p>Table of content<\/p>\n<ul>\n<li style=\"list-style-type: none;\">\n<ul>\n<li style=\"list-style-type: none;\">\n<ul>\n<li><a href=\"#pourquoi\">\ud83e\udd47 Pourquoi PariPesa B\u00e9nin domine le jeu en \u00a02025<\/a><\/li>\n<li><a href=\"#login\">\ud83d\udd11 Paripesa Login : Acc\u00e8s Simple et S\u00e9curis\u00e9<\/a><\/li>\n<li><a href=\"#app\">\ud83d\udcf1Paripesa App Download : L&#8217;Acc\u00e8s Mobile Simplifi\u00e9<\/a><\/li>\n<li><a href=\"#codepromo\">\ud83c\udf81 Code Promo Paripesa : D\u00e9bloquez des Bonus Exclusifs<\/a><\/li>\n<li><a href=\"#casino\">\ud83c\udfb0 Top Casino en Ligne : Votre Fortune Vous Attend!<\/a><\/li>\n<li><a href=\"#faq\">\u2753FAQ<\/a><\/li>\n<\/ul>\n<\/li>\n<\/ul>\n<\/li>\n<\/ul>\n<\/div>\n<p><span style=\"font-weight: 400;\">Le casino des jeux d\u2019argent en ligne, et des pronostics sportifs, ainsi que des technologies fa\u00e7onnera une exp\u00e9rience g\u00e9n\u00e9raliste et mobile.<\/span><\/p>\n<h2 class=\"p1\">\ud83e\udd47 Pourquoi est-ce que PariPesa B\u00e9nin est le leader au jeu, en 2025<\/h2>\n<p class=\"p1\">C\u2019est sa popularit\u00e9, qui repose sur sa connaissance des attentes de ses utilisateurs. Au B\u00e9nin, avec la mont\u00e9e des paris en ligne, et la mont\u00e9e en performance des connexions, la plateforme capte de plus en plus le public des parieurs, sur les paris du championnat local ou des sports internationaux.<\/p>\n<p><img loading=\"lazy\" decoding=\"async\" class=\"aligncenter size-full wp-image-3691\" src=\"https:\/\/africa-paripesa.com\/wp-content\/uploads\/2025\/07\/main.webp\" alt=\"Pourquoi PariPesa B\u00e9nin\" width=\"899\" height=\"401\" srcset=\"https:\/\/africa-paripesa.com\/wp-content\/uploads\/2025\/07\/main.webp 899w, https:\/\/africa-paripesa.com\/wp-content\/uploads\/2025\/07\/main-300x134.webp 300w, https:\/\/africa-paripesa.com\/wp-content\/uploads\/2025\/07\/main-768x343.webp 768w\" sizes=\"auto, (max-width: 899px) 100vw, 899px\" \/><\/p>\n<p class=\"p1\">Son interface optimis\u00e9e en 2023 pour offrir tous les aspects d\u2019unit la mise aux jeux sportifs et le divertissement du casino sur une technologie d\u2019avant-garde.<\/p>\n<h3 class=\"p1\">\ud83d\udd10 Un environnement de jeu de confiance et s\u00e9curis\u00e9<\/h3>\n<p class=\"p1\">La s\u00e9curit\u00e9 est-elle un enjeu pour cette plateforme de jeux d\u2019argent en ligne. Elle fait en tourn\u00e9e des gouffres d\u2019efforts si on veut maintenir dans la bonne brillance d\u2019int\u00e9grit\u00e9 et d\u2019\u00e9quit\u00e9 et des technologies d\u2019actualit\u00e9 notamment AES-256, authententification 2FA.<\/p>\n<p class=\"p1\">Il fait certainly dans un environnement juridique s\u00e9par\u00e9, o\u00f9 l\u2019on peut dire que tous les paris sont tenus de l\u2019appliquer.<\/p>\n<h2>\ud83c\udf0d Caract\u00e9ristiques des utilisateurs du site Paripesa B\u00e9nin<\/h2>\n<p>Dans un march\u00e9 en forte croissance, celui des jeux de pari en ligne au B\u00e9nin, \u00e0 l\u2019horizon 2025, l\u2019op\u00e9rateur des jeux est bien plus qu\u2019un site, il s\u2019agit d\u2019une offre globale qui associe les paris sportifs aux jeux de casino et les solutions technologiques performantes, plus qu\u2019un site, surtout un \u00e9cosyst\u00e8me o\u00f9 quiconque peut parier aux cotes, op\u00e9rant au c\u0153ur du jeu, des bonus exceptionnels offerts aux membres.<\/p>\n<p>Bien au-del\u00e0 d\u2019un site, celui d\u2019un rep\u00e8re, que ses mises \u00e0 jour ach\u00e8vent de rendre intuitif, et optimisant en continu la navigation mobile et son usage, en s\u2019assurant d\u2019un espace s\u00e9curis\u00e9 de confiance pour le jeu o\u00f9 les r\u00e9gulations sont respect\u00e9es garantissant au joueur l\u2019optimum du confort pour jouer en toute tranquillit\u00e9.<\/p>\n<h2 class=\"p1\"><span class=\"s1\">\ud83d\udd11<\/span> Connexion \u00e0 Paripesa<\/h2>\n<p class=\"p1\">Acc\u00e8s prot\u00e9g\u00e9, la voie la plus simple pour acc\u00e9der aux fonds est bien un num\u00e9ro de t\u00e9l\u00e9phone ou un e-mail.<\/p>\n<p><img loading=\"lazy\" decoding=\"async\" class=\"aligncenter size-full wp-image-3702\" src=\"https:\/\/africa-paripesa.com\/wp-content\/uploads\/2025\/07\/login-1-2.webp\" alt=\"Paripesa Login Page\" width=\"674\" height=\"668\" srcset=\"https:\/\/africa-paripesa.com\/wp-content\/uploads\/2025\/07\/login-1-2.webp 674w, https:\/\/africa-paripesa.com\/wp-content\/uploads\/2025\/07\/login-1-2-300x297.webp 300w, https:\/\/africa-paripesa.com\/wp-content\/uploads\/2025\/07\/login-1-2-150x150.webp 150w\" sizes=\"auto, (max-width: 674px) 100vw, 674px\" \/><\/p>\n<p class=\"p1\">Les options biom\u00e9triques de l\u2019authentification, comme le code secret, mais nouvelles d\u20192024 : empreintes digitales ou reconnaissance faciale viennent se cumuler aux dispositifs d\u2019authentification traditionnels (code OTP, e-mail personnel) au service de l\u2019assistance \u00e0 la r\u00e9cup\u00e9ration d\u2019identit\u00e9 de mani\u00e8re plus fluide.<\/p>\n<h2 class=\"p1\"><span class=\"s1\">\ud83d\udcf1<\/span>T\u00e9l\u00e9charger l\u2019appli (ou version mobile)<\/h2>\n<p class=\"p1\">Paripesa bet en version Android et iPhone est id\u00e9al pour parier, l\u2019\u00e9ventualit\u00e9 est dans son registre et vise \u00e0 parier depuis le mobile.<\/p>\n<p><img loading=\"lazy\" decoding=\"async\" class=\"aligncenter size-full wp-image-3713\" src=\"https:\/\/africa-paripesa.com\/wp-content\/uploads\/2025\/07\/app.webp\" alt=\"Paripesa App Download\" width=\"899\" height=\"370\" srcset=\"https:\/\/africa-paripesa.com\/wp-content\/uploads\/2025\/07\/app.webp 899w, https:\/\/africa-paripesa.com\/wp-content\/uploads\/2025\/07\/app-300x123.webp 300w, https:\/\/africa-paripesa.com\/wp-content\/uploads\/2025\/07\/app-768x316.webp 768w\" sizes=\"auto, (max-width: 899px) 100vw, 899px\" \/><\/p>\n<p>Tous les services du site sont d\u2019ordinaire disponibles sous forme optimis\u00e9e pour mobile, au milieu de tous les autres moyens de parier et pour le reste pour g\u00e9rer son compte et ses bonus, mati\u00e8re premi\u00e8re. Elle est \u00e9galement le moyen qui pr\u00eate la meilleure opportunit\u00e9 de consulter le site en raison de son design ais\u00e9 \u00e0 prendre en main o\u00f9 il est rare de faire demi-tour et o\u00f9, pour les amateurs d\u2019\u00e9missions, elles auront probablement d\u00e9j\u00e0 \u00e9t\u00e9 signal\u00e9es en amont .<\/p>\n<h2 class=\"p1\"><span class=\"s1\">\ud83c\udf81<\/span> Code Promo Paripesa : Des Bonus Exclusifs \u00e0 Saisir<\/h2>\n<p class=\"p1\">Les membres de cette plateforme b\u00e9ninoise sont tr\u00e8s g\u00e2t\u00e9s<\/p>\n<p class=\"p1\">Les offres de bienvenue, les promotions exclusives que l\u2019on d\u00e9croche habituellement avec un Code Promo Paripesa sont peut-\u00eatre les diverses fa\u00e7ons de tenter d\u2019optimiser les paris d\u00e8s les premiers pas. Pour mieux gagner avec l\u2019inscription, il faut tout de m\u00eame bien se dire qu\u2019il vaut mieux s\u2019attarder sur la section promotions. Avec ses options compl\u00e8tes et s\u00e9curis\u00e9es Paripesa ne fait pas vraiment de place \u00e0 la concurrence et est, en outre, identifi\u00e9 comme un des meilleurs site de paris sportif au B\u00e9nin, assurant aux parieurs de ce pays une vraie fiabilit\u00e9 souhait\u00e9e.<\/p>\n<h2 class=\"p1\"><span class=\"s1\">\ud83c\udfc6<\/span> Paripesa Paris Sportif : Grandeur et Choix au Rendez-Vous<\/h2>\n<p class=\"p1\">Paripesa Paris Sportif est un site de paris sportifs \u00e9labor\u00e9 et immersif.<\/p>\n<p class=\"p1\">Ce m\u00e9dia regorge de nombreux sports comme le football, le basketball, l\u2019e-sport, un vaste \u00e9ventail d\u2019\u00e9v\u00e9nements laissant large place aux rencontres locales comme aux matches internationaux<\/p>\n<table>\n<thead>\n<tr>\n<th>\ud83c\udfaf Fonctionnalit\u00e9<\/th>\n<th>\ud83d\udccc Description<\/th>\n<\/tr>\n<\/thead>\n<tbody>\n<tr>\n<td>\u26bd Large choix de sports<\/td>\n<td>\n<p class=\"p1\">Gamme de sports \u00e9tendue, offrant d\u00e8s lors des paris sur des \u00e9v\u00e9nements sportifs les plus populaires tels que le football, le basket, l\u2019e-sport, mais \u00e9galement des \u00e9v\u00e8nements locaux et internationaux.<\/p>\n<\/td>\n<\/tr>\n<tr>\n<td>\u231b Types de paris disponibles<\/td>\n<td>\n<p class=\"p1\">Les parieurs peuvent choisir de r\u00e9aliser leurs paris avant le d\u00e9but des matchs ou en cours de match selon leurs besoins.<\/p>\n<\/td>\n<\/tr>\n<tr>\n<td>\ud83d\udcca Statistiques<\/td>\n<td>\n<p class=\"p1\">Un dispositif statistique est en place pour analyser le parcours des \u00e9quipes, le pass\u00e9 des matchs, etc.<\/p>\n<\/td>\n<\/tr>\n<tr>\n<td>\ud83e\udde0Avantages<\/td>\n<td>\n<p class=\"p1\">Une aide \u00e0 la d\u00e9cision est disponible gr\u00e2ce \u00e0 des fonctionnalit\u00e9s avanc\u00e9es des outils au service des parieurs dans le but de les aider \u00e0 optimiser leur strat\u00e9gie de mise.<\/p>\n<\/td>\n<\/tr>\n<tr>\n<td>\ud83c\udf10 Accessibilit\u00e9<\/td>\n<td>\n<p class=\"p1\">La plateforme, intuitive et immersive est accessible aussi bien sur mobile que sur desktop.<\/p>\n<\/td>\n<\/tr>\n<\/tbody>\n<\/table>\n<p><span style=\"font-weight: 400;\">Que l\u2019on soit verseuse de paris avant-match que de paris en direct, Paripesa bet proposera plus d\u2019un exploit statistique ou d\u2019un outil d\u2019analyse. En tant qu\u2019outils de mise en relation sur le march\u00e9, ils aideront les parieurs \u00e0 prendre des d\u00e9cisions trop ou suffisamment \u00e9clair\u00e9es en vue d\u2019am\u00e9liorer leur strat\u00e9gie de jeu.<\/span><\/p>\n<h2 id=\"casino\">\ud83c\udfb0 Top Casino en Ligne : Votre Fortune Vous Attend!<\/h2>\n<p><span style=\"font-weight: 400;\">Outre les paris sportifs, le casino en ligne repr\u00e9sente un monde anim\u00e9 et passionnant. Que vous aimiez les machines \u00e0 sous ou les jeux de table tels que le blackjack et la roulette, notre gamme \u00e9tendue saura vous ravir.<\/span><\/p>\n<p><img loading=\"lazy\" decoding=\"async\" class=\"aligncenter size-full wp-image-3724\" src=\"https:\/\/africa-paripesa.com\/wp-content\/uploads\/2025\/07\/casino-2.webp\" alt=\"Casino en Ligne PariPesa Benin\" width=\"899\" height=\"407\" srcset=\"https:\/\/africa-paripesa.com\/wp-content\/uploads\/2025\/07\/casino-2.webp 899w, https:\/\/africa-paripesa.com\/wp-content\/uploads\/2025\/07\/casino-2-300x136.webp 300w, https:\/\/africa-paripesa.com\/wp-content\/uploads\/2025\/07\/casino-2-768x348.webp 768w\" sizes=\"auto, (max-width: 899px) 100vw, 899px\" \/><\/p>\n<p><span style=\"font-weight: 400;\">Sa section croupier live permet de jouer en immersion avec de vrais croupiers, mais aussi d\u2019interagir avec les autres joueurs en direct.<\/span><\/p>\n<h3>\ud83e\udd1d Support Privil\u00e9gi\u00e9<\/h3>\n<p><span style=\"font-weight: 400;\">Le service client de cette plateforme de paris en ligne est un atout non n\u00e9gligeable, disponible 24 heures sur 24, 7 jours sur 7, par chat en direct, mail ou t\u00e9l\u00e9phone, et o\u00f9 les agents sont form\u00e9s \u00e0 la r\u00e9ponse \u00e0 toute question, technique, question sur les paiements par exemple, ou sur les bonus.<\/span><\/p>\n<p><span style=\"font-weight: 400;\">Pour une assistance rapide et autonome, un FAQ riche est \u00e9galement accessible sur le site. Cet effort garantit aux clients de cet op\u00e9rateur de jeux un suivi permanent, \u00e0 toute heure.<\/span><\/p>\n<h2 id=\"faq\">\u2753FAQ<\/h2>\n<h3>Comment cr\u00e9er mon compte sur Paripesa B\u00e9nin ?<\/h3>\n<p><span style=\"font-weight: 400;\">C\u2019est simple, l\u2019inscription ne prend que quelques instants, il suffit de renseigner des donn\u00e9es basiques (t\u00e9l\u00e9phone\/e-mail), vous pourrez acc\u00e9der \u00e0 votre tableau de bord.\u00a0<\/span><\/p>\n<h3>Quels jeux est-ce que je peux trouver ?<\/h3>\n<p><span style=\"font-weight: 400;\">Dans les Paris sportifs de Paripesa, il est possible de parier en live et avant-match sur toutes sortes de sports. Le casino en ligne quant \u00e0 lui, exploite les machines \u00e0 sous, les jeux de table, ainsi que le Live Casino.<\/span><\/p>\n<h3>Avez-vous des bonus ou des codes promo ?<\/h3>\n<p><span style=\"font-weight: 400;\">Il y a bien un bonus de bienvenue et un bon syst\u00e8me de promotions r\u00e9currentes; pensez \u00e0 saisir un Code Promo Paripesa s\u2019il est propos\u00e9 pour obtenir davantage d\u2019avantages.<\/span><\/p>\n<p><span style=\"font-weight: 400;\">Tous les services du site sont disponibles de mani\u00e8re optimis\u00e9e pour le smartphone au milieu de tous les autres moyens de parier et de g\u00e9rer son compte et ses bonus.<\/span><\/p>\n<p>&nbsp;<\/p>\n","protected":false},"excerpt":{"rendered":"<p>\ud83c\udde7\ud83c\uddef\u00a0 Paripesa B\u00e9nin : Votre Centre de Paris Sportifs et Casino en Ligne Au B\u00e9nin, march\u00e9 de plus en plus porteur des jeux d\u2019argent en ligne, notamment des paris sportifs, Paripesa B\u00e9nin devient le principal site de 2025. Table of content \ud83e\udd47 Pourquoi PariPesa B\u00e9nin domine le jeu en \u00a02025 \ud83d\udd11 Paripesa Login : Acc\u00e8s [&hellip;]<\/p>\n","protected":false},"author":1,"featured_media":0,"parent":0,"menu_order":0,"comment_status":"closed","ping_status":"open","template":"views\/page-home.php","meta":{"_sitemap_exclude":false,"_sitemap_priority":"","_sitemap_frequency":"","footnotes":""},"class_list":["post-3463","page","type-page","status-publish","hentry"],"acf":[],"yoast_head":"<!-- This site is optimized with the Yoast SEO plugin v23.6 - https:\/\/yoast.com\/wordpress\/plugins\/seo\/ -->\n<title>\ud83c\udfb0 Paripesa B\u00e9nin \u2013 Paris Sportifs &amp; Casino en Ligne<\/title>\n<meta name=\"description\" content=\"Paripesa B\u00e9nin, votre site de paris sportifs et casino en ligne avec cotes comp\u00e9titives et bonus exclusifs.\" \/>\n<meta name=\"robots\" content=\"index, follow, max-snippet:-1, max-image-preview:large, max-video-preview:-1\" \/>\n<meta property=\"og:locale\" content=\"fr_FR\" \/>\n<meta property=\"og:type\" content=\"article\" \/>\n<meta property=\"og:url\" content=\"https:\/\/africa-paripesa.com\/\" \/>\n<meta property=\"og:site_name\" content=\"paripesa\" \/>\n<meta property=\"article:modified_time\" content=\"2026-01-18T23:12:07+00:00\" \/>\n<meta property=\"og:image\" content=\"https:\/\/africa-paripesa.com\/wp-content\/uploads\/2025\/07\/main.webp\" \/>\n<meta name=\"twitter:card\" content=\"summary_large_image\" \/>\n<meta name=\"twitter:label1\" content=\"Est. reading time\" \/>\n\t<meta name=\"twitter:data1\" content=\"7 minutes\" \/>\n<!-- \/ Yoast SEO plugin. -->","yoast_head_json":{"title":"\ud83c\udfb0 Paripesa B\u00e9nin \u2013 Paris Sportifs & Casino en Ligne","description":"Paripesa B\u00e9nin, votre site de paris sportifs et casino en ligne avec cotes comp\u00e9titives et bonus exclusifs.","robots":{"index":"index","follow":"follow","max-snippet":"max-snippet:-1","max-image-preview":"max-image-preview:large","max-video-preview":"max-video-preview:-1"},"og_locale":"fr_FR","og_type":"article","og_url":"https:\/\/africa-paripesa.com\/","og_site_name":"paripesa","article_modified_time":"2026-01-18T23:12:07+00:00","og_image":[{"url":"https:\/\/africa-paripesa.com\/wp-content\/uploads\/2025\/07\/main.webp"}],"twitter_card":"summary_large_image","twitter_misc":{"Est. reading time":"7 minutes"},"schema":{"@context":"https:\/\/schema.org","@graph":[{"@type":"WebPage","@id":"https:\/\/africa-paripesa.com\/","url":"https:\/\/africa-paripesa.com\/","name":"\ud83c\udfb0 Paripesa B\u00e9nin \u2013 Paris Sportifs & Casino en Ligne","isPartOf":{"@id":"https:\/\/africa-paripesa.com\/#website"},"primaryImageOfPage":{"@id":"https:\/\/africa-paripesa.com\/#primaryimage"},"image":{"@id":"https:\/\/africa-paripesa.com\/#primaryimage"},"thumbnailUrl":"https:\/\/africa-paripesa.com\/wp-content\/uploads\/2025\/07\/main.webp","datePublished":"2024-10-14T15:00:39+00:00","dateModified":"2026-01-18T23:12:07+00:00","description":"Paripesa B\u00e9nin, votre site de paris sportifs et casino en ligne avec cotes comp\u00e9titives et bonus exclusifs.","breadcrumb":{"@id":"https:\/\/africa-paripesa.com\/#breadcrumb"},"inLanguage":"fr-BJ","potentialAction":[{"@type":"ReadAction","target":["https:\/\/africa-paripesa.com\/"]}]},{"@type":"ImageObject","inLanguage":"fr-BJ","@id":"https:\/\/africa-paripesa.com\/#primaryimage","url":"https:\/\/africa-paripesa.com\/wp-content\/uploads\/2025\/07\/main.webp","contentUrl":"https:\/\/africa-paripesa.com\/wp-content\/uploads\/2025\/07\/main.webp"},{"@type":"BreadcrumbList","@id":"https:\/\/africa-paripesa.com\/#breadcrumb","itemListElement":[{"@type":"ListItem","position":1,"name":"Paripesa","item":"https:\/\/africa-paripesa.com\/"},{"@type":"ListItem","position":2,"name":"Sample Page &#8211; paripesa"}]},{"@type":"WebSite","@id":"https:\/\/africa-paripesa.com\/#website","url":"https:\/\/africa-paripesa.com\/","name":"paripesa","description":"","potentialAction":[{"@type":"SearchAction","target":{"@type":"EntryPoint","urlTemplate":"https:\/\/africa-paripesa.com\/?s={search_term_string}"},"query-input":{"@type":"PropertyValueSpecification","valueRequired":true,"valueName":"search_term_string"}}],"inLanguage":"fr-BJ"}]}},"_links":{"self":[{"href":"https:\/\/africa-paripesa.com\/fr-bj\/wp-json\/wp\/v2\/pages\/3463","targetHints":{"allow":["GET"]}}],"collection":[{"href":"https:\/\/africa-paripesa.com\/fr-bj\/wp-json\/wp\/v2\/pages"}],"about":[{"href":"https:\/\/africa-paripesa.com\/fr-bj\/wp-json\/wp\/v2\/types\/page"}],"author":[{"embeddable":true,"href":"https:\/\/africa-paripesa.com\/fr-bj\/wp-json\/wp\/v2\/users\/1"}],"replies":[{"embeddable":true,"href":"https:\/\/africa-paripesa.com\/fr-bj\/wp-json\/wp\/v2\/comments?post=3463"}],"version-history":[{"count":13,"href":"https:\/\/africa-paripesa.com\/fr-bj\/wp-json\/wp\/v2\/pages\/3463\/revisions"}],"predecessor-version":[{"id":7765,"href":"https:\/\/africa-paripesa.com\/fr-bj\/wp-json\/wp\/v2\/pages\/3463\/revisions\/7765"}],"wp:attachment":[{"href":"https:\/\/africa-paripesa.com\/fr-bj\/wp-json\/wp\/v2\/media?parent=3463"}],"curies":[{"name":"wp","href":"https:\/\/api.w.org\/{rel}","templated":true}]}}