{"id":3835,"date":"2025-07-17T20:40:48","date_gmt":"2025-07-17T20:40:48","guid":{"rendered":"https:\/\/africa-paripesa.com\/?page_id=3835"},"modified":"2026-03-04T15:53:21","modified_gmt":"2026-03-04T15:53:21","slug":"bonus","status":"publish","type":"page","link":"https:\/\/africa-paripesa.com\/fr-bj\/bonus\/","title":{"rendered":"Bonus"},"content":{"rendered":"<h1><b>\ud83c\udf81\u00a0 PariPesa Bonus B\u00e9nin \u2013 profitez d\u00e8s aujourd&#8217;hui de bonus exceptionnels !<\/b><\/h1>\n<p><span style=\"font-weight: 400;\">Au B\u00e9nin, le march\u00e9 des jeux en ligne est en pleine progression, et <\/span>PariPesa Bonus<span style=\"font-weight: 400;\"> semble \u00eatre le meilleur choix pour 2025 avec ses propositions attrayantes et une constante \u00e9volution. Gr\u00e2ce \u00e0 la diffusion massive des smartphones et \u00e0 l&#8217;am\u00e9lioration de l&#8217;acc\u00e8s \u00e0 Internet, ce secteur conna\u00eet une croissance fulgurante, ceci depuis que l&#8217;int\u00e9r\u00eat pour les sports \u00e9trangers est de plus en plus grand. R\u00e9jouissez d\u2019une interface tr\u00e8s ergonomique.<\/span><\/p>\n<div style=\"background-color: darkcyan; box-shadow: inset 0 0 10px 3px rgb(247 247 247 \/ 60%), 0 0 10px 3px #ccc0b5 !important;\">\n<ul>\n<li style=\"list-style-type: none;\">\n<ul>\n<li><a href=\"#meilleures\">\ud83d\ude80\u00a0 Meilleures offres Paripesa Bonus disponibles en 2026<\/a><\/li>\n<li><a href=\"#r\u00e9compenses\">\ud83d\udc51 R\u00e9compenses exclusives pour les joueurs b\u00e9ninois en ligne<\/a><\/li>\n<li><a href=\"#promo\">\ud83c\udff7\ufe0f Paripesa Promo Code \u2013 Activez vos r\u00e9compenses exclusives<\/a><\/li>\n<li><a href=\"#comment\">\ud83d\udcc8 Comment utiliser le bonus Paripesa pour maximiser vos gains au B\u00e9nin<\/a><\/li>\n<li><a href=\"#regles\">\ud83d\udcd8 Regles des bonus Paripesa : l\u2019essentiel \u00e0 savoir avant de jouer au B\u00e9nin<\/a><\/li>\n<li><a href=\"#faq\">\u2753 FAQ<\/a><\/li>\n<\/ul>\n<\/li>\n<\/ul>\n<\/div>\n<p><span style=\"font-weight: 400;\">C\u2019est sur une plateforme unique, qui permet d\u2019acc\u00e9der \u00e0 des cotes tr\u00e8s attractives, \u00e0 une multitude de jeux et \u00e0 des bonus sp\u00e9cifiques. C\u2019est d\u00e8s cette ann\u00e9e 2023 que le site s\u2019est attach\u00e9 a\u0300 parfaire sa formule et \u00e0 la mettre \u00e0 jour sans discontinuer, l\u2019usager mobile en priorit\u00e9, pour en rendre la pratique aussi conviviale que possible, alimentant, bien \u00e9videmment, dans le bon sens la fid\u00e9lisation des usagers d\u00e9j\u00e0 pr\u00e9sents.<\/span><\/p>\n<h2 id=\"meilleures\"><b>\ud83d\ude80\u00a0 Meilleures offres Paripesa Bonus disponibles en 2026<\/b><\/h2>\n<p><span style=\"font-weight: 400;\">D\u00e8s ao\u00fbt 2026, PariPesa a lanc\u00e9 un syst\u00e8me de fid\u00e9lisation innovant o\u00f9 chaque mise rapporte des points, \u00e9changeables contre des tours gratuits et un acc\u00e8s privil\u00e9gi\u00e9 aux futures fonctionnalit\u00e9s.<\/span><\/p>\n<p><span style=\"font-weight: 400;\">En 2026, PariPesa reste surement \u00e0 la t\u00eate du march\u00e9 au B\u00e9nin en proposant, de mani\u00e8re permanente, une large gamme de bonus qui s\u2019adaptent \u00e0 la typologie des joueurs.<\/span><\/p>\n<p><img loading=\"lazy\" decoding=\"async\" class=\"aligncenter wp-image-3836 size-full\" src=\"https:\/\/africa-paripesa.com\/wp-content\/uploads\/2025\/07\/bonus-e1752784440642.webp\" alt=\"Paripesa Bonus Benin\" width=\"899\" height=\"390\" srcset=\"https:\/\/africa-paripesa.com\/wp-content\/uploads\/2025\/07\/bonus-e1752784440642.webp 899w, https:\/\/africa-paripesa.com\/wp-content\/uploads\/2025\/07\/bonus-e1752784440642-300x130.webp 300w, https:\/\/africa-paripesa.com\/wp-content\/uploads\/2025\/07\/bonus-e1752784440642-768x333.webp 768w\" sizes=\"auto, (max-width: 899px) 100vw, 899px\" \/><\/p>\n<p><span style=\"font-weight: 400;\">Des offres g\u00e9n\u00e9reuses qui augmentent le capital de jeu, qui proposent des essais gratuits ou qui permettent de r\u00e9cup\u00e9rer ses mises pour valoriser chaque joueur et optimiser ses gains.<\/span><\/p>\n<h2 id=\"r\u00e9compenses\"><b>\ud83d\udc51 R\u00e9compenses exclusives pour les joueurs b\u00e9ninois en ligne<\/b><\/h2>\n<p><span style=\"font-weight: 400;\">Au B\u00e9nin, les enjeux pour les parieurs s&#8217;\u00e9tendent bien au-del\u00e0 du simple calcul de rendement. En offrant la possibilit\u00e9 de profiter d\u2019une offre de bienvenue de 100 % sur le premier d\u00e9p\u00f4t dans la limite de 100 \u20ac ainsi que de 100 tours gratuits, on note \u00e0 l\u2019issue du premier d\u00e9p\u00f4t, un bonus d\u2019inscription substantiel du fait qu\u2019il peut aussi \u00eatre propos\u00e9 avec des paris non remboursables, souvent activables en application d\u2019un code promo un tant soit peu explicite et clair.<\/span><\/p>\n<p><span style=\"font-weight: 400;\">Obtenez un bonus de bienvenue pouvant atteindre 50 % de votre mise initiale. De plus, les demandes de remboursement hebdomadaires, bas\u00e9es sur les pertes nettes, sont approuv\u00e9es, et des paris gratuits pour des \u00e9v\u00e9nements tels que l&#8217;UFC peuvent \u00eatre propos\u00e9s ponctuellement.<\/span><\/p>\n<h3><b>\u2705 \u00c9tapes faciles pour activer vos avantages joueurs au B\u00e9nin<\/b><\/h3>\n<p>Pour b\u00e9n\u00e9ficier de vos avantages, connectez-vous et suivez les instructions.<\/p>\n<p>Vos bonus seront instantan\u00e9ment actifs apr\u00e8s votre d\u00e9p\u00f4t ou l&#8217;utilisation d&#8217;un code promotionnel<\/p>\n<h3>\ud83d\udcdc Tout savoir sur la liste compl\u00e8te des bonus disponibles sur Paripesa Bonus<\/h3>\n<p>La gamme compl\u00e8te des avantages Paripesa Bonus <span style=\"font-weight: 400;\">est extr\u00eamement vari\u00e9e et s\u2019adresse \u00e0 tous les types de joueurs. Chaque semaine, les parieurs peuvent profiter d\u2019un cashback de 3% sur leurs paris sportifs ainsi que de bonus sur d\u00e9p\u00f4t tels que le bonus de 50 % le lundi et celui de +50 % sur le second d\u00e9p\u00f4t.<\/span><\/p>\n<p><img loading=\"lazy\" decoding=\"async\" class=\"aligncenter size-full wp-image-3847\" src=\"https:\/\/africa-paripesa.com\/wp-content\/uploads\/2025\/07\/dep.webp\" alt=\"First Dep Paripesa Bonus\" width=\"899\" height=\"401\" srcset=\"https:\/\/africa-paripesa.com\/wp-content\/uploads\/2025\/07\/dep.webp 899w, https:\/\/africa-paripesa.com\/wp-content\/uploads\/2025\/07\/dep-300x134.webp 300w, https:\/\/africa-paripesa.com\/wp-content\/uploads\/2025\/07\/dep-768x343.webp 768w\" sizes=\"auto, (max-width: 899px) 100vw, 899px\" \/><\/p>\n<p><span style=\"font-weight: 400;\">Le Club VIP PARIPESA vous r\u00e9serve des offres privil\u00e9gi\u00e9es et des cadeaux pour votre anniversaire! D\u00e9couvrez aussi le Bonus Booster et le Bonus Express, les Multiplicateurs, le Bonus pour une s\u00e9rie de paris perdants et le Marathon des paris, le tout au sein d\u2019une Boutique de codes promotionnels chez PariPesa, l\u2019offre Samedi Turbo, la vente de coupons, le Parrainage, le pack de bienvenue. La loyaut\u00e9 des joueurs est par ailleurs honor\u00e9e gr\u00e2ce au cashback VIP Casino et au Pouvoir de fid\u00e9lit\u00e9. Enfin, les amateurs de casino peuvent b\u00e9n\u00e9ficier de bonus th\u00e9matiques tels que le Joyeux jeudi Casino, les V\u0153ux d\u2019anniversaire du Casino, 60 tours gratuits sur le jeu Aviator du vendredi, et le Boost Casino du samedi.<\/span><\/p>\n<h2 id=\"promo\"><b>\ud83c\udff7\ufe0f Paripesa Promo Code \u2013 Activez vos r\u00e9compenses exclusives<\/b><\/h2>\n<p><span style=\"font-weight: 400;\">Les codes promotionnels Paripesa sont une aubaine pour accro\u00eetre vos profits. \u00c0 l\u2019horizon 2026, plusieurs codes sont mis \u00e0 disposition des parieurs b\u00e9ninois pour acc\u00e9der aux bonus et promotions.<\/span><\/p>\n<p><img loading=\"lazy\" decoding=\"async\" class=\"aligncenter size-full wp-image-3858\" src=\"https:\/\/africa-paripesa.com\/wp-content\/uploads\/2025\/07\/\u0421\u043d\u0438\u043c\u043e\u043a-\u044d\u043a\u0440\u0430\u043d\u0430-2025-07-17-\u0432-22.37.00.png\" alt=\"Paripesa Promo Code\" width=\"2932\" height=\"1302\" srcset=\"https:\/\/africa-paripesa.com\/wp-content\/uploads\/2025\/07\/\u0421\u043d\u0438\u043c\u043e\u043a-\u044d\u043a\u0440\u0430\u043d\u0430-2025-07-17-\u0432-22.37.00.png 2932w, https:\/\/africa-paripesa.com\/wp-content\/uploads\/2025\/07\/\u0421\u043d\u0438\u043c\u043e\u043a-\u044d\u043a\u0440\u0430\u043d\u0430-2025-07-17-\u0432-22.37.00-300x133.png 300w, https:\/\/africa-paripesa.com\/wp-content\/uploads\/2025\/07\/\u0421\u043d\u0438\u043c\u043e\u043a-\u044d\u043a\u0440\u0430\u043d\u0430-2025-07-17-\u0432-22.37.00-1024x455.png 1024w, https:\/\/africa-paripesa.com\/wp-content\/uploads\/2025\/07\/\u0421\u043d\u0438\u043c\u043e\u043a-\u044d\u043a\u0440\u0430\u043d\u0430-2025-07-17-\u0432-22.37.00-768x341.png 768w, https:\/\/africa-paripesa.com\/wp-content\/uploads\/2025\/07\/\u0421\u043d\u0438\u043c\u043e\u043a-\u044d\u043a\u0440\u0430\u043d\u0430-2025-07-17-\u0432-22.37.00-1536x682.png 1536w, https:\/\/africa-paripesa.com\/wp-content\/uploads\/2025\/07\/\u0421\u043d\u0438\u043c\u043e\u043a-\u044d\u043a\u0440\u0430\u043d\u0430-2025-07-17-\u0432-22.37.00-2048x909.png 2048w\" sizes=\"auto, (max-width: 2932px) 100vw, 2932px\" \/><\/p>\n<p><span style=\"font-weight: 400;\">Pour les activer, il faut les renseigner dans la zone ad\u00e9quate de votre compte ou \u00e0 l\u2019occasion d\u2019un d\u00e9p\u00f4t, si vous avez v\u00e9rifi\u00e9 qu\u2019ils sont valides ou que vous y remplissez les conditions. Utiliser en particulier le code PPGOAL permet d\u2019obtenir un cashback de 3% sur les paris perdants.<\/span><\/p>\n<h2 id=\"comment\"><b>\ud83d\udcc8 Comment utiliser le bonus Paripesa pour maximiser vos gains au B\u00e9nin<\/b><\/h2>\n<p><span style=\"font-weight: 400;\">Pour optimiser vos b\u00e9n\u00e9fices, la ma\u00eetrise du bonus Paripesa est un atout majeur. Tous les bonus sont assortis de conditions \u00e0 remplir sous forme de mise, au nombre de fois qu\u2019il faut jouer le montant avant le retrait.<\/span><\/p>\n<p><span style=\"font-weight: 400;\">Il vous est conseill\u00e9 d\u2019opter pour des jeux \u00e0 gros RTP, et d\u2019y faire des paris en petites mises, tant pour laver votre bankroll que pour remplir vos conditions de mise. Toujours consulter les T et C avant activation des bonus est un imp\u00e9ratif.<\/span><\/p>\n<h2 id=\"regles\"><b>\ud83d\udcd8 Regles des bonus Paripesa : l\u2019essentiel \u00e0 savoir avant de jouer au B\u00e9nin<\/b><\/h2>\n<p><span style=\"font-weight: 400;\">Le principe fondamental est celui des conditions de mise, ou \u00ab wagering requirements \u00bb. C\u2019est combien de mises avec le bonus vous devez placer avant que vos gains puissent \u00eatre retir\u00e9s.\u00a0<\/span><\/p>\n<table>\n<thead style=\"background-color: #f2f2f2;\">\n<tr>\n<th>\ud83c\udfb2 Type de Bonus<\/th>\n<th>\ud83d\udd01 Exigence de Mise (Wagering)<\/th>\n<th>\ud83d\udccc Remarques Importantes<\/th>\n<\/tr>\n<\/thead>\n<tbody>\n<tr>\n<td>Bonus de bienvenue<\/td>\n<td>5x \u00e0 10x<\/td>\n<td>D\u00e9pend du montant du d\u00e9p\u00f4t initial. V\u00e9rifiez les jeux autoris\u00e9s pour l\u2019activation.<\/td>\n<\/tr>\n<tr>\n<td>Bonus de d\u00e9p\u00f4t<\/td>\n<td>3x \u00e0 8x<\/td>\n<td>Peut varier selon les jours (ex: Lundi +50%).<\/td>\n<\/tr>\n<tr>\n<td>Tours gratuits<\/td>\n<td>Gains soumis \u00e0 10x<\/td>\n<td>Les gains issus des free spins doivent \u00eatre rejou\u00e9s avant retrait.<\/td>\n<\/tr>\n<tr>\n<td>Cashback<\/td>\n<td>Souvent sans mise<\/td>\n<td>Certains cashbacks peuvent \u00eatre cr\u00e9dit\u00e9s sans conditions de mise.<\/td>\n<\/tr>\n<tr>\n<td>Paris gratuits (freebets)<\/td>\n<td>1x ou requis sur cote min.<\/td>\n<td>Valables uniquement sur certains \u00e9v\u00e9nements ou cotes minimales (ex: 1.5+).<\/td>\n<\/tr>\n<tr>\n<td>Bonus de s\u00e9rie perdante<\/td>\n<td>3x \u00e0 5x<\/td>\n<td>Applicable uniquement apr\u00e8s une s\u00e9rie sp\u00e9cifique de pertes cons\u00e9cutives.<\/td>\n<\/tr>\n<tr>\n<td>Bonus Casino<\/td>\n<td>30x \u00e0 50x<\/td>\n<td>Plus \u00e9lev\u00e9 que les bonus sportifs. V\u00e9rifiez les jeux \u00e9ligibles au wagering.<\/td>\n<\/tr>\n<\/tbody>\n<\/table>\n<p><span style=\"font-weight: 400;\">Chaque bonus a son propre niveau de mise. Il est donc primordial de conna\u00eetre les conditions sp\u00e9cifiques de chaque jeu pour s\u2019assurer tout au long du processus du respect des r\u00e8gles de celui-ci et du bon d\u00e9roul\u00e9 agr\u00e9able du moment ludique.<\/span><\/p>\n<h2 id=\"faq\"><b>\u2753 FAQ<\/b><\/h2>\n<h3><b>Quel type d\u2019offres les nouveaux joueurs peuvent-ils observer chez PariPesa B\u00e9nin ?<\/b><\/h3>\n<p><span style=\"font-weight: 400;\">Vous y d\u00e9nicherez d&#8217;attrayantes aubaines, telles que des primes de bienvenue ou des paris couverts.<\/span><\/p>\n<h3><b>Quelles sont les promotions accord\u00e9es aux utilisateurs fid\u00e8les chez PariPesa B\u00e9nin ? <\/b><\/h3>\n<p><span style=\"font-weight: 400;\">Du cashback, un programme de fid\u00e9lit\u00e9 2026, et des promotions. D\u00e9couvrez des avantages exclusifs.<\/span><\/p>\n<h3><b>Qu\u2019entend-on par coefficient de mise (wagering requirement) ? <\/b><\/h3>\n<p><span style=\"font-weight: 400;\">C\u2019est multiplier un montant offert sur le bonus pour souhait effectuer un retrait.<\/span><\/p>\n<h3><b>Comment choisir un bonus ?<\/b><\/h3>\n<p><span style=\"font-weight: 400;\">Lire bien les conditions et choisir les jeux avec le moins de mises possibles et celui avec le RTP le plus \u00e9lev\u00e9 pour se faire plaisir.<\/span><\/p>\n<p>&nbsp;<\/p>\n","protected":false},"excerpt":{"rendered":"<p>\ud83c\udf81\u00a0 PariPesa Bonus B\u00e9nin \u2013 profitez d\u00e8s aujourd&#8217;hui de bonus exceptionnels ! Au B\u00e9nin, le march\u00e9 des jeux en ligne est en pleine progression, et PariPesa Bonus semble \u00eatre le meilleur choix pour 2025 avec ses propositions attrayantes et une constante \u00e9volution. Gr\u00e2ce \u00e0 la diffusion massive des smartphones et \u00e0 l&#8217;am\u00e9lioration de l&#8217;acc\u00e8s \u00e0 [&hellip;]<\/p>\n","protected":false},"author":1,"featured_media":0,"parent":0,"menu_order":0,"comment_status":"closed","ping_status":"closed","template":"","meta":{"_sitemap_exclude":false,"_sitemap_priority":"","_sitemap_frequency":"","footnotes":""},"class_list":["post-3835","page","type-page","status-publish","hentry"],"acf":[],"yoast_head":"<!-- This site is optimized with the Yoast SEO plugin v23.6 - https:\/\/yoast.com\/wordpress\/plugins\/seo\/ -->\n<title>\ud83c\udf81 PariPesa Bonus B\u00e9nin 2026 \u2013 Offres &amp; R\u00e9compenses<\/title>\n<meta name=\"description\" content=\"Profitez des meilleurs bonus chez PariPesa B\u00e9nin en 2026: bonus de bienvenue, cashback, freebets, tours gratuits et offres VIP.\" \/>\n<meta name=\"robots\" content=\"index, follow, max-snippet:-1, max-image-preview:large, max-video-preview:-1\" \/>\n<meta property=\"og:locale\" content=\"fr_FR\" \/>\n<meta property=\"og:type\" content=\"article\" \/>\n<meta property=\"og:url\" content=\"https:\/\/africa-paripesa.com\/fr-bj\/bonus\/\" \/>\n<meta property=\"og:site_name\" content=\"paripesa\" \/>\n<meta property=\"article:modified_time\" content=\"2026-03-04T15:53:21+00:00\" \/>\n<meta property=\"og:image\" content=\"https:\/\/africa-paripesa.com\/wp-content\/uploads\/2025\/07\/bonus-e1752784440642.webp\" \/>\n\t<meta property=\"og:image:width\" content=\"899\" \/>\n\t<meta property=\"og:image:height\" content=\"390\" \/>\n\t<meta property=\"og:image:type\" content=\"image\/webp\" \/>\n<meta name=\"twitter:card\" content=\"summary_large_image\" \/>\n<meta name=\"twitter:label1\" content=\"Est. reading time\" \/>\n\t<meta name=\"twitter:data1\" content=\"6 minutes\" \/>\n<!-- \/ Yoast SEO plugin. -->","yoast_head_json":{"title":"\ud83c\udf81 PariPesa Bonus B\u00e9nin 2026 \u2013 Offres & R\u00e9compenses","description":"Profitez des meilleurs bonus chez PariPesa B\u00e9nin en 2026: bonus de bienvenue, cashback, freebets, tours gratuits et offres VIP.","robots":{"index":"index","follow":"follow","max-snippet":"max-snippet:-1","max-image-preview":"max-image-preview:large","max-video-preview":"max-video-preview:-1"},"og_locale":"fr_FR","og_type":"article","og_url":"https:\/\/africa-paripesa.com\/fr-bj\/bonus\/","og_site_name":"paripesa","article_modified_time":"2026-03-04T15:53:21+00:00","og_image":[{"width":899,"height":390,"url":"https:\/\/africa-paripesa.com\/wp-content\/uploads\/2025\/07\/bonus-e1752784440642.webp","type":"image\/webp"}],"twitter_card":"summary_large_image","twitter_misc":{"Est. reading time":"6 minutes"},"schema":{"@context":"https:\/\/schema.org","@graph":[{"@type":"WebPage","@id":"https:\/\/africa-paripesa.com\/fr-bj\/bonus\/","url":"https:\/\/africa-paripesa.com\/fr-bj\/bonus\/","name":"\ud83c\udf81 PariPesa Bonus B\u00e9nin 2026 \u2013 Offres & R\u00e9compenses","isPartOf":{"@id":"https:\/\/africa-paripesa.com\/#website"},"primaryImageOfPage":{"@id":"https:\/\/africa-paripesa.com\/fr-bj\/bonus\/#primaryimage"},"image":{"@id":"https:\/\/africa-paripesa.com\/fr-bj\/bonus\/#primaryimage"},"thumbnailUrl":"https:\/\/africa-paripesa.com\/wp-content\/uploads\/2025\/07\/bonus-e1752784440642.webp","datePublished":"2025-07-17T20:40:48+00:00","dateModified":"2026-03-04T15:53:21+00:00","description":"Profitez des meilleurs bonus chez PariPesa B\u00e9nin en 2026: bonus de bienvenue, cashback, freebets, tours gratuits et offres VIP.","breadcrumb":{"@id":"https:\/\/africa-paripesa.com\/fr-bj\/bonus\/#breadcrumb"},"inLanguage":"fr-BJ","potentialAction":[{"@type":"ReadAction","target":["https:\/\/africa-paripesa.com\/fr-bj\/bonus\/"]}]},{"@type":"ImageObject","inLanguage":"fr-BJ","@id":"https:\/\/africa-paripesa.com\/fr-bj\/bonus\/#primaryimage","url":"https:\/\/africa-paripesa.com\/wp-content\/uploads\/2025\/07\/bonus-e1752784440642.webp","contentUrl":"https:\/\/africa-paripesa.com\/wp-content\/uploads\/2025\/07\/bonus-e1752784440642.webp"},{"@type":"BreadcrumbList","@id":"https:\/\/africa-paripesa.com\/fr-bj\/bonus\/#breadcrumb","itemListElement":[{"@type":"ListItem","position":1,"name":"Paripesa","item":"https:\/\/africa-paripesa.com\/"},{"@type":"ListItem","position":2,"name":"Bonus"}]},{"@type":"WebSite","@id":"https:\/\/africa-paripesa.com\/#website","url":"https:\/\/africa-paripesa.com\/","name":"paripesa","description":"","potentialAction":[{"@type":"SearchAction","target":{"@type":"EntryPoint","urlTemplate":"https:\/\/africa-paripesa.com\/?s={search_term_string}"},"query-input":{"@type":"PropertyValueSpecification","valueRequired":true,"valueName":"search_term_string"}}],"inLanguage":"fr-BJ"}]}},"_links":{"self":[{"href":"https:\/\/africa-paripesa.com\/fr-bj\/wp-json\/wp\/v2\/pages\/3835","targetHints":{"allow":["GET"]}}],"collection":[{"href":"https:\/\/africa-paripesa.com\/fr-bj\/wp-json\/wp\/v2\/pages"}],"about":[{"href":"https:\/\/africa-paripesa.com\/fr-bj\/wp-json\/wp\/v2\/types\/page"}],"author":[{"embeddable":true,"href":"https:\/\/africa-paripesa.com\/fr-bj\/wp-json\/wp\/v2\/users\/1"}],"replies":[{"embeddable":true,"href":"https:\/\/africa-paripesa.com\/fr-bj\/wp-json\/wp\/v2\/comments?post=3835"}],"version-history":[{"count":10,"href":"https:\/\/africa-paripesa.com\/fr-bj\/wp-json\/wp\/v2\/pages\/3835\/revisions"}],"predecessor-version":[{"id":8136,"href":"https:\/\/africa-paripesa.com\/fr-bj\/wp-json\/wp\/v2\/pages\/3835\/revisions\/8136"}],"wp:attachment":[{"href":"https:\/\/africa-paripesa.com\/fr-bj\/wp-json\/wp\/v2\/media?parent=3835"}],"curies":[{"name":"wp","href":"https:\/\/api.w.org\/{rel}","templated":true}]}}