{"id":5573,"date":"2025-08-13T10:51:17","date_gmt":"2025-08-13T10:51:17","guid":{"rendered":"https:\/\/africa-paripesa.com\/app-2\/"},"modified":"2025-10-17T18:49:48","modified_gmt":"2025-10-17T18:49:48","slug":"app-2","status":"publish","type":"page","link":"https:\/\/africa-paripesa.com\/fr-bj\/app-2\/","title":{"rendered":"APP"},"content":{"rendered":"<h1><b>\ud83d\udcf1 Paripesa App Benin \u2013 Votre Passerelle Vers Les Paris Sportifs Sur Mobile<\/b><\/h1>\n<p><span style=\"font-weight: 400;\">Cette application mobile est vite devenue le compagnon indispensable pour les parieurs b\u00e9ninois, leur permettant d\u2019acc\u00e9der \u00e0 tous leurs jeux et paris directement depuis leurs appareils. \u00c9picentre de la r\u00e9volution des paris sportifs, elle a compl\u00e8tement transform\u00e9 la mani\u00e8re d&#8217;approcher le pari, le rendant plus accessible et plus captivant qu&#8217;auparavant.<\/span><\/p>\n<div style=\"background-color: darkcyan; box-shadow: inset 0 0 10px 3px rgb(247 247 247 \/ 60%), 0 0 10px 3px #ccc0b5 !important;\">\n<ul>\n<li><a href=\"#pourquoi\">\ud83c\udfaf Pourquoi Choisir La Paripesa App Pour Vos Paris Au Benin ?<\/a><\/li>\n<li><a href=\"#beninois\">\ud83d\udcca Ce Que Les Parieurs Beninois Utilisent Chaque Jour\/a&gt;<\/a><\/li>\n<li><a href=\"#comment\">\ud83d\udcf2 Comment Utiliser La Paripesa App Sur N&#8217;importe Quel Appareil<\/a><\/li>\n<li><a href=\"#app\">\u2b07\ufe0f Paripesa App Download Benin \u2013 Et Pariez En Mobilit\u00e9 !<\/a><\/li>\n<li><a href=\"#installation\">\ud83d\udd12\u00a0 Installation De L\u2019application Mobile Facile Et S\u00e9curis\u00e9e<\/a><\/li>\n<li><a href=\"#download\">\ud83d\udce5 Download Paripesa App APK for Android: \u00c9tapes Claires<\/a><\/li>\n<li><a href=\"#t\u00e9l\u00e9chargez\">\ud83c\udf4f Paripesa App Download iOS \u2013 T\u00e9l\u00e9chargez Sur Votre Apple<\/a><\/li>\n<li><a href=\"#l'application\">\ud83c\uddeb\ud83c\uddf7 Paripesa APK &#8211; T\u00e9l\u00e9charger Version fran\u00e7aise de l&#8217;application<\/a><\/li>\n<li><a href=\"#faq\">\u2753FAQ<\/a><\/li>\n<\/ul>\n<\/div>\n<p><span style=\"font-weight: 400;\">C\u2019est l\u2019application mobile qui pr\u00e9sente toutes les fonctionnalit\u00e9s d\u2019une plateforme optimis\u00e9e : paris sportifs, jeux de casino et gestion de son compte en toute s\u00e9curit\u00e9.<\/span><\/p>\n<h2 id=\"pourquoi\"><b>\ud83c\udfaf Pourquoi Choisir La Paripesa App Pour Vos Paris Au Benin ?<\/b><\/h2>\n<p>Choisir Paripesa App<span style=\"font-weight: 400;\">, c&#8217;est opter pour une solution taill\u00e9e sur mesure pour le B\u00e9nin. Son fonctionnement ne requiert pas une connexion internet ultra rapide. Sa l\u00e9g\u00e8ret\u00e9 et sa rapidit\u00e9 permettent une navigation fluide ainsi qu\u2019un acc\u00e8s rapide \u00e0 la cote et aux r\u00e9sultats.<\/span><\/p>\n<p><img loading=\"lazy\" decoding=\"async\" class=\"aligncenter size-full wp-image-3745\" src=\"https:\/\/africa-paripesa.com\/wp-content\/uploads\/2025\/07\/Download-app.webp\" alt=\"Paripesa App\" width=\"899\" height=\"374\" srcset=\"https:\/\/africa-paripesa.com\/wp-content\/uploads\/2025\/07\/Download-app.webp 899w, https:\/\/africa-paripesa.com\/wp-content\/uploads\/2025\/07\/Download-app-300x125.webp 300w, https:\/\/africa-paripesa.com\/wp-content\/uploads\/2025\/07\/Download-app-768x320.webp 768w\" sizes=\"auto, (max-width: 899px) 100vw, 899px\" \/><\/p>\n<p><span style=\"font-weight: 400;\">L\u2019application a \u00e9t\u00e9 con\u00e7ue de mani\u00e8re intuitive pour retrouver ais\u00e9ment le ou les sports pr\u00e9f\u00e9r\u00e9s et pour les cotes comp\u00e9titives. C\u2019est une application personnalisable, avec notifications de matchs et promotions qui s\u2019adaptent \u00e0 son utilisateur qui cherche du confort et de la convivialit\u00e9 pour parier.<\/span><\/p>\n<h2 id=\"beninois\"><b>\ud83d\udcca Ce Que Les Parieurs Beninois Utilisent Chaque Jour<\/b><\/h2>\n<p><span style=\"font-weight: 400;\">Pour acc\u00e9der ais\u00e9ment quotidiennement \u00e0 l\u2019ensemble des \u00e9v\u00e9nements sportifs, organismes, internationaux ou pas, les parieurs b\u00e9ninois utilisent cette solution mobile qui permet d\u2019avoir acc\u00e8s \u00e0 tous les \u00e9l\u00e9ments d\u2019information pour analyser les paris sportifs (s&#8217;appuyer sur les statistiques de la comp\u00e9tition, actualis\u00e9es en direct, afin de prendre des d\u00e9cisions \u00e9clair\u00e9es).<\/span><\/p>\n<p><span style=\"font-weight: 400;\">L\u2019application donne \u00e9galement acc\u00e8s \u00e0 tous les jeux de casino (jeux de table, machines \u00e0 sous, croupiers en live). G\u00e9rer son compte est simple, tout comme faire des d\u00e9p\u00f4ts et retraits en toute s\u00e9curit\u00e9 via les moyens de paiement locaux, et obtenir les bonus offerts tr\u00e8s facilement via notifications.<\/span><\/p>\n<h2 id=\"comment\"><b>\ud83d\udcf2 Comment Utiliser La Paripesa App Sur N&#8217;importe Quel Appareil<\/b><\/h2>\n<p><span style=\"font-weight: 400;\">Utiliser l\u2019application est chose facile. Les utilisateurs Android t\u00e9l\u00e9chargent l\u2019APK sur le site officiel, les utilisateurs Apple l\u2019ont dans l\u2019App Store.<\/span><\/p>\n<p><span style=\"font-weight: 400;\">La connexion est rapide apr\u00e8s installation, l\u2019interface \u00e9tant adapt\u00e9e \u00e0 tous les \u00e9crans, avec une fa\u00e7on biom\u00e9trique (mettant le lecteur en fonction en 2024) encore plus rapide et s\u00e9curis\u00e9e.<\/span><\/p>\n<h2 id=\"app\"><b>\u2b07\ufe0f Paripesa App Download Benin \u2013 Et Pariez En Mobilit\u00e9 !<\/b><\/h2>\n<p><span style=\"font-weight: 400;\">Pour t\u00e9l\u00e9charger l\u2019application Paripesa, il suffit de quelques minutes et aucune comp\u00e9tence technique n\u2019est n\u00e9cessaire, de sorte que les joueurs sont vite op\u00e9rationnels sous Android comme iOS.<\/span><\/p>\n<table>\n<thead>\n<tr>\n<th>\u00c9l\u00e9ment<\/th>\n<th>D\u00e9tail<\/th>\n<\/tr>\n<\/thead>\n<tbody>\n<tr>\n<td>\u23f1\ufe0f Temps d\u2019installation<\/td>\n<td>Quelques minutes suffisent<\/td>\n<\/tr>\n<tr>\n<td>\ud83e\udde0 Comp\u00e9tences requises<\/td>\n<td>Aucune comp\u00e9tence technique n\u00e9cessaire<\/td>\n<\/tr>\n<tr>\n<td>\ud83d\udcf1 Compatibilit\u00e9<\/td>\n<td>Android et iOS<\/td>\n<\/tr>\n<tr>\n<td>\ud83c\udfaf Fonctionnalit\u00e9s disponibles<\/td>\n<td>\n<ul>\n<li>Paris sportifs<\/li>\n<li>Jeux de casino<\/li>\n<li>Gestion des fonds<\/li>\n<li>Gestion des bonus<\/li>\n<\/ul>\n<\/td>\n<\/tr>\n<tr>\n<td>\ud83c\udf0d Utilisation g\u00e9ographique<\/td>\n<td>Optimis\u00e9e pour une utilisation partout au B\u00e9nin<\/td>\n<\/tr>\n<tr>\n<td>\u2705 Avantage principal<\/td>\n<td>Simplicit\u00e9, accessibilit\u00e9 compl\u00e8te, exp\u00e9rience mobile optimis\u00e9e<\/td>\n<\/tr>\n<\/tbody>\n<\/table>\n<p><span style=\"font-weight: 400;\">En outre, une fois l\u2019application Paripesa install\u00e9e, il est possible de s\u2019adonner \u00e0 l\u2019ensemble des fonctionnalit\u00e9s offertes par le bookmaker, notamment le pari sportif, le casino, la gestion des fonds et des bonus, ce qui fait de l\u2019application mobile Paripesa du bookmaker, l\u2019atout id\u00e9al pour parier quel que soit l\u2019endroit au B\u00e9nin.<\/span><\/p>\n<h2 id=\"installation\"><b>\ud83d\udd12\u00a0 Installation De L\u2019application Mobile Facile Et S\u00e9curis\u00e9e<\/b><\/h2>\n<p><span style=\"font-weight: 400;\">L\u2019application Paripesa s\u2019installe sans effort gr\u00e2ce au t\u00e9l\u00e9chargement du fichier APK sur le site du bookmaker, m\u00eame si un t\u00e9l\u00e9chargement depuis l\u2019app store d\u2019iOS est \u00e9galement possible. Quoi qu&#8217;il en soit, il s\u2019agit de sites fiables, tout comme l\u2019est la version desktop de l\u2019application Paripesa b\u00e9n\u00e9ficiant des m\u00eames protocoles de s\u00e9curit\u00e9 pour la pr\u00e9servation des donn\u00e9es personnelles et bancaires. L\u2019application est aussi mise \u00e0 jour r\u00e9guli\u00e8rement pour des raisons de s\u00e9curit\u00e9, mais surtout pour profiter de toutes les derni\u00e8res nouveaut\u00e9s.<\/span><\/p>\n<p><span style=\"font-weight: 400;\">Le processus \u00e0 suivre est d\u2019une simplicit\u00e9 enfantine, puisqu\u2019il suffira de vous rendre sur le site officiel de Paripesa B\u00e9nin, de t\u00e9l\u00e9charger l\u2019APK, puis d\u2019\u00ab autoriser l\u2019installation depuis des sources inconnues \u00bb, pour proc\u00e9der \u00e0 une installation qui, dans le cas de l\u2019application mobile, ne prend que quelques instants et vous permet d\u2019acc\u00e9der directement et rapidement \u00e0 l\u2019ensemble des fonctions de paris sportifs et de casino optimis\u00e9es pour Android, vous permettant de parier presque instantan\u00e9ment en mobilit\u00e9.<\/span><\/p>\n<h2 id=\"download\"><b>\ud83d\udce5 Download Paripesa App APK for Android: \u00c9tapes Claires<\/b><\/h2>\n<p><span style=\"font-weight: 400;\">Vous pouvez le faire sur le site officiel. Cliquez ensuite sur &#8220;T\u00e9l\u00e9charger l&#8217;APK&#8221;. Pour finir, validez l&#8217;installation des &#8220;sources inconnues&#8221;.<\/span><\/p>\n<p><img loading=\"lazy\" decoding=\"async\" class=\"aligncenter size-full wp-image-3756\" src=\"https:\/\/africa-paripesa.com\/wp-content\/uploads\/2025\/07\/android-1.webp\" alt=\"application Android\" width=\"899\" height=\"602\" srcset=\"https:\/\/africa-paripesa.com\/wp-content\/uploads\/2025\/07\/android-1.webp 899w, https:\/\/africa-paripesa.com\/wp-content\/uploads\/2025\/07\/android-1-300x201.webp 300w, https:\/\/africa-paripesa.com\/wp-content\/uploads\/2025\/07\/android-1-768x514.webp 768w\" sizes=\"auto, (max-width: 899px) 100vw, 899px\" \/><\/p>\n<p><img loading=\"lazy\" decoding=\"async\" class=\"aligncenter size-full wp-image-3767\" src=\"https:\/\/africa-paripesa.com\/wp-content\/uploads\/2025\/07\/Android-2.webp\" alt=\"installer l'application Android\" width=\"899\" height=\"657\" srcset=\"https:\/\/africa-paripesa.com\/wp-content\/uploads\/2025\/07\/Android-2.webp 899w, https:\/\/africa-paripesa.com\/wp-content\/uploads\/2025\/07\/Android-2-300x219.webp 300w, https:\/\/africa-paripesa.com\/wp-content\/uploads\/2025\/07\/Android-2-768x561.webp 768w\" sizes=\"auto, (max-width: 899px) 100vw, 899px\" \/><\/p>\n<p><span style=\"font-weight: 400;\">L\u2019installation est rapide et permet d\u2019acc\u00e9der imm\u00e9diatement \u00e0 toutes les fonctionnalit\u00e9s de paris et de casinos optimis\u00e9es pour Android, pour parier au plus vite en mobilit\u00e9.<\/span><\/p>\n<h2 id=\"t\u00e9l\u00e9chargez\"><b>\ud83c\udf4f Paripesa App Download iOS \u2013 T\u00e9l\u00e9chargez Sur Votre Apple<\/b><\/h2>\n<p><span style=\"font-weight: 400;\">Le t\u00e9l\u00e9chargement de l&#8217;application Paripesa pour iOS est une proc\u00e9dure simple et s\u00e9curis\u00e9e, gr\u00e2ce \u00e0 l&#8217;App Store.\u00a0 Il suffit de rechercher \u00ab Paripesa \u00bb directement dans l&#8217;App Store, de t\u00e9l\u00e9charger l&#8217;application officielle, puis de l&#8217;installer.\u00a0 Apr\u00e8s avoir finalis\u00e9 l&#8217;installation, vous \u00eates pr\u00eat \u00e0 plonger dans l&#8217;univers des jeux !<\/span><\/p>\n<p><img loading=\"lazy\" decoding=\"async\" class=\"aligncenter size-full wp-image-3778\" src=\"https:\/\/africa-paripesa.com\/wp-content\/uploads\/2025\/07\/IOS-1.webp\" alt=\"installer l'application iOS\" width=\"899\" height=\"606\" srcset=\"https:\/\/africa-paripesa.com\/wp-content\/uploads\/2025\/07\/IOS-1.webp 899w, https:\/\/africa-paripesa.com\/wp-content\/uploads\/2025\/07\/IOS-1-300x202.webp 300w, https:\/\/africa-paripesa.com\/wp-content\/uploads\/2025\/07\/IOS-1-768x518.webp 768w\" sizes=\"auto, (max-width: 899px) 100vw, 899px\" \/><\/p>\n<p><img loading=\"lazy\" decoding=\"async\" class=\"aligncenter wp-image-3800\" src=\"https:\/\/africa-paripesa.com\/wp-content\/uploads\/2025\/07\/IOS-2-1.webp\" alt=\"Application iOS paripesa B\u00e9nin\" width=\"902\" height=\"636\" srcset=\"https:\/\/africa-paripesa.com\/wp-content\/uploads\/2025\/07\/IOS-2-1.webp 859w, https:\/\/africa-paripesa.com\/wp-content\/uploads\/2025\/07\/IOS-2-1-300x212.webp 300w, https:\/\/africa-paripesa.com\/wp-content\/uploads\/2025\/07\/IOS-2-1-768x542.webp 768w\" sizes=\"auto, (max-width: 902px) 100vw, 902px\" \/><\/p>\n<p><img loading=\"lazy\" decoding=\"async\" class=\"aligncenter wp-image-3811\" src=\"https:\/\/africa-paripesa.com\/wp-content\/uploads\/2025\/07\/IOS-3.webp\" alt=\"Paripesa B\u00e9nin app\" width=\"898\" height=\"663\" srcset=\"https:\/\/africa-paripesa.com\/wp-content\/uploads\/2025\/07\/IOS-3.webp 821w, https:\/\/africa-paripesa.com\/wp-content\/uploads\/2025\/07\/IOS-3-300x221.webp 300w, https:\/\/africa-paripesa.com\/wp-content\/uploads\/2025\/07\/IOS-3-768x567.webp 768w\" sizes=\"auto, (max-width: 898px) 100vw, 898px\" \/><\/p>\n<p><img loading=\"lazy\" decoding=\"async\" class=\"aligncenter wp-image-3822\" src=\"https:\/\/africa-paripesa.com\/wp-content\/uploads\/2025\/07\/IOS-4.webp\" alt=\"application t\u00e9l\u00e9phonique paripesa\" width=\"891\" height=\"711\" srcset=\"https:\/\/africa-paripesa.com\/wp-content\/uploads\/2025\/07\/IOS-4.webp 759w, https:\/\/africa-paripesa.com\/wp-content\/uploads\/2025\/07\/IOS-4-300x240.webp 300w\" sizes=\"auto, (max-width: 891px) 100vw, 891px\" \/><\/p>\n<h2 id=\"l'application\"><b>\ud83c\uddeb\ud83c\uddf7 Paripesa APK &#8211; T\u00e9l\u00e9charger Version fran\u00e7aise de l&#8217;application<\/b><\/h2>\n<p><span style=\"font-weight: 400;\">Le t\u00e9l\u00e9chargement de l\u2019APK Paripesa pour tous les utilisateurs francophones du B\u00e9nin garantit bien une version dont le contenu est enti\u00e8rement traduit, localis\u00e9 \u00e0 sa destination et \u00e0 son public, propos\u00e9 ici sur le site officiel pour permettre le t\u00e9l\u00e9chargement de la derni\u00e8re version en date.<\/span><\/p>\n<p><span style=\"font-weight: 400;\">Cette application francophone vous assurera un confort notable gr\u00e2ce \u00e0 une navigation intuitive, s&#8217;appuyant sur des menus explicites et distincts, regroupant l&#8217;ensemble des fonctionnalit\u00e9s d\u00e9di\u00e9es aux paris sportifs, au casino et \u00e0 la gestion de comptes ainsi que de support pour les demandes d\u2019assistance et de conseils. En t\u00e9l\u00e9chargeant cette application mobile, vous optez pour une exp\u00e9rience de jeux en jeu qui prend v\u00e9ritablement en consid\u00e9ration la pertinence linguistique du jeu mobile pour vous.<\/span><\/p>\n<h2 id=\"faq\"><b>\u2753FAQ<\/b><\/h2>\n<h3><b>Comment t\u00e9l\u00e9charger l\u2019application Paripesa ?<\/b><\/h3>\n<p><span style=\"font-weight: 400;\">Pour Android, utilisez le fichier <\/span>Paripesa App Download<span style=\"font-weight: 400;\"> APK for Android sur le site Internet officiel ; pour les iPhone, cherchez \u201cParipesa\u201d sur App Store. L&#8217;acc\u00e8s \u00e0 l&#8217;application peut \u00eatre restreint selon votre r\u00e9gion. Pour l&#8217;utiliser, il faut cr\u00e9er un compte <\/span>casino PariPesa et \u00eatre \u00e2g\u00e9 d&#8217;au moins 18 ans.<\/p>\n<h3><b>Est-ce que l\u2019application Paripesa est s\u00e9curis\u00e9e ?<\/b><\/h3>\n<p><span style=\"font-weight: 400;\">Oui, l\u2019application Paripesa est s\u00e9curis\u00e9e par le chiffrement et 2FA pour la s\u00e9curisation des donn\u00e9es et des transactions. Des mises \u00e0 jour sont \u00e9galement r\u00e9guli\u00e8res.<\/span><\/p>\n<h3><b>Est-ce que je peux effectuer des d\u00e9p\u00f4ts et des retraits sur l\u2019application ?<\/b><\/h3>\n<p><span style=\"font-weight: 400;\">Oui, l&#8217;ensemble des op\u00e9rations financi\u00e8res li\u00e9es \u00e0 votre compte \u2013 d\u00e9p\u00f4ts et retraits \u2013 sont int\u00e9gralement g\u00e9rables, et ce, avec la possibilit\u00e9 d&#8217;utiliser diverses m\u00e9thodes de paiement adapt\u00e9es \u00e0 votre r\u00e9gion.<\/span><\/p>\n","protected":false},"excerpt":{"rendered":"<p>\ud83d\udcf1 Paripesa App Benin \u2013 Votre Passerelle Vers Les Paris Sportifs Sur Mobile Cette application mobile est vite devenue le compagnon indispensable pour les parieurs b\u00e9ninois, leur permettant d\u2019acc\u00e9der \u00e0 tous leurs jeux et paris directement depuis leurs appareils. \u00c9picentre de la r\u00e9volution des paris sportifs, elle a compl\u00e8tement transform\u00e9 la mani\u00e8re d&#8217;approcher le pari, [&hellip;]<\/p>\n","protected":false},"author":1,"featured_media":0,"parent":0,"menu_order":0,"comment_status":"closed","ping_status":"closed","template":"","meta":{"_sitemap_exclude":false,"_sitemap_priority":"","_sitemap_frequency":"","footnotes":""},"class_list":["post-5573","page","type-page","status-publish","hentry"],"acf":[],"yoast_head":"<!-- This site is optimized with the Yoast SEO plugin v23.6 - https:\/\/yoast.com\/wordpress\/plugins\/seo\/ -->\n<title>Paripesa App Benin \u2013 Paris Sportifs \ud83d\udcf1 et Casino Mobile Facilement<\/title>\n<meta name=\"description\" content=\"T\u00e9l\u00e9chargez l\u2019app Paripesa au B\u00e9nin pour parier facilement sur mobile. Acc\u00e8s rapide aux paris sportifs, jeux de casino \ud83c\udfb2\" \/>\n<meta name=\"robots\" content=\"index, follow, max-snippet:-1, max-image-preview:large, max-video-preview:-1\" \/>\n<meta property=\"og:locale\" content=\"fr_FR\" \/>\n<meta property=\"og:type\" content=\"article\" \/>\n<meta property=\"og:url\" content=\"https:\/\/africa-paripesa.com\/fr-bj\/app-2\/\" \/>\n<meta property=\"og:site_name\" content=\"paripesa\" \/>\n<meta property=\"article:modified_time\" content=\"2025-10-17T18:49:48+00:00\" \/>\n<meta property=\"og:image\" content=\"https:\/\/africa-paripesa.com\/wp-content\/uploads\/2025\/07\/Download-app.webp\" \/>\n<meta name=\"twitter:card\" content=\"summary_large_image\" \/>\n<meta name=\"twitter:label1\" content=\"Est. reading time\" \/>\n\t<meta name=\"twitter:data1\" content=\"7 minutes\" \/>\n<!-- \/ Yoast SEO plugin. -->","yoast_head_json":{"title":"Paripesa App Benin \u2013 Paris Sportifs \ud83d\udcf1 et Casino Mobile Facilement","description":"T\u00e9l\u00e9chargez l\u2019app Paripesa au B\u00e9nin pour parier facilement sur mobile. Acc\u00e8s rapide aux paris sportifs, jeux de casino \ud83c\udfb2","robots":{"index":"index","follow":"follow","max-snippet":"max-snippet:-1","max-image-preview":"max-image-preview:large","max-video-preview":"max-video-preview:-1"},"og_locale":"fr_FR","og_type":"article","og_url":"https:\/\/africa-paripesa.com\/fr-bj\/app-2\/","og_site_name":"paripesa","article_modified_time":"2025-10-17T18:49:48+00:00","og_image":[{"url":"https:\/\/africa-paripesa.com\/wp-content\/uploads\/2025\/07\/Download-app.webp"}],"twitter_card":"summary_large_image","twitter_misc":{"Est. reading time":"7 minutes"},"schema":{"@context":"https:\/\/schema.org","@graph":[{"@type":"WebPage","@id":"https:\/\/africa-paripesa.com\/fr-bj\/app-2\/","url":"https:\/\/africa-paripesa.com\/fr-bj\/app-2\/","name":"Paripesa App Benin \u2013 Paris Sportifs \ud83d\udcf1 et Casino Mobile Facilement","isPartOf":{"@id":"https:\/\/africa-paripesa.com\/#website"},"primaryImageOfPage":{"@id":"https:\/\/africa-paripesa.com\/fr-bj\/app-2\/#primaryimage"},"image":{"@id":"https:\/\/africa-paripesa.com\/fr-bj\/app-2\/#primaryimage"},"thumbnailUrl":"https:\/\/africa-paripesa.com\/wp-content\/uploads\/2025\/07\/Download-app.webp","datePublished":"2025-08-13T10:51:17+00:00","dateModified":"2025-10-17T18:49:48+00:00","description":"T\u00e9l\u00e9chargez l\u2019app Paripesa au B\u00e9nin pour parier facilement sur mobile. Acc\u00e8s rapide aux paris sportifs, jeux de casino \ud83c\udfb2","breadcrumb":{"@id":"https:\/\/africa-paripesa.com\/fr-bj\/app-2\/#breadcrumb"},"inLanguage":"fr-BJ","potentialAction":[{"@type":"ReadAction","target":["https:\/\/africa-paripesa.com\/fr-bj\/app-2\/"]}]},{"@type":"ImageObject","inLanguage":"fr-BJ","@id":"https:\/\/africa-paripesa.com\/fr-bj\/app-2\/#primaryimage","url":"https:\/\/africa-paripesa.com\/wp-content\/uploads\/2025\/07\/Download-app.webp","contentUrl":"https:\/\/africa-paripesa.com\/wp-content\/uploads\/2025\/07\/Download-app.webp"},{"@type":"BreadcrumbList","@id":"https:\/\/africa-paripesa.com\/fr-bj\/app-2\/#breadcrumb","itemListElement":[{"@type":"ListItem","position":1,"name":"Paripesa","item":"https:\/\/africa-paripesa.com\/"},{"@type":"ListItem","position":2,"name":"APP"}]},{"@type":"WebSite","@id":"https:\/\/africa-paripesa.com\/#website","url":"https:\/\/africa-paripesa.com\/","name":"paripesa","description":"","potentialAction":[{"@type":"SearchAction","target":{"@type":"EntryPoint","urlTemplate":"https:\/\/africa-paripesa.com\/?s={search_term_string}"},"query-input":{"@type":"PropertyValueSpecification","valueRequired":true,"valueName":"search_term_string"}}],"inLanguage":"fr-BJ"}]}},"_links":{"self":[{"href":"https:\/\/africa-paripesa.com\/fr-bj\/wp-json\/wp\/v2\/pages\/5573","targetHints":{"allow":["GET"]}}],"collection":[{"href":"https:\/\/africa-paripesa.com\/fr-bj\/wp-json\/wp\/v2\/pages"}],"about":[{"href":"https:\/\/africa-paripesa.com\/fr-bj\/wp-json\/wp\/v2\/types\/page"}],"author":[{"embeddable":true,"href":"https:\/\/africa-paripesa.com\/fr-bj\/wp-json\/wp\/v2\/users\/1"}],"replies":[{"embeddable":true,"href":"https:\/\/africa-paripesa.com\/fr-bj\/wp-json\/wp\/v2\/comments?post=5573"}],"version-history":[{"count":3,"href":"https:\/\/africa-paripesa.com\/fr-bj\/wp-json\/wp\/v2\/pages\/5573\/revisions"}],"predecessor-version":[{"id":6644,"href":"https:\/\/africa-paripesa.com\/fr-bj\/wp-json\/wp\/v2\/pages\/5573\/revisions\/6644"}],"wp:attachment":[{"href":"https:\/\/africa-paripesa.com\/fr-bj\/wp-json\/wp\/v2\/media?parent=5573"}],"curies":[{"name":"wp","href":"https:\/\/api.w.org\/{rel}","templated":true}]}}