{"id":5861,"date":"2025-07-17T15:27:55","date_gmt":"2025-07-17T15:27:55","guid":{"rendered":"https:\/\/africa-paripesa.com\/casino-2\/"},"modified":"2026-03-04T15:54:13","modified_gmt":"2026-03-04T15:54:13","slug":"casino","status":"publish","type":"page","link":"https:\/\/africa-paripesa.com\/fr-bj\/casino\/","title":{"rendered":"Casino en ligne"},"content":{"rendered":"<h1><b>\ud83c\udfb0\u00a0 PariPesa Casino <\/b><span class=\"Y2IQFc\" lang=\"fr\">en ligne <\/span><b>Benin \u2013 La Meilleure Exp\u00e9rience de Casino en Ligne!<\/b><\/h1>\n<p><span style=\"font-weight: 400;\">Au B\u00e9nin, le secteur du jeu en ligne, particuli\u00e8rement les paris sportifs, conna\u00eet une croissance significative et notable. Dans ce contexte dynamique, <\/span>PariPesa Casino en ligne B\u00e9nin<span style=\"font-weight: 400;\"> a des ambitions claires et tr\u00e8s importantes pour l&#8217;ann\u00e9e 2026 : la plateforme ambitionne de fournir une exp\u00e9rience de casino en ligne excellente et de s&#8217;\u00e9tablir comme une r\u00e9f\u00e9rence pour les utilisateurs.<\/span><\/p>\n<p><span style=\"font-weight: 400;\">D\u00e9couvrez un espace o\u00f9 l&#8217;excitation des paris sportifs fusionne avec le divertissement du casino. Nous concevons une plateforme unique, \u00e0 la fois moderne et intuitive, con\u00e7ue pour une prise en main imm\u00e9diate, que vous soyez sur votre ordinateur ou votre t\u00e9l\u00e9phone.<\/span><\/p>\n<div style=\"background-color: darkcyan; box-shadow: inset 0 0 10px 3px rgb(247 247 247 \/ 60%), 0 0 10px 3px #ccc0b5 !important;\">\n<ul>\n<li style=\"list-style-type: none;\">\n<ul>\n<li><a href=\"#bienvenue\">\ud83d\udcc8 Bienvenue Dans L\u2019univers De Paripesa Casino\u00a0<\/a><\/li>\n<li><a href=\"#machine\">\ud83c\udccf Machine A Sous, Jeux De Cartes Et Jeux Avec Croupiers En Direct, Sur Le Paripesa Casino Benin<\/a><\/li>\n<li><a href=\"#design\">\ud83c\udfa8 Design D\u2019interface User-Friendly Et Navigation Intuitive <\/a><\/li>\n<li><a href=\"#casino\">\ud83e\uddd0 PariPesa Casino Review Benin \u2013 Analyse Compl\u00e8te<\/a><\/li>\n<li><a href=\"#login\">\ud83d\udd10\u00a0 Compte PariPesa Casino Login \u2013 Entrez-y et connectez-vous, c\u2019est tr\u00e8s facile\u00a0<\/a><\/li>\n<li><a href=\"#promo\">\ud83d\udcb8 PariPesa Casino Promo Code \u2013 Maximisez vos bonus!<\/a><\/li>\n<li><a href=\"#faq\">\u2753 Questions-r\u00e9ponses (FAQ) : Vos questions, nos r\u00e9ponses !<\/a><\/li>\n<\/ul>\n<\/li>\n<\/ul>\n<\/div>\n<p><span style=\"font-weight: 400;\">La priorit\u00e9 fondamentale de notre d\u00e9veloppement et de toutes nos initiatives est centr\u00e9e sur l&#8217;utilisateur.<\/span> <span style=\"font-weight: 400;\">Nous avons une obsession unique et claire : faire de votre exp\u00e9rience de parieur un moment inoubliable et marquant. Nous y parvenons en vous offrant une navigation fluide pour que chaque connexion soit un plaisir.<\/span><\/p>\n<p><span style=\"font-weight: 400;\">Notre objectif est de transformer chaque interaction en une aventure personnelle, unique et passionnante, accessible partout et \u00e0 tout moment, quel que soit l&#8217;endroit o\u00f9 vous vous trouvez.\u00a0 Vous m\u00e9ritez un service exceptionnel et des moments de jeu captivants.<\/span><\/p>\n<h2 id=\"bienvenue\"><b>\ud83d\udcc8 Bienvenue Dans L\u2019univers De Paripesa Casino en ligne<\/b><\/h2>\n<p><span style=\"font-weight: 400;\">La notori\u00e9t\u00e9 de PariPesa B\u00e9nin repose sur la prise en compte de notre valeur ajout\u00e9e, en l\u2019occurrence l\u2019interface en constante optimisation depuis 2023. Elle offre une r\u00e9activit\u00e9 de premier rang et une utilisation instantan\u00e9e, alliant harmonieusement l\u2019univers sportif et l\u2019univers du casino. En phase avec le progr\u00e8s technologique, notre plateforme est construite pour s\u2019adapter aussi bien aux passionn\u00e9s de paris sportifs qu\u2019aux f\u00e9rus de jeux de casino (les machines \u00e0 sous, le blackjack, la roulette, au baccarat, etc.). R\u00e9alis\u00e9e gr\u00e2ce \u00e0 la technologie responsive web design, l\u2019interface peut \u00eatre acc\u00e9d\u00e9e de tous les appareils, les ordinateurs, les terminaux mobiles et les tablettes et dispose ainsi d\u2019une exp\u00e9rience simplifi\u00e9e et unifi\u00e9e.<\/span><\/p>\n<p><img loading=\"lazy\" decoding=\"async\" class=\"aligncenter size-full wp-image-3871\" src=\"https:\/\/africa-paripesa.com\/wp-content\/uploads\/2025\/07\/Casio.webp\" alt=\"PariPesa casino Benin\" width=\"899\" height=\"406\" srcset=\"https:\/\/africa-paripesa.com\/wp-content\/uploads\/2025\/07\/Casio.webp 899w, https:\/\/africa-paripesa.com\/wp-content\/uploads\/2025\/07\/Casio-300x135.webp 300w, https:\/\/africa-paripesa.com\/wp-content\/uploads\/2025\/07\/Casio-768x347.webp 768w\" sizes=\"auto, (max-width: 899px) 100vw, 899px\" \/><\/p>\n<p><span style=\"font-weight: 400;\">Le langage fa\u00e7onn\u00e9 et les images saisissantes sont nos fondations. Vos donn\u00e9es sont s\u00e9curis\u00e9es gr\u00e2ce \u00e0 un chiffrement AES-256 robuste et une authentification \u00e0 deux facteurs (2FA), assurant ainsi un tr\u00e8s haut niveau de protection. Ces mesures permettent de pratiquer le gambling dans un cadre l\u00e9gislatif strict, au sein d\u2019un espace de jeux s\u00e9curis\u00e9, de confiance et l\u00e9gal.<\/span><\/p>\n<h2 id=\"machine\"><b>\ud83c\udccf Machine A Sous, Jeux De Cartes Et Jeux Avec Croupiers En Direct, Sur Le Paripesa Casino en ligne Benin\u00a0<\/b><\/h2>\n<p><span style=\"font-weight: 400;\">Le Casino Benin, ce n&#8217;est pas seulement les paris sportifs, c&#8217;est un monde captivant de jeux de casino virtuels. Un univers de divertissement vous attend, vaste comme un horizon de possibilit\u00e9s, vous y trouverez des possibilit\u00e9s, des machines \u00e0 sous scintillantes aux classiques incontournables comme roulette et blackjack! Le choix est le v\u00f4tre !<\/span><\/p>\n<table border=\"1\" cellspacing=\"0\" cellpadding=\"8\">\n<thead style=\"background-color: #f2f2f2;\">\n<tr>\n<th>\ud83d\udcb3 Option de paiement<\/th>\n<th>\ud83c\udf0d Zone de couverture<\/th>\n<th>\ud83d\udd12 Niveau de s\u00e9curit\u00e9<\/th>\n<th>\ud83d\udcb0 Co\u00fbt des transactions<\/th>\n<th>\ud83d\udcb5 Plafonds de d\u00e9p\u00f4t<\/th>\n<\/tr>\n<\/thead>\n<tbody>\n<tr>\n<td>Moov Money<\/td>\n<td>B\u00e9nin (national)<\/td>\n<td>\u2714 Validation du num\u00e9ro SIM<\/td>\n<td>Tr\u00e8s faibles<\/td>\n<td>Min 1 000 XOF \/ Max 800 000 XOF<\/td>\n<\/tr>\n<tr>\n<td>MTN Mobile Money<\/td>\n<td>B\u00e9nin (national)<\/td>\n<td>\u2714 V\u00e9rification via code PIN<\/td>\n<td>Frais r\u00e9duits<\/td>\n<td>Min 1 000 XOF \/ Max 1 000 000 XOF<\/td>\n<\/tr>\n<tr>\n<td>Cartes bancaires (Visa\/MasterCard)<\/td>\n<td>Local &amp; International<\/td>\n<td>\u2714 Syst\u00e8me 3D Secure<\/td>\n<td>Normaux (selon banque)<\/td>\n<td>Min 2 500 XOF \/ Max 2 500 000 XOF<\/td>\n<\/tr>\n<tr>\n<td>Virements bancaires<\/td>\n<td>B\u00e9nin (local)<\/td>\n<td>\u2714 Identification compl\u00e8te requise<\/td>\n<td>Varie selon la banque<\/td>\n<td>Min 5 000 XOF \/ Max 4 000 000 XOF<\/td>\n<\/tr>\n<tr>\n<td>PayPal<\/td>\n<td>International<\/td>\n<td>\u2714 Double authentification<\/td>\n<td>Frais moyens<\/td>\n<td>Min 5 000 XOF \/ Max 3 000 000 XOF<\/td>\n<\/tr>\n<tr>\n<td>Cryptomonnaies<\/td>\n<td>International<\/td>\n<td>\u2714 Validation du portefeuille<\/td>\n<td>Variable<\/td>\n<td>Min 10 000 XOF \/ Max 8 000 000 XOF<\/td>\n<\/tr>\n<\/tbody>\n<\/table>\n<p>&nbsp;<\/p>\n<p><span style=\"font-weight: 400;\">Pour vivre l\u2019exp\u00e9rience d\u2019un casino sans bouger de chez vous, la section croupier en direct est ph\u00e9nom\u00e9nale : vous jouez face \u00e0 des vrais, \u00e0 de r\u00e9els croupiers, et vous avez la possibilit\u00e9 de discuter avec les autres joueurs, lui offrant une immersion bluffante.\u00a0<\/span><\/p>\n<h2 id=\"design\"><b>\ud83c\udfa8 Design D\u2019interface User-Friendly Et Navigation Intuitive <\/b><span style=\"font-weight: 400;\">\u00a0<\/span><\/h2>\n<p><span style=\"font-weight: 400;\">PariPesa est une r\u00e9f\u00e9rence de la performance ergonomique. Les mises \u00e0 jour faites, notamment pour la version mobile, se succ\u00e8dent pour de plus en plus d\u2019exp\u00e9rience intuitive et de fluidit\u00e9.\u00a0<\/span><\/p>\n<p><img loading=\"lazy\" decoding=\"async\" class=\"aligncenter size-full wp-image-3882\" src=\"https:\/\/africa-paripesa.com\/wp-content\/uploads\/2025\/07\/Casino-Benin.webp\" alt=\"Casino Benin Online\" width=\"899\" height=\"408\" srcset=\"https:\/\/africa-paripesa.com\/wp-content\/uploads\/2025\/07\/Casino-Benin.webp 899w, https:\/\/africa-paripesa.com\/wp-content\/uploads\/2025\/07\/Casino-Benin-300x136.webp 300w, https:\/\/africa-paripesa.com\/wp-content\/uploads\/2025\/07\/Casino-Benin-768x349.webp 768w\" sizes=\"auto, (max-width: 899px) 100vw, 899px\" \/><\/p>\n<p><span style=\"font-weight: 400;\">Ce site pr\u00e9sente un design, il ne faut pas le nier, r\u00e9ellement enchanteur, qui vous transporte l\u00e0 o\u00f9 vous le souhaitez, sans le moindre incident ou, disons-le, le moindre al\u00e9a :\u00a0 en particulier, les notifications push sont con\u00e7ues pour vous garantir de ne pas passer \u00e0 c\u00f4t\u00e9 des promotions captivantes ou des \u00e9v\u00e9nements sportifs en direct passionnants.<\/span><\/p>\n<h2 id=\"casino\"><b>\ud83e\uddd0 PariPesa Casino en ligne Review Benin \u2013 Analyse Compl\u00e8te\u00a0<\/b><\/h2>\n<p><span style=\"font-weight: 400;\">Quelque chose fait dire que ce casino est L\u2019actualit\u00e9 de 2026. Il faut dire que si on a si bien associ\u00e9 Paris sportifs de classe aux Jeux Casino de premier plan, c\u2019est tout autant qu\u2019au fondement d\u2019une technologie solide comme du roc on a su \u00e9voquer un impressionnant choix dans le panel et les \u00e9v\u00e9nements sportifs disponibles avec des cotes ultra-optimis\u00e9es.<\/span><\/p>\n<table>\n<thead>\n<tr>\n<th>\ud83c\udfaf Atout<\/th>\n<th>\ud83d\udccb Description<\/th>\n<\/tr>\n<\/thead>\n<tbody>\n<tr>\n<td>\ud83c\udfb2 Int\u00e9gration Paris &amp; Casino<\/td>\n<td>Association fluide entre les paris sportifs de classe mondiale et les jeux de casino haut de gamme.<\/td>\n<\/tr>\n<tr>\n<td>\ud83e\uddf1 Technologie Solide<\/td>\n<td>Plateforme bas\u00e9e sur une infrastructure technique robuste, garantissant stabilit\u00e9 et performance.<\/td>\n<\/tr>\n<tr>\n<td>\ud83d\udcca Cotes Ultra-Optimis\u00e9es<\/td>\n<td>Offre des cotes tr\u00e8s comp\u00e9titives sur une grande vari\u00e9t\u00e9 d\u2019\u00e9v\u00e9nements sportifs.<\/td>\n<\/tr>\n<tr>\n<td>\ud83e\udde0 Outils d\u2019analyse avanc\u00e9s<\/td>\n<td>Palette d\u2019outils intelligents pour \u00e9valuer les paris et maximiser les gains potentiels.<\/td>\n<\/tr>\n<tr>\n<td>\ud83c\udfaf Large choix d\u2019\u00e9v\u00e9nements<\/td>\n<td>Panel impressionnant d\u2019\u00e9v\u00e9nements sportifs et de jeux pour divers profils de joueurs.<\/td>\n<\/tr>\n<\/tbody>\n<\/table>\n<p><span style=\"font-weight: 400;\">C\u2019est bien une palette d\u2019outils d\u2019analyse fournit g\u00e9n\u00e9reusement pour vous aider dans le jugement de votre choix pour augmenter le mieux possible vos chances de gagner.<\/span><\/p>\n<h2><b>\ud83d\udd10\u00a0 Compte PariPesa Casino en ligne Login \u2013 Entrez-y et connectez-vous, c\u2019est tr\u00e8s facile\u00a0<\/b><\/h2>\n<p><span style=\"font-weight: 400;\">Acc\u00e8s facilit\u00e9s avec PariPesa, login s\u00e9curis\u00e9. Inscrivez-vous facilement en utilisant votre num\u00e9ro de t\u00e9l\u00e9phone ou votre adresse e-mail existante.<\/span><\/p>\n<p><img loading=\"lazy\" decoding=\"async\" class=\"aligncenter size-full wp-image-3893\" src=\"https:\/\/africa-paripesa.com\/wp-content\/uploads\/2025\/07\/Login-1-3.webp\" alt=\"Casio Login\" width=\"682\" height=\"686\" srcset=\"https:\/\/africa-paripesa.com\/wp-content\/uploads\/2025\/07\/Login-1-3.webp 682w, https:\/\/africa-paripesa.com\/wp-content\/uploads\/2025\/07\/Login-1-3-298x300.webp 298w, https:\/\/africa-paripesa.com\/wp-content\/uploads\/2025\/07\/Login-1-3-150x150.webp 150w\" sizes=\"auto, (max-width: 682px) 100vw, 682px\" \/><\/p>\n<h2 id=\"promo\"><b>\ud83d\udcb8 PariPesa Casino Promo Code \u2013 Maximisez vos bonus!<\/b><\/h2>\n<p><span style=\"font-weight: 400;\">Augmentez vos bonus jusqu&#8217;\u00e0 130 euros gr\u00e2ce \u00e0 un Code Promo. Et v\u00e9rifier toujours la section promotions !\u00a0<\/span><\/p>\n<p><span style=\"font-weight: 400;\">Les \u0441asinos en ligne s\u2019appuient sur les bonus pour faire leur promotion ; PariPesa Afrique du sud est l\u2019un des leaders, offrant au public des<\/span><span style=\"font-weight: 400;\"> promotions parmi les plus int\u00e9ressantes. Par exemple, <\/span><span style=\"font-weight: 400;\">des offres d\u2019inscription (le montant du d\u00e9p\u00f4t est doubl\u00e9, les paris sont sans risque, etc.<\/span> <span style=\"font-weight: 400;\">) avec un code promo.<\/span> <span style=\"font-weight: 400;\">Pour vous assurer de ne manquer aucune de ces opportunit\u00e9s et rester toujours au c\u0153ur de l&#8217;action, les utilisateurs re\u00e7oivent des notifications push qui les informent instantan\u00e9ment des promotions et les maintiennent constamment au courant sans d\u00e9lai des \u00e9v\u00e9nements en direct.<\/span><\/p>\n<h2 id=\"faq\"><b>\u2753 Questions-r\u00e9ponses (FAQ) : Vos questions, nos r\u00e9ponses !<\/b><\/h2>\n<h3><b style=\"font-size: 16px;\">Quelles dispositions faut-il pour m\u2019assurer que je joue dans un cadre s\u00e9curis\u00e9 ?\u00a0<\/b><\/h3>\n<p><span style=\"font-weight: 400;\">PariPesa prend la s\u00e9curit\u00e9 \u00e0 bras-le-corps, incluant notamment l\u2019int\u00e9gration de moyens technologiques \u00e0 la pointe comme la 2FA, des syst\u00e8mes qui rendent confidentielle la transmission de vos donn\u00e9es et offrent des jeux \u00e9quitables.<\/span><\/p>\n<h3><b>Quelles nouveaut\u00e9s la plateforme r\u00e9serve-t-elle aux connexions sur mobile ?\u00a0<\/b><\/h3>\n<p><span style=\"font-weight: 400;\">En int\u00e9grant par exemple la biom\u00e9trie (reconnaissance faciale, empreinte digitale) parmi les moyens de connexion particuli\u00e8rement classiques de 2024, en plus d\u2019une assistance am\u00e9lior\u00e9e qui facilite et s\u00e9curise davantage votre connexion.<\/span><\/p>\n<h3><b>Le programme de fid\u00e9lit\u00e9, est-ce int\u00e9ressant ?<\/b><\/h3>\n<p>Carr\u00e9ment ! D\u00e8s 2026, ce nouveau programme exclusif vous r\u00e9compense : chaque mise jou\u00e9e g\u00e9n\u00e8re des points \u00e9changeables contre des tours gratuits pour le casino, ou vous garantit m\u00eame un acc\u00e8s privil\u00e9gi\u00e9 aux toutes derni\u00e8res nouveaut\u00e9s.<\/p>\n<h3><b>Pourquoi l\u2019interface de PariPesa est-elle pratique pour parier et jouer au casino ?<\/b><\/h3>\n<p>Notre interface flexible par son ergonomie et intuitive dans son utilisation fonctionne parfaitement sur smartphone. Que ce soit dans le secteur sport ou dans l\u2019univers du casino, une ergonomie fluide favorisant la rapidit\u00e9 et la simplicit\u00e9 d\u2019acc\u00e8s a \u00e9t\u00e9 imagin\u00e9e et d\u00e9velopp\u00e9e.<\/p>\n<p>&nbsp;<\/p>\n","protected":false},"excerpt":{"rendered":"<p>\ud83c\udfb0\u00a0 PariPesa Casino en ligne Benin \u2013 La Meilleure Exp\u00e9rience de Casino en Ligne! Au B\u00e9nin, le secteur du jeu en ligne, particuli\u00e8rement les paris sportifs, conna\u00eet une croissance significative et notable. Dans ce contexte dynamique, PariPesa Casino en ligne B\u00e9nin a des ambitions claires et tr\u00e8s importantes pour l&#8217;ann\u00e9e 2026 : la plateforme ambitionne [&hellip;]<\/p>\n","protected":false},"author":1,"featured_media":0,"parent":0,"menu_order":0,"comment_status":"closed","ping_status":"closed","template":"","meta":{"_sitemap_exclude":false,"_sitemap_priority":"","_sitemap_frequency":"","footnotes":""},"class_list":["post-5861","page","type-page","status-publish","hentry"],"acf":[],"yoast_head":"<!-- This site is optimized with the Yoast SEO plugin v23.6 - https:\/\/yoast.com\/wordpress\/plugins\/seo\/ -->\n<title>PariPesa Casino en ligne Benin I Casino en Ligne Exceptionnel\ud83d\ude80<\/title>\n<meta name=\"description\" content=\"Profitez de la meilleure exp\u00e9rience de casino en ligne au B\u00e9nin avec PariPesa, offrant jeux vari\u00e9s, bonus g\u00e9n\u00e9reux et promotions exclusives.\" \/>\n<meta name=\"robots\" content=\"index, follow, max-snippet:-1, max-image-preview:large, max-video-preview:-1\" \/>\n<meta property=\"og:locale\" content=\"fr_FR\" \/>\n<meta property=\"og:type\" content=\"article\" \/>\n<meta property=\"og:url\" content=\"https:\/\/africa-paripesa.com\/fr-bj\/casino\/\" \/>\n<meta property=\"og:site_name\" content=\"paripesa\" \/>\n<meta property=\"article:modified_time\" content=\"2026-03-04T15:54:13+00:00\" \/>\n<meta property=\"og:image\" content=\"https:\/\/africa-paripesa.com\/wp-content\/uploads\/2025\/07\/Casio.webp\" \/>\n\t<meta property=\"og:image:width\" content=\"899\" \/>\n\t<meta property=\"og:image:height\" content=\"406\" \/>\n\t<meta property=\"og:image:type\" content=\"image\/webp\" \/>\n<meta name=\"twitter:card\" content=\"summary_large_image\" \/>\n<meta name=\"twitter:label1\" content=\"Est. reading time\" \/>\n\t<meta name=\"twitter:data1\" content=\"7 minutes\" \/>\n<!-- \/ Yoast SEO plugin. -->","yoast_head_json":{"title":"PariPesa Casino en ligne Benin I Casino en Ligne Exceptionnel\ud83d\ude80","description":"Profitez de la meilleure exp\u00e9rience de casino en ligne au B\u00e9nin avec PariPesa, offrant jeux vari\u00e9s, bonus g\u00e9n\u00e9reux et promotions exclusives.","robots":{"index":"index","follow":"follow","max-snippet":"max-snippet:-1","max-image-preview":"max-image-preview:large","max-video-preview":"max-video-preview:-1"},"og_locale":"fr_FR","og_type":"article","og_url":"https:\/\/africa-paripesa.com\/fr-bj\/casino\/","og_site_name":"paripesa","article_modified_time":"2026-03-04T15:54:13+00:00","og_image":[{"width":899,"height":406,"url":"https:\/\/africa-paripesa.com\/wp-content\/uploads\/2025\/07\/Casio.webp","type":"image\/webp"}],"twitter_card":"summary_large_image","twitter_misc":{"Est. reading time":"7 minutes"},"schema":{"@context":"https:\/\/schema.org","@graph":[{"@type":"WebPage","@id":"https:\/\/africa-paripesa.com\/fr-bj\/casino\/","url":"https:\/\/africa-paripesa.com\/fr-bj\/casino\/","name":"PariPesa Casino en ligne Benin I Casino en Ligne Exceptionnel\ud83d\ude80","isPartOf":{"@id":"https:\/\/africa-paripesa.com\/#website"},"primaryImageOfPage":{"@id":"https:\/\/africa-paripesa.com\/fr-bj\/casino\/#primaryimage"},"image":{"@id":"https:\/\/africa-paripesa.com\/fr-bj\/casino\/#primaryimage"},"thumbnailUrl":"https:\/\/africa-paripesa.com\/wp-content\/uploads\/2025\/07\/Casio.webp","datePublished":"2025-07-17T15:27:55+00:00","dateModified":"2026-03-04T15:54:13+00:00","description":"Profitez de la meilleure exp\u00e9rience de casino en ligne au B\u00e9nin avec PariPesa, offrant jeux vari\u00e9s, bonus g\u00e9n\u00e9reux et promotions exclusives.","breadcrumb":{"@id":"https:\/\/africa-paripesa.com\/fr-bj\/casino\/#breadcrumb"},"inLanguage":"fr-BJ","potentialAction":[{"@type":"ReadAction","target":["https:\/\/africa-paripesa.com\/fr-bj\/casino\/"]}]},{"@type":"ImageObject","inLanguage":"fr-BJ","@id":"https:\/\/africa-paripesa.com\/fr-bj\/casino\/#primaryimage","url":"https:\/\/africa-paripesa.com\/wp-content\/uploads\/2025\/07\/Casio.webp","contentUrl":"https:\/\/africa-paripesa.com\/wp-content\/uploads\/2025\/07\/Casio.webp"},{"@type":"BreadcrumbList","@id":"https:\/\/africa-paripesa.com\/fr-bj\/casino\/#breadcrumb","itemListElement":[{"@type":"ListItem","position":1,"name":"Paripesa","item":"https:\/\/africa-paripesa.com\/"},{"@type":"ListItem","position":2,"name":"Casino en ligne"}]},{"@type":"WebSite","@id":"https:\/\/africa-paripesa.com\/#website","url":"https:\/\/africa-paripesa.com\/","name":"paripesa","description":"","potentialAction":[{"@type":"SearchAction","target":{"@type":"EntryPoint","urlTemplate":"https:\/\/africa-paripesa.com\/?s={search_term_string}"},"query-input":{"@type":"PropertyValueSpecification","valueRequired":true,"valueName":"search_term_string"}}],"inLanguage":"fr-BJ"}]}},"_links":{"self":[{"href":"https:\/\/africa-paripesa.com\/fr-bj\/wp-json\/wp\/v2\/pages\/5861","targetHints":{"allow":["GET"]}}],"collection":[{"href":"https:\/\/africa-paripesa.com\/fr-bj\/wp-json\/wp\/v2\/pages"}],"about":[{"href":"https:\/\/africa-paripesa.com\/fr-bj\/wp-json\/wp\/v2\/types\/page"}],"author":[{"embeddable":true,"href":"https:\/\/africa-paripesa.com\/fr-bj\/wp-json\/wp\/v2\/users\/1"}],"replies":[{"embeddable":true,"href":"https:\/\/africa-paripesa.com\/fr-bj\/wp-json\/wp\/v2\/comments?post=5861"}],"version-history":[{"count":7,"href":"https:\/\/africa-paripesa.com\/fr-bj\/wp-json\/wp\/v2\/pages\/5861\/revisions"}],"predecessor-version":[{"id":8139,"href":"https:\/\/africa-paripesa.com\/fr-bj\/wp-json\/wp\/v2\/pages\/5861\/revisions\/8139"}],"wp:attachment":[{"href":"https:\/\/africa-paripesa.com\/fr-bj\/wp-json\/wp\/v2\/media?parent=5861"}],"curies":[{"name":"wp","href":"https:\/\/api.w.org\/{rel}","templated":true}]}}