{"id":2854,"date":"2025-05-21T08:32:33","date_gmt":"2025-05-21T08:32:33","guid":{"rendered":"https:\/\/africa-paripesa.com\/online-roulette-in-tanzania\/"},"modified":"2025-10-17T19:04:50","modified_gmt":"2025-10-17T19:04:50","slug":"online-roulette-in-ivory-coast","status":"publish","type":"page","link":"https:\/\/africa-paripesa.com\/fr-ci\/online-roulette-in-ivory-coast\/","title":{"rendered":"Roulette en ligne en C\u00f4te d&#8217;Ivoire"},"content":{"rendered":"<h1>Roulette en ligne C\u00f4te d&#8217;Ivoire : Guide Ultime pour les D\u00e9butants<\/h1>\n<p>La roulette est sans aucun doute l&#8217;un des jeux de casino les plus populaires au monde. Paripesa offre aux joueurs ivoiriens l&#8217;opportunit\u00e9 de tenter leur chance et d&#8217;appliquer diverses strat\u00e9gies pour vivre l&#8217;excitation de ce jeu classique. Nous disposons d&#8217;une section d\u00e9di\u00e9e aux jeux de roulette en ligne, y compris la roulette en direct.<\/p>\n<p>Chez Paripesa, nous nous effor\u00e7ons de garantir \u00e0 tous nos invit\u00e9s une exp\u00e9rience fluide, qu&#8217;ils soient novices ou joueurs exp\u00e9riment\u00e9s. Nous proposons \u00e9galement des croupiers en direct, un gameplay solide et des bonus attractifs pour vous assurer une aventure de jeu inoubliable.<\/p>\n<p>Dans ce guide, nous d\u00e9crirons comment jouer \u00e0 la roulette en ligne, explorerons les bonus disponibles chez Paripesa, d\u00e9couvrirons les types de jeux de roulette disponibles pour les joueurs ivoiriens et expliquerons comment t\u00e9l\u00e9charger notre application en ligne.<\/p>\n<div style=\"background-color: hsla(30, 30%, 10%, 0.85); box-shadow: inset 0 0 10px 2px rgba(255, 160, 50, 0.2), 0 0 15px 5px rgba(200, 100, 30, 0.25) !important;\">\n<h2 id=\"sommaire\">Sommaire<\/h2>\n<ul>\n<li><a href=\"#jouer\">\ud83c\udfb2 Comment Jouer \u00e0 la Roulette de Casino<\/a><\/li>\n<li><a href=\"#app\">\ud83d\udcf1 T\u00e9l\u00e9charger l&#8217;Application Paripesa pour Jouer \u00e0 la Roulette<\/a><\/li>\n<li><a href=\"#conseils\">\ud83d\udca1 Roulette en ligne C\u00f4te d&#8217;Ivoire : Conseils pour Jouer \u00e0 la Roulette comme un Pro<\/a><\/li>\n<li><a href=\"#faq\">\u2753 Questions Fr\u00e9quemment Pos\u00e9es &#8211; FAQ<\/a><\/li>\n<\/ul>\n<\/div>\n<h2 id=\"jouer\">\ud83c\udfb2 Comment Jouer \u00e0 la Roulette de Casino<\/h2>\n<p>Nous allons vous expliquer comment fonctionne la roulette en ligne, afin que vous puissiez tout apprendre sur la roue, la bille et comment jouer. La roulette est un jeu de casino jou\u00e9 sur une roue tournante avec des poches num\u00e9rot\u00e9es de 1 \u00e0 36. Ces num\u00e9ros alternent entre les couleurs rouge et noir. Le r\u00e9sultat du tour est d\u00e9termin\u00e9 par l&#8217;endroit o\u00f9 la bille atterrit.<\/p>\n<table>\n<thead style=\"background-color: #2e86c1; color: white;\">\n<tr>\n<th style=\"padding: 8px; border: 1px solid #ddd;\">\u00c9l\u00e9ment<\/th>\n<th style=\"padding: 8px; border: 1px solid #ddd;\">Description<\/th>\n<th style=\"padding: 8px; border: 1px solid #ddd;\">Type de Mise<\/th>\n<th style=\"padding: 8px; border: 1px solid #ddd;\">Risque et Gains<\/th>\n<\/tr>\n<\/thead>\n<tbody>\n<tr>\n<td style=\"padding: 8px; border: 1px solid #ddd;\">Roulette<\/td>\n<td style=\"padding: 8px; border: 1px solid #ddd;\">Jeu de casino avec une roue tournante num\u00e9rot\u00e9e de 1 \u00e0 36, alternant rouge et noir. La bille d\u00e9termine le r\u00e9sultat en s&#8217;arr\u00eatant sur un num\u00e9ro.<\/td>\n<td style=\"padding: 8px; border: 1px solid #ddd;\">\u2014<\/td>\n<td style=\"padding: 8px; border: 1px solid #ddd;\">\u2014<\/td>\n<\/tr>\n<tr>\n<td style=\"padding: 8px; border: 1px solid #ddd;\">Mises Int\u00e9rieures<\/td>\n<td style=\"padding: 8px; border: 1px solid #ddd;\">Paris sur des num\u00e9ros sp\u00e9cifiques ou petits groupes (ex : num\u00e9ros pairs, impairs).<\/td>\n<td style=\"padding: 8px; border: 1px solid #ddd;\">Int\u00e9rieur<\/td>\n<td style=\"padding: 8px; border: 1px solid #ddd;\">Risque \u00e9lev\u00e9, gains potentiels importants.<\/td>\n<\/tr>\n<tr>\n<td style=\"padding: 8px; border: 1px solid #ddd;\">Mises Ext\u00e9rieures<\/td>\n<td style=\"padding: 8px; border: 1px solid #ddd;\">Choix entre deux options (rouge\/noir, pair\/impair, num\u00e9ros \u00e9lev\u00e9s\/bas).<\/td>\n<td style=\"padding: 8px; border: 1px solid #ddd;\">Ext\u00e9rieur<\/td>\n<td style=\"padding: 8px; border: 1px solid #ddd;\">Risque faible, gains plus modestes.<\/td>\n<\/tr>\n<\/tbody>\n<\/table>\n<p>Une fois la roue lanc\u00e9e, vous pouvez parier sur :<\/p>\n<p>Les mises int\u00e9rieures impliquent de parier sur des num\u00e9ros sp\u00e9cifiques ou de petits groupes de num\u00e9ros (par exemple, les num\u00e9ros pairs ou impairs). Les mises ext\u00e9rieures impliquent de choisir entre deux options, telles que rouge ou noir, pair ou impair, ou des num\u00e9ros \u00e9lev\u00e9s ou bas.<\/p>\n<p>Les mises int\u00e9rieures sont connues pour impliquer des risques plus \u00e9lev\u00e9s mais des gains plus importants, tandis que les mises ext\u00e9rieures ont des risques plus faibles mais des gains plus petits.<\/p>\n<h3>\u2611\ufe0f Roulette en ligne C\u00f4te d&#8217;Ivoire : Jouer aux Jeux de Roulette en Ligne chez Paripesa<\/h3>\n<p>Paripesa offre aux joueurs ivoiriens d&#8217;excellentes fonctionnalit\u00e9s pour s&#8217;assurer qu&#8217;ils passent un bon moment en jouant \u00e0 la roulette.<\/p>\n<p>Paripesa propose une interface utilisateur de haute qualit\u00e9 avec un design attrayant et des couleurs clairement visibles sur notre site Web et notre application mobile, garantissant la meilleure exp\u00e9rience utilisateur possible. En C\u00f4te d&#8217;Ivoire, vous pouvez acc\u00e9der rapidement \u00e0 notre plateforme en d\u00e9placement via notre site Web ou notre application mobile. Des croupiers en direct ajoutent \u00e0 l&#8217;excitation, interagissant avec vous et d&#8217;autres joueurs pendant chaque tour. Nous proposons \u00e9galement une vari\u00e9t\u00e9 de promotions sp\u00e9ciales, y compris des remises en argent, des bonus de d\u00e9p\u00f4t, des r\u00e9compenses de fid\u00e9lit\u00e9 et des offres d&#8217;anniversaire. Pour rendre les choses encore plus pratiques, nous acceptons les d\u00e9p\u00f4ts en franc CFA (XOF), permettant \u00e0 nos clients ivoiriens de jouer en toute simplicit\u00e9. Chez Paripesa, nous nous engageons \u00e0 fournir une exp\u00e9rience exceptionnelle de roulette en ligne en C\u00f4te d&#8217;Ivoire.<\/p>\n<h3>\u2611\ufe0f Types de Roulette Disponibles en C\u00f4te d&#8217;Ivoire<\/h3>\n<p>Paripesa C\u00f4te d&#8217;Ivoire offre une large s\u00e9lection de jeux de roulette am\u00e9ricaine et europ\u00e9enne de fournisseurs de premier plan tels que Pragmatic Play, Evolution, VoltEnt, Lucky Streak, True Lab, 88Mojo et GreenTube. Des versions de d\u00e9monstration sont disponibles \u00e0 des fins d&#8217;essai, permettant aux utilisateurs d&#8217;explorer les jeux avant de placer de v\u00e9ritables paris. Cependant, pour gagner de l&#8217;argent, les mises doivent \u00eatre plac\u00e9es en utilisant de l&#8217;argent r\u00e9el. Les march\u00e9s de paris sont vari\u00e9s et incluent des options telles que les gains totaux, le score exact, les victoires cons\u00e9cutives, le total du secteur, la fl\u00e8che, la direction de la fl\u00e8che (1er\u20135e tour), le num\u00e9ro du secteur, la couleur du secteur \u00e0 pointer et les secteurs sp\u00e9cifi\u00e9s que la fl\u00e8che pointera. Avec une telle vari\u00e9t\u00e9, Paripesa s&#8217;assure que les joueurs en C\u00f4te d&#8217;Ivoire ont l&#8217;embarras du choix en ce qui concerne les types de jeux de roulette et les opportunit\u00e9s de paris.<\/p>\n<h2 id=\"app\">\ud83d\udcf1 T\u00e9l\u00e9charger l&#8217;Application Paripesa pour Jouer \u00e0 la Roulette<\/h2>\n<p>Si vous souhaitez jouer \u00e0 la roulette en d\u00e9placement, nous avons ce qu&#8217;il vous faut. Paripesa dispose d&#8217;une application disponible pour iOS, Android et les navigateurs Web. Avec cela dans votre poche, vous n&#8217;avez pas besoin de visiter un casino physique pour profiter de la roulette.<\/p>\n<p><img loading=\"lazy\" decoding=\"async\" class=\"aligncenter size-full wp-image-2978\" title=\"Roulette_en_ligne_2025\" src=\"https:\/\/africa-paripesa.com\/wp-content\/uploads\/2025\/05\/roulette.webp\" alt=\"Roulette en ligne C\u00f4te d'Ivoire\" width=\"799\" height=\"398\" srcset=\"https:\/\/africa-paripesa.com\/wp-content\/uploads\/2025\/05\/roulette.webp 799w, https:\/\/africa-paripesa.com\/wp-content\/uploads\/2025\/05\/roulette-300x149.webp 300w, https:\/\/africa-paripesa.com\/wp-content\/uploads\/2025\/05\/roulette-768x383.webp 768w\" sizes=\"auto, (max-width: 799px) 100vw, 799px\" \/><\/p>\n<p>L&#8217;application vous assure l&#8217;acc\u00e8s \u00e0 toutes les excellentes fonctionnalit\u00e9s de la plateforme, telles que des transactions s\u00e9curis\u00e9es, la roulette am\u00e9ricaine et europ\u00e9enne, et des r\u00e9sultats impartiaux. Les utilisateurs Android peuvent t\u00e9l\u00e9charger un APK depuis la section d\u00e9di\u00e9e sur le site officiel, tandis que les utilisateurs iOS peuvent t\u00e9l\u00e9charger l&#8217;application depuis l&#8217;App Store d&#8217;Apple.<\/p>\n<h2>\ud83d\udca1 <strong>Roulette en ligne C\u00f4te d&#8217;Ivoire : Conseils pour Jouer \u00e0 la Roulette comme un Pro<\/strong><\/h2>\n<p>Roulette en ligne C\u00f4te d&#8217;Ivoire offre aux passionn\u00e9s une opportunit\u00e9 unique de maximiser leurs gains gr\u00e2ce \u00e0 des strat\u00e9gies efficaces. Ceci est un guide pour nos fans ivoiriens de la roulette, expliquant comment maximiser les gains de leurs paris. Les conseils suivants vous aideront \u00e0 ma\u00eetriser la roulette am\u00e9ricaine et europ\u00e9enne sur Paripesa :<\/p>\n<p>Pour tirer le meilleur parti de votre exp\u00e9rience de la roulette, il est important de comprendre les principales diff\u00e9rences entre la roulette europ\u00e9enne et am\u00e9ricaine \u2014 la roulette europ\u00e9enne comporte un z\u00e9ro unique et est id\u00e9ale pour les d\u00e9butants, tandis que la roulette am\u00e9ricaine a un double z\u00e9ro et convient \u00e0 ceux qui aiment les risques plus \u00e9lev\u00e9s. Assurez-vous de bien conna\u00eetre les diff\u00e9rents types de paris, y compris les mises int\u00e9rieures et ext\u00e9rieures, avant de placer votre mise. Avoir un compte Paripesa actif est essentiel, car cela vous donne acc\u00e8s \u00e0 des offres et des bonus exclusifs qui peuvent am\u00e9liorer vos chances de gagner \u2014 n&#8217;oubliez pas de r\u00e9clamer ces r\u00e9compenses pour booster votre jeu. De plus, Paripesa propose un mode de d\u00e9monstration o\u00f9 vous pouvez vous entra\u00eener gratuitement, tester diff\u00e9rentes strat\u00e9gies et avoir une id\u00e9e des gains potentiels sans utiliser d&#8217;argent r\u00e9el \u2014 profitez de cette fonctionnalit\u00e9 avant de parier pour de vrai.<\/p>\n<h2 id=\"faq\">\u2753 Questions Fr\u00e9quemment Pos\u00e9es &#8211; FAQ<\/h2>\n<h3>\ud83d\udc41\ufe0f\u200d\ud83d\udde8\ufe0f Est-il l\u00e9gal de jouer \u00e0 la roulette en C\u00f4te d&#8217;Ivoire ?<\/h3>\n<p>Oui, Paripesa propose la roulette en ligne, et elle est exploit\u00e9e sous une licence de la Commission de r\u00e9gulation des jeux de Cura\u00e7ao.<\/p>\n<h3>\ud83d\udc41\ufe0f\u200d\ud83d\udde8\ufe0f Puis-je jouer \u00e0 la roulette gratuitement ?<\/h3>\n<p>Paripesa propose une version de d\u00e9monstration gratuite de la roulette. Pour gagner de l&#8217;argent r\u00e9el et d\u00e9bloquer des bonus, assurez-vous d&#8217;avoir de l&#8217;argent sur votre compte.<\/p>\n<h3>\ud83d\udc41\ufe0f\u200d\ud83d\udde8\ufe0f Quelles m\u00e9thodes peuvent \u00eatre utilis\u00e9es pour d\u00e9poser de l&#8217;argent afin de jouer \u00e0 la roulette ?<\/h3>\n<p>En C\u00f4te d&#8217;Ivoire, vous pouvez d\u00e9poser des fonds sur votre compte en utilisant des virements bancaires ou des services de paiement mobile tels que Orange Money, MTN Mobile Money et de nombreux autres syst\u00e8mes de paiement \u00e9lectronique. Vous pouvez \u00e9galement utiliser les m\u00eames m\u00e9thodes pour retirer vos gains.<\/p>\n<p>&nbsp;<\/p>\n","protected":false},"excerpt":{"rendered":"<p>Roulette en ligne C\u00f4te d&#8217;Ivoire : Guide Ultime pour les D\u00e9butants La roulette est sans aucun doute l&#8217;un des jeux de casino les plus populaires au monde. Paripesa offre aux joueurs ivoiriens l&#8217;opportunit\u00e9 de tenter leur chance et d&#8217;appliquer diverses strat\u00e9gies pour vivre l&#8217;excitation de ce jeu classique. Nous disposons d&#8217;une section d\u00e9di\u00e9e aux jeux [&hellip;]<\/p>\n","protected":false},"author":1,"featured_media":0,"parent":0,"menu_order":0,"comment_status":"closed","ping_status":"closed","template":"","meta":{"_sitemap_exclude":false,"_sitemap_priority":"","_sitemap_frequency":"","footnotes":""},"class_list":["post-2854","page","type-page","status-publish","hentry"],"acf":[],"yoast_head":"<!-- This site is optimized with the Yoast SEO plugin v23.6 - https:\/\/yoast.com\/wordpress\/plugins\/seo\/ -->\n<title>Roulette en ligne C\u00f4te d&#039;Ivoire \u2013 Jouez et gagnez facilement<\/title>\n<meta name=\"description\" content=\"Roulette en ligne C\u00f4te d&#039;Ivoire \ud83c\udfb2 : profitez d\u2019une exp\u00e9rience s\u00e9curis\u00e9e avec des bonus attractifs. Jouez d\u00e8s aujourd\u2019hui\" \/>\n<meta name=\"robots\" content=\"index, follow, max-snippet:-1, max-image-preview:large, max-video-preview:-1\" \/>\n<meta property=\"og:locale\" content=\"fr_FR\" \/>\n<meta property=\"og:type\" content=\"article\" \/>\n<meta property=\"og:url\" content=\"https:\/\/africa-paripesa.com\/online-roulette\/\" \/>\n<meta property=\"og:site_name\" content=\"paripesa\" \/>\n<meta property=\"article:modified_time\" content=\"2025-10-17T19:04:50+00:00\" \/>\n<meta property=\"og:image\" content=\"https:\/\/africa-paripesa.com\/wp-content\/uploads\/2025\/05\/roulette.webp\" \/>\n<meta name=\"twitter:card\" content=\"summary_large_image\" \/>\n<meta name=\"twitter:label1\" content=\"Est. reading time\" \/>\n\t<meta name=\"twitter:data1\" content=\"6 minutes\" \/>\n<!-- \/ Yoast SEO plugin. -->","yoast_head_json":{"title":"Roulette en ligne C\u00f4te d'Ivoire \u2013 Jouez et gagnez facilement","description":"Roulette en ligne C\u00f4te d'Ivoire \ud83c\udfb2 : profitez d\u2019une exp\u00e9rience s\u00e9curis\u00e9e avec des bonus attractifs. Jouez d\u00e8s aujourd\u2019hui","robots":{"index":"index","follow":"follow","max-snippet":"max-snippet:-1","max-image-preview":"max-image-preview:large","max-video-preview":"max-video-preview:-1"},"og_locale":"fr_FR","og_type":"article","og_url":"https:\/\/africa-paripesa.com\/online-roulette\/","og_site_name":"paripesa","article_modified_time":"2025-10-17T19:04:50+00:00","og_image":[{"url":"https:\/\/africa-paripesa.com\/wp-content\/uploads\/2025\/05\/roulette.webp"}],"twitter_card":"summary_large_image","twitter_misc":{"Est. reading time":"6 minutes"},"schema":{"@context":"https:\/\/schema.org","@graph":[{"@type":"WebPage","@id":"https:\/\/africa-paripesa.com\/online-roulette\/","url":"https:\/\/africa-paripesa.com\/online-roulette\/","name":"Roulette en ligne C\u00f4te d'Ivoire \u2013 Jouez et gagnez facilement","isPartOf":{"@id":"https:\/\/africa-paripesa.com\/#website"},"primaryImageOfPage":{"@id":"https:\/\/africa-paripesa.com\/online-roulette\/#primaryimage"},"image":{"@id":"https:\/\/africa-paripesa.com\/online-roulette\/#primaryimage"},"thumbnailUrl":"https:\/\/africa-paripesa.com\/wp-content\/uploads\/2025\/05\/roulette.webp","datePublished":"2025-05-21T08:32:33+00:00","dateModified":"2025-10-17T19:04:50+00:00","description":"Roulette en ligne C\u00f4te d'Ivoire \ud83c\udfb2 : profitez d\u2019une exp\u00e9rience s\u00e9curis\u00e9e avec des bonus attractifs. Jouez d\u00e8s aujourd\u2019hui","breadcrumb":{"@id":"https:\/\/africa-paripesa.com\/online-roulette\/#breadcrumb"},"inLanguage":"fr-CI","potentialAction":[{"@type":"ReadAction","target":["https:\/\/africa-paripesa.com\/online-roulette\/"]}]},{"@type":"ImageObject","inLanguage":"fr-CI","@id":"https:\/\/africa-paripesa.com\/online-roulette\/#primaryimage","url":"https:\/\/africa-paripesa.com\/wp-content\/uploads\/2025\/05\/roulette.webp","contentUrl":"https:\/\/africa-paripesa.com\/wp-content\/uploads\/2025\/05\/roulette.webp"},{"@type":"BreadcrumbList","@id":"https:\/\/africa-paripesa.com\/online-roulette\/#breadcrumb","itemListElement":[{"@type":"ListItem","position":1,"name":"Paripesa","item":"https:\/\/africa-paripesa.com\/fr-ci\/"},{"@type":"ListItem","position":2,"name":"Roulette en ligne en C\u00f4te d&#8217;Ivoire"}]},{"@type":"WebSite","@id":"https:\/\/africa-paripesa.com\/#website","url":"https:\/\/africa-paripesa.com\/","name":"paripesa","description":"","potentialAction":[{"@type":"SearchAction","target":{"@type":"EntryPoint","urlTemplate":"https:\/\/africa-paripesa.com\/?s={search_term_string}"},"query-input":{"@type":"PropertyValueSpecification","valueRequired":true,"valueName":"search_term_string"}}],"inLanguage":"fr-CI"}]}},"_links":{"self":[{"href":"https:\/\/africa-paripesa.com\/fr-ci\/wp-json\/wp\/v2\/pages\/2854","targetHints":{"allow":["GET"]}}],"collection":[{"href":"https:\/\/africa-paripesa.com\/fr-ci\/wp-json\/wp\/v2\/pages"}],"about":[{"href":"https:\/\/africa-paripesa.com\/fr-ci\/wp-json\/wp\/v2\/types\/page"}],"author":[{"embeddable":true,"href":"https:\/\/africa-paripesa.com\/fr-ci\/wp-json\/wp\/v2\/users\/1"}],"replies":[{"embeddable":true,"href":"https:\/\/africa-paripesa.com\/fr-ci\/wp-json\/wp\/v2\/comments?post=2854"}],"version-history":[{"count":11,"href":"https:\/\/africa-paripesa.com\/fr-ci\/wp-json\/wp\/v2\/pages\/2854\/revisions"}],"predecessor-version":[{"id":6671,"href":"https:\/\/africa-paripesa.com\/fr-ci\/wp-json\/wp\/v2\/pages\/2854\/revisions\/6671"}],"wp:attachment":[{"href":"https:\/\/africa-paripesa.com\/fr-ci\/wp-json\/wp\/v2\/media?parent=2854"}],"curies":[{"name":"wp","href":"https:\/\/api.w.org\/{rel}","templated":true}]}}