{"id":2045,"date":"2025-04-18T14:36:20","date_gmt":"2025-04-18T14:36:20","guid":{"rendered":"https:\/\/africa-paripesa.com\/blog\/"},"modified":"2025-10-23T22:55:57","modified_gmt":"2025-10-23T22:55:57","slug":"blog","status":"publish","type":"page","link":"https:\/\/africa-paripesa.com\/fr-sn\/blog\/","title":{"rendered":"Blog"},"content":{"rendered":"<h1>Blog PariPesa : Version S\u00e9n\u00e9gal<\/h1>\n","protected":false},"excerpt":{"rendered":"<p>Blog PariPesa : Version S\u00e9n\u00e9gal<\/p>\n","protected":false},"author":1,"featured_media":0,"parent":0,"menu_order":0,"comment_status":"closed","ping_status":"closed","template":"views\/post-grid.php","meta":{"_sitemap_exclude":false,"_sitemap_priority":"","_sitemap_frequency":"","footnotes":""},"class_list":["post-2045","page","type-page","status-publish","hentry"],"acf":[],"yoast_head":"<!-- This site is optimized with the Yoast SEO plugin v23.6 - https:\/\/yoast.com\/wordpress\/plugins\/seo\/ -->\n<title>PariPesa Blog S\u00e9n\u00e9gal | Paris &amp; Jeux<\/title>\n<meta name=\"description\" content=\"PariPesa Blog S\u00e9n\u00e9gal \u2013 Suivez les conseils, strat\u00e9gies et nouveaut\u00e9s pour maximiser vos gains en paris et jeux en ligne.\" \/>\n<meta name=\"robots\" content=\"index, follow, max-snippet:-1, max-image-preview:large, max-video-preview:-1\" \/>\n<meta property=\"og:locale\" content=\"fr_FR\" \/>\n<meta property=\"og:type\" content=\"article\" \/>\n<meta property=\"og:url\" content=\"https:\/\/africa-paripesa.com\/blog\/\" \/>\n<meta property=\"og:site_name\" content=\"paripesa\" \/>\n<meta property=\"article:modified_time\" content=\"2025-10-23T22:55:57+00:00\" \/>\n<meta name=\"twitter:card\" content=\"summary_large_image\" \/>\n<meta name=\"twitter:label1\" content=\"Est. reading time\" \/>\n\t<meta name=\"twitter:data1\" content=\"1 minute\" \/>\n<!-- \/ Yoast SEO plugin. -->","yoast_head_json":{"title":"PariPesa Blog S\u00e9n\u00e9gal | Paris & Jeux","description":"PariPesa Blog S\u00e9n\u00e9gal \u2013 Suivez les conseils, strat\u00e9gies et nouveaut\u00e9s pour maximiser vos gains en paris et jeux en ligne.","robots":{"index":"index","follow":"follow","max-snippet":"max-snippet:-1","max-image-preview":"max-image-preview:large","max-video-preview":"max-video-preview:-1"},"og_locale":"fr_FR","og_type":"article","og_url":"https:\/\/africa-paripesa.com\/blog\/","og_site_name":"paripesa","article_modified_time":"2025-10-23T22:55:57+00:00","twitter_card":"summary_large_image","twitter_misc":{"Est. reading time":"1 minute"},"schema":{"@context":"https:\/\/schema.org","@graph":[{"@type":"WebPage","@id":"https:\/\/africa-paripesa.com\/blog\/","url":"https:\/\/africa-paripesa.com\/blog\/","name":"PariPesa Blog S\u00e9n\u00e9gal | Paris & Jeux","isPartOf":{"@id":"https:\/\/africa-paripesa.com\/#website"},"datePublished":"2025-04-18T14:36:20+00:00","dateModified":"2025-10-23T22:55:57+00:00","description":"PariPesa Blog S\u00e9n\u00e9gal \u2013 Suivez les conseils, strat\u00e9gies et nouveaut\u00e9s pour maximiser vos gains en paris et jeux en ligne.","breadcrumb":{"@id":"https:\/\/africa-paripesa.com\/blog\/#breadcrumb"},"inLanguage":"fr-SN","potentialAction":[{"@type":"ReadAction","target":["https:\/\/africa-paripesa.com\/blog\/"]}]},{"@type":"BreadcrumbList","@id":"https:\/\/africa-paripesa.com\/blog\/#breadcrumb","itemListElement":[{"@type":"ListItem","position":1,"name":"Paripesa","item":"https:\/\/africa-paripesa.com\/fr-sn\/"},{"@type":"ListItem","position":2,"name":"Blog"}]},{"@type":"WebSite","@id":"https:\/\/africa-paripesa.com\/#website","url":"https:\/\/africa-paripesa.com\/","name":"paripesa","description":"","potentialAction":[{"@type":"SearchAction","target":{"@type":"EntryPoint","urlTemplate":"https:\/\/africa-paripesa.com\/?s={search_term_string}"},"query-input":{"@type":"PropertyValueSpecification","valueRequired":true,"valueName":"search_term_string"}}],"inLanguage":"fr-SN"}]}},"_links":{"self":[{"href":"https:\/\/africa-paripesa.com\/fr-sn\/wp-json\/wp\/v2\/pages\/2045","targetHints":{"allow":["GET"]}}],"collection":[{"href":"https:\/\/africa-paripesa.com\/fr-sn\/wp-json\/wp\/v2\/pages"}],"about":[{"href":"https:\/\/africa-paripesa.com\/fr-sn\/wp-json\/wp\/v2\/types\/page"}],"author":[{"embeddable":true,"href":"https:\/\/africa-paripesa.com\/fr-sn\/wp-json\/wp\/v2\/users\/1"}],"replies":[{"embeddable":true,"href":"https:\/\/africa-paripesa.com\/fr-sn\/wp-json\/wp\/v2\/comments?post=2045"}],"version-history":[{"count":7,"href":"https:\/\/africa-paripesa.com\/fr-sn\/wp-json\/wp\/v2\/pages\/2045\/revisions"}],"predecessor-version":[{"id":6701,"href":"https:\/\/africa-paripesa.com\/fr-sn\/wp-json\/wp\/v2\/pages\/2045\/revisions\/6701"}],"wp:attachment":[{"href":"https:\/\/africa-paripesa.com\/fr-sn\/wp-json\/wp\/v2\/media?parent=2045"}],"curies":[{"name":"wp","href":"https:\/\/api.w.org\/{rel}","templated":true}]}}