{"id":3437,"date":"2024-10-14T15:00:39","date_gmt":"2024-10-14T15:00:39","guid":{"rendered":"https:\/\/africa-paripesa.com\/sample-page\/"},"modified":"2026-01-18T23:09:59","modified_gmt":"2026-01-18T23:09:59","slug":"sample-page","status":"publish","type":"page","link":"https:\/\/africa-paripesa.com\/fr-tg\/","title":{"rendered":"Sample Page &#8211; paripesa"},"content":{"rendered":"<h1><b>Paripesa Togo : Votre R\u00e9f\u00e9rence pour le Pari Sportif et le Casino<\/b><\/h1>\n<p><span style=\"font-weight: 400;\">Le secteur du sport en ligne au Togo se porte tr\u00e8s bien, tr\u00e8s dynamique, et de plus en plus de parieurs s\u2019y mettent au pari. Paripesa, lui, c\u2019est le choix et la richesse des services en ligne diffus\u00e9s \u00e0 pleines mains. C\u2019est la vari\u00e9t\u00e9 des services en ligne qu\u2019il diffuse \u00e0 pleines mains.<\/span><\/p>\n<div style=\"background-color: darkcyan; box-shadow: inset 0 0 10px 3px rgb(247 247 247 \/ 60%), 0 0 10px 3px #ccc0b5 !important;\">\n<p>Table of content<\/p>\n<ul>\n<li style=\"list-style-type: none;\">\n<ul>\n<li style=\"list-style-type: none;\">\n<ul>\n<li style=\"list-style-type: none;\">\n<ul>\n<li style=\"list-style-type: none;\">\n<ul>\n<li><a href=\"#pourquoi\">\ud83c\udfaf Pourquoi choisir Paripesa Togo pour vos paris en ligne ?<\/a><\/li>\n<li><a href=\"#togolais\">\ud83d\udca1Pourquoi cette plateforme s\u00e9duit les joueurs togolais<\/a><\/li>\n<li><a href=\"#interface\">\ud83d\udda5\ufe0f Une interface et une exp\u00e9rience utilisateur fluides et bien localis\u00e9es sur Paripesa Togo<\/a><\/li>\n<li><a href=\"#login\">\ud83d\udd10 Paripesa Login \u2013 S\u00e9curisez votre acc\u00e8s joueur<\/a><\/li>\n<li><a href=\"#t\u00e9l\u00e9charger\">\ud83d\udcf2 T\u00e9l\u00e9charger Paripesa Togo \u2013 Acc\u00e8s Simple et Rapide<\/a><\/li>\n<li><a href=\"#iOS\">\ud83d\udce5 Comment t\u00e9l\u00e9charger Paripesa sur Android et iOS ?<\/a><\/li>\n<li><a href=\"#solutions\">\ud83c\udfc6 T\u00e9l\u00e9charger Paripesa : Solutions aux Probl\u00e8mes Courants<\/a><\/li>\n<li><a href=\"#casino\">\ud83c\udfb0 Casino en Ligne \u2013 D\u00e9couvrez les Meilleurs Jeux de Hasard avec Paripesa<\/a><\/li>\n<li><a href=\"#faq\">\u2753FAQ<\/a><\/li>\n<\/ul>\n<\/li>\n<\/ul>\n<\/li>\n<\/ul>\n<\/li>\n<\/ul>\n<\/li>\n<\/ul>\n<\/div>\n<p><span style=\"font-weight: 400;\">Y est accessible un service complet exclusivement le long des paris sportifs, engendrant une palette large de march\u00e9s dans le cadre de tr\u00e8s courants, mais aussi moins en vogue sports. La plateforme se vante aussi d&#8217;une large gamme de jeux, enrichie d&#8217;offres promotionnelles attrayantes.<\/span><\/p>\n<h2 id=\"pourquoi\"><b>\ud83c\udfaf Pourquoi choisir Paripesa Togo pour vos paris en ligne ?<\/b><\/h2>\n<p>Paripesa Togo<span style=\"font-weight: 400;\"> est d\u00e9j\u00e0 la plateforme de pr\u00e9dilection des parieurs togolais de 2025<\/span> <span style=\"font-weight: 400;\">en relation avec l\u2019essor de la connexion internet et de l\u2019int\u00e9r\u00eat pour le sport<\/span> <span style=\"font-weight: 400;\">tant en t\u00e9l\u00e9vision que dans les jeux vid\u00e9o.<\/span><\/p>\n<p><span style=\"font-weight: 400;\">Un syst\u00e8me s\u00e9curis\u00e9 a \u00e9t\u00e9 mis en place par l\u2019entreprise : le cryptage des communications entre les diff\u00e9rentes composantes de l\u2019application, avec l\u2019int\u00e9gration d\u2019un syst\u00e8me d\u2019authentification \u00e0 deux facteurs avec les r\u00e9gulateurs.<\/span><\/p>\n<h2 id=\"togolais\"><b>\ud83d\udca1Pourquoi cette plateforme s\u00e9duit les joueurs togolais<\/b><\/h2>\n<p><span style=\"font-weight: 400;\">La prise en main de Paripesa se fait de mani\u00e8re extr\u00eamement intuitive, et vous pouvez y parier sur tout un \u00e9ventail de sports, notamment le football, le rugby, le cricket, le tennis, le basketball, le MMA et l&#8217;e-sport.\u00a0<\/span><\/p>\n<p><span style=\"font-weight: 400;\">Des paris en pr\u00e9-match et en live sont disponibles sur la plateforme, qui s\u2019enrichit de nombreuses statistiques et de l\u2019avis d\u2019experts, pour que vous puissiez vous aider \u00e0 faire vos pronostics, tout en vous offrant la possibilit\u00e9 de parier avec des cotes de qualit\u00e9.<\/span><\/p>\n<h2 id=\"\"><b>\ud83d\udda5\ufe0f Une interface et une exp\u00e9rience utilisateur fluides et bien localis\u00e9es sur Paripesa Togo<\/b><\/h2>\n<p>En raison d\u2019une ergonomie de choix, Paripesa attire les parieurs togolais. Ainsi, l\u2019interface intuitive et puissante de la plateforme est en accord avec les besoins des utilisateurs, favorisant la navigation fluide et rendant la place de march\u00e9 ais\u00e9ment accessible \u00e0 tous pour parier harmonieusement. De plus, le site propose une large gamme de paris sportifs Togo, permettant aux utilisateurs de miser sur leurs comp\u00e9titions locales et internationales pr\u00e9f\u00e9r\u00e9es avec des cotes comp\u00e9titives.<\/p>\n<p><img loading=\"lazy\" decoding=\"async\" width=\"799\" height=\"384\" class=\"aligncenter size-full wp-image-4226\" title=\"Page principale de l'interface Paripesa Togo\" src=\"https:\/\/africa-paripesa.com\/wp-content\/uploads\/2025\/08\/interface.webp\" alt=\"&quot;Page\" srcset=\"https:\/\/africa-paripesa.com\/wp-content\/uploads\/2025\/08\/interface.webp 799w, https:\/\/africa-paripesa.com\/wp-content\/uploads\/2025\/08\/interface-300x144.webp 300w, https:\/\/africa-paripesa.com\/wp-content\/uploads\/2025\/08\/interface-768x369.webp 768w\" sizes=\"auto, (max-width: 799px) 100vw, 799px\" \/><\/p>\n<p><span style=\"font-weight: 400;\">C\u2019est aussi une plateforme qui accompagne les moyens de paiements locaux indispensables pour les parieurs togolais.\u00a0<\/span><\/p>\n<p><span style=\"font-weight: 400;\">Les virements \u00e9lectroniques, portefeuilles mobiles et cryptos font le sens d\u2019un traitement et d\u2019une s\u00e9curisation des transactions rapide, les retraits s\u2019effectuant en moins de 24 heures.<\/span><\/p>\n<h2><b>\ud83d\udd10 Paripesa Login \u2013 S\u00e9curisez votre acc\u00e8s joueur<\/b><\/h2>\n<p><span style=\"font-weight: 400;\">Pour acc\u00e9der au casino, il vous est possible de vous identifier simplement et en toute s\u00e9curit\u00e9: sur mobile et sur ordinateur, l\u2019inscription se fait par mobile ou e-mail.<\/span><\/p>\n<p><img loading=\"lazy\" decoding=\"async\" class=\"aligncenter size-full wp-image-4237\" title=\"Page de connexion Paripesa Togo\" src=\"https:\/\/africa-paripesa.com\/wp-content\/uploads\/2025\/08\/registration.webp\" alt=\"Formulaire de connexion Paripesa Togo sur le site\" width=\"799\" height=\"436\" srcset=\"https:\/\/africa-paripesa.com\/wp-content\/uploads\/2025\/08\/registration.webp 799w, https:\/\/africa-paripesa.com\/wp-content\/uploads\/2025\/08\/registration-300x164.webp 300w, https:\/\/africa-paripesa.com\/wp-content\/uploads\/2025\/08\/registration-768x419.webp 768w\" sizes=\"auto, (max-width: 799px) 100vw, 799px\" \/><\/p>\n<p><span style=\"font-weight: 400;\">En 2024, les m\u00e9thodes de connexion biom\u00e9triques (reconnaissance digitale et faciale) s\u2019ajoutent aux syst\u00e8mes de connexion traditionnels (codes d\u2019acc\u00e8s \u00e0 usage unique ou v\u00e9rification par mail). Enfin, un dispositif de r\u00e9cup\u00e9ration rapide de l\u2019acc\u00e8s est plac\u00e9 sous le contr\u00f4le de l\u2019utilisateur, pour permettre un acc\u00e8s imm\u00e9diat en cas d\u2019oubli.<\/span><br \/>\n<span style=\"font-weight: 400;\">L\u2019application est compl\u00e8te et adaptable\u2009; tout permet aux utilisateurs d&#8217;effectuer toutes les op\u00e9rations de pari sur mobile, de consulter les scores en direct, de g\u00e9rer son compte, de recevoir les bonus.<\/span><\/p>\n<h2>\ud83d\udcf2 T\u00e9l\u00e9charger Paripesa Togo \u2013 Acc\u00e8s Simple et Rapide<\/h2>\n<p>Suivez ces \u00e9tapes claires pour installer l&#8217;application Paripesa en toute s\u00e9curit\u00e9 sur Android ou iOS.<\/p>\n<table border=\"1\" cellspacing=\"0\" cellpadding=\"5\">\n<thead>\n<tr>\n<th>\u00c9tape<\/th>\n<th>Description<\/th>\n<th>Plateformes<\/th>\n<th>Conseils utiles<\/th>\n<\/tr>\n<\/thead>\n<tbody>\n<tr>\n<td>1. Acc\u00e9der au site officiel<\/td>\n<td>Ouvrez le navigateur et rendez-vous sur le site officiel de Paripesa Togo pour r\u00e9cup\u00e9rer le lien de t\u00e9l\u00e9chargement s\u00e9curis\u00e9.<\/td>\n<td>Android \/ iOS<\/td>\n<td>\u00c9vitez les stores tiers non v\u00e9rifi\u00e9s et v\u00e9rifiez l&#8217;URL du site.<\/td>\n<\/tr>\n<tr>\n<td>2. T\u00e9l\u00e9charger l\u2019application<\/td>\n<td>Cliquez sur le bouton \u00ab T\u00e9l\u00e9charger \u00bb correspondant \u00e0 votre OS. Pour iOS, suivez l\u2019App Store ; pour Android, t\u00e9l\u00e9chargez l\u2019APK s\u00e9curis\u00e9 si n\u00e9cessaire.<\/td>\n<td>Android (APK) \/ iOS (App Store)<\/td>\n<td>Sur Android, activez temporairement \u201cSources inconnues\u201d si demand\u00e9 puis d\u00e9sactivez-la apr\u00e8s.<\/td>\n<\/tr>\n<tr>\n<td>3. Installer l\u2019application<\/td>\n<td>Lancez le fichier t\u00e9l\u00e9charg\u00e9 et suivez les instructions. Accordez les permissions n\u00e9cessaires pour notifications et stockage.<\/td>\n<td>Android \/ iOS<\/td>\n<td>V\u00e9rifiez l&#8217;espace libre et la compatibilit\u00e9 syst\u00e8me avant d&#8217;installer.<\/td>\n<\/tr>\n<tr>\n<td>4. Cr\u00e9er ou se connecter<\/td>\n<td>Ouvrez l&#8217;app, inscrivez-vous par mobile ou e-mail, ou connectez-vous si vous avez d\u00e9j\u00e0 un compte.<\/td>\n<td>Android \/ iOS<\/td>\n<td>Pr\u00e9parez vos pi\u00e8ces d&#8217;identit\u00e9 si v\u00e9rification KYC requise ; activez 2FA pour plus de s\u00e9curit\u00e9.<\/td>\n<\/tr>\n<tr>\n<td>5. D\u00e9poser &amp; profiter<\/td>\n<td>Effectuez un d\u00e9p\u00f4t via carte, portefeuille mobile ou virement et commencez \u00e0 parier ou jouer au casino.<\/td>\n<td>Android \/ iOS<\/td>\n<td>Consultez les promotions d\u2019accueil et activez les notifications pour offres en temps r\u00e9el.<\/td>\n<\/tr>\n<\/tbody>\n<\/table>\n<p><span style=\"font-weight: 400;\">On peut \u00e9galement consulter les scores en temps r\u00e9el\u2009; g\u00e9rer son solde est un jeu d\u2019enfant, et on profite au mieux de tous les bonus.<\/span><\/p>\n<h2><b>\ud83d\udce5 Comment t\u00e9l\u00e9charger Paripesa sur Android et iOS ?<\/b><\/h2>\n<p><span style=\"font-weight: 400;\">L\u2019application mobile Paripesa fonctionne sur Android et iOS, en meilleure version mobile que version bureau et fluide (entre \u00e9v\u00e9nements, sports, casino jeux, compte).<\/span><\/p>\n<p><img loading=\"lazy\" decoding=\"async\" class=\"aligncenter size-full wp-image-4248\" title=\"Application mobile Paripesa Togo pour Android\" src=\"https:\/\/africa-paripesa.com\/wp-content\/uploads\/2025\/08\/android.webp\" alt=\"Application Paripesa Togo Android\" width=\"799\" height=\"511\" srcset=\"https:\/\/africa-paripesa.com\/wp-content\/uploads\/2025\/08\/android.webp 799w, https:\/\/africa-paripesa.com\/wp-content\/uploads\/2025\/08\/android-300x192.webp 300w, https:\/\/africa-paripesa.com\/wp-content\/uploads\/2025\/08\/android-768x491.webp 768w\" sizes=\"auto, (max-width: 799px) 100vw, 799px\" \/><\/p>\n<p><span style=\"font-weight: 400;\">Des notifications push informent sur les promotions et les alertes lors des paris en direct.<\/span><br \/>\n<img loading=\"lazy\" decoding=\"async\" class=\"aligncenter size-full wp-image-4259\" title=\"Interface de l'application mobile Paripesa Togo iOS\" src=\"https:\/\/africa-paripesa.com\/wp-content\/uploads\/2025\/08\/IOS.webp\" alt=\"Application mobile Paripesa Togo iOS\" width=\"799\" height=\"447\" srcset=\"https:\/\/africa-paripesa.com\/wp-content\/uploads\/2025\/08\/IOS.webp 799w, https:\/\/africa-paripesa.com\/wp-content\/uploads\/2025\/08\/IOS-300x168.webp 300w, https:\/\/africa-paripesa.com\/wp-content\/uploads\/2025\/08\/IOS-768x430.webp 768w\" sizes=\"auto, (max-width: 799px) 100vw, 799px\" \/><br \/>\n<img loading=\"lazy\" decoding=\"async\" class=\"aligncenter size-full wp-image-4270\" title=\"Application Paripesa Togo iOS pour paris en ligne et casino\" src=\"https:\/\/africa-paripesa.com\/wp-content\/uploads\/2025\/08\/IOS2.webp\" alt=\"Application Paripesa Togo iOS pour paris\" width=\"799\" height=\"475\" srcset=\"https:\/\/africa-paripesa.com\/wp-content\/uploads\/2025\/08\/IOS2.webp 799w, https:\/\/africa-paripesa.com\/wp-content\/uploads\/2025\/08\/IOS2-300x178.webp 300w, https:\/\/africa-paripesa.com\/wp-content\/uploads\/2025\/08\/IOS2-768x457.webp 768w\" sizes=\"auto, (max-width: 799px) 100vw, 799px\" \/><\/p>\n<h2><b>\ud83c\udfc6 T\u00e9l\u00e9charger Paripesa : Solutions aux Probl\u00e8mes Courants<\/b><\/h2>\n<p data-start=\"100\" data-end=\"373\">Lors du t\u00e9l\u00e9chargement de Paripesa, des soucis peuvent survenir mais leur solution est simple. En 2023, l\u2019application a \u00e9t\u00e9 mise \u00e0 jour profond\u00e9ment, apportant un vrai plus \u00e0 sa vitesse, sa stabilit\u00e9 au bon fonctionnement et \u00e0 l\u2019utilisation de Paripesa pour les Togolais.<\/p>\n<p data-start=\"375\" data-end=\"867\">Si un probl\u00e8me continue \u00e0 se poser, il faut v\u00e9rifier la compatibilit\u00e9 de son appareil et la connectivit\u00e9 internet. Pour les utilisateurs Android, il faut v\u00e9rifier de ne pas avoir oubli\u00e9 d\u2019autoriser les sources inconnues dans les r\u00e9glages de son t\u00e9l\u00e9phone. Cela r\u00e9sout la majorit\u00e9 des blocages. Gr\u00e2ce \u00e0 ses performances optimis\u00e9es et \u00e0 son interface moderne, Paripesa est consid\u00e9r\u00e9 comme l\u2019un des meilleur site de paris au Togo, id\u00e9al pour les parieurs recherchant fiabilit\u00e9 et rapidit\u00e9.<\/p>\n<h2><b>\u26bd\ufe0f Paripesa Sports Betting \u2013 <\/b><b>\u00a0Votre succ\u00e8s commence ici (pour les pronostics)<\/b><\/h2>\n<p><span style=\"font-weight: 400;\">La plateforme de paris sportifs Paripesa se distingue par son offre particuli\u00e8rement riche et vari\u00e9e, notamment gr\u00e2ce \u00e0 une couverture de tr\u00e8s haute vol\u00e9e sur les \u00e9v\u00e9nements parmi les plus populaires au monde comme le football, le cricket, le rugby\u2026 Leurs cotes sont parmi les plus comp\u00e9titives du march\u00e9, bien que rien ne puisse remplacer l\u2019exp\u00e9rience personnelle sur des bookmakers r\u00e9put\u00e9s.<\/span><\/p>\n<table border=\"1\" cellspacing=\"0\" cellpadding=\"5\">\n<thead>\n<tr>\n<th>Caract\u00e9ristiques<\/th>\n<th>Description<\/th>\n<\/tr>\n<\/thead>\n<tbody>\n<tr>\n<td>Offre de paris sportifs<\/td>\n<td>Riche et vari\u00e9e, couvrant les \u00e9v\u00e9nements populaires comme football, cricket, rugby, etc.<\/td>\n<\/tr>\n<tr>\n<td>Cotes<\/td>\n<td>Parmi les plus comp\u00e9titives du march\u00e9.<\/td>\n<\/tr>\n<tr>\n<td>Exp\u00e9rience utilisateur<\/td>\n<td>Interface intuitive permettant de naviguer entre sports populaires et march\u00e9s sp\u00e9cialis\u00e9s (tennis de table, snooker, etc.).<\/td>\n<\/tr>\n<tr>\n<td>Mises \u00e0 jour en direct<\/td>\n<td>Offrent de multiples opportunit\u00e9s de paris en temps r\u00e9el.<\/td>\n<\/tr>\n<tr>\n<td>Exp\u00e9rience personnelle<\/td>\n<td>Essentielle, compl\u00e9ment \u00e0 la qualit\u00e9 du bookmaker.<\/td>\n<\/tr>\n<\/tbody>\n<\/table>\n<p><span style=\"font-weight: 400;\">\u00c0 cela s\u2019ajoutent les mises \u00e0 jour en direct pour multiplier les opportunit\u00e9s de paris, et une interface tr\u00e8s intuitive pour naviguer d\u2019un sport populaire \u00e0 des march\u00e9s plus sp\u00e9cialis\u00e9s (tennis de table, snooker, etc.).<\/span><\/p>\n<h2><b>\ud83c\udfb0 <\/b><b>Casino en Ligne \u2013 D\u00e9couvrez les Meilleurs Jeux de Hasard avec Paripesa<\/b><\/h2>\n<p><span style=\"font-weight: 400;\">En somme, en plus du sport, il y a aussi le casino en ligne qui propose des centaines de jeux compensant l\u2019exp\u00e9rience d\u2019un casino, c\u2019est-\u00e0-dire non seulement les machines \u00e0 sous vid\u00e9o, mais aussi des jeux de table, des Jackpots, et en plus l\u2019exp\u00e9rience aussi d\u2019un croupier en live.<\/span><\/p>\n<p><span style=\"font-weight: 400;\">Gr\u00e2ce aux nouveaut\u00e9s, notre collection de jeux ne cesse de s&#8217;enrichir, pr\u00e9sentant une s\u00e9lection \u00e9tendue. Elle inclut des machines \u00e0 sous \u00e0 jackpots progressifs et des tables de poker \u00e0 gros enjeux. Les salles avec croupiers en live rendent le jeu d\u2019opinions plus agr\u00e9able.\u00a0<\/span><\/p>\n<h2><b>\u2753FAQ<\/b><\/h2>\n<h3><b>\ud83e\udd4fLa plateforme Paripesa est-elle agr\u00e9\u00e9e au Togo ?<\/b><\/h3>\n<p><span style=\"font-weight: 400;\"> Oui, toutes les offres, incluant les paris, les d\u00e9p\u00f4ts et la gestion comptable, sont rendues accessibles via l&#8217;application mobile et le site web responsive.<\/span><\/p>\n<h3><b>\ud83e\udd4f<\/b><b>Quels sont les moyens les plus rapides pour retirer mes gains ?<\/b><\/h3>\n<p><span style=\"font-weight: 400;\">Les demandes de retrait par virement \u00e9lectronique et par portefeuille mobile sont trait\u00e9es en moins d\u2019une journ\u00e9e.<\/span><\/p>\n<h3><b>\ud83e\udd4f<\/b><b>Puis-je acc\u00e9der \u00e0 la plateforme depuis mon mobile ?<\/b><\/h3>\n<p><span style=\"font-weight: 400;\">Absolument. Toutes les fonctionnalit\u00e9s (paris, d\u00e9p\u00f4ts, gestion de compte) sont op\u00e9rationnels via l&#8217;application mobile et le site web r\u00e9actif.<\/span><\/p>\n<h3><b>\ud83e\udd4f<\/b><b>Des jeux de casino sont-ils \u00e9galement disponibles ?<\/b><\/h3>\n<p><span style=\"font-weight: 400;\">Oui, toutes les offres (paris, d\u00e9p\u00f4ts, gestion comptable) sont rendues accessibles via l\u2019application mobile et le site responsive.\u00a0<\/span><\/p>\n<p>&nbsp;<\/p>\n","protected":false},"excerpt":{"rendered":"<p>Paripesa Togo : Votre R\u00e9f\u00e9rence pour le Pari Sportif et le Casino Le secteur du sport en ligne au Togo se porte tr\u00e8s bien, tr\u00e8s dynamique, et de plus en plus de parieurs s\u2019y mettent au pari. Paripesa, lui, c\u2019est le choix et la richesse des services en ligne diffus\u00e9s \u00e0 pleines mains. C\u2019est la [&hellip;]<\/p>\n","protected":false},"author":1,"featured_media":0,"parent":0,"menu_order":0,"comment_status":"closed","ping_status":"open","template":"views\/page-home.php","meta":{"_sitemap_exclude":false,"_sitemap_priority":"","_sitemap_frequency":"","footnotes":""},"class_list":["post-3437","page","type-page","status-publish","hentry"],"acf":[],"yoast_head":"<!-- This site is optimized with the Yoast SEO plugin v23.6 - https:\/\/yoast.com\/wordpress\/plugins\/seo\/ -->\n<title>Paripesa Togo \u1409 Votre r\u00e9f\u00e9rence pour pari sportif et casino\ud83c\udfc6<\/title>\n<meta name=\"description\" content=\"Paripesa Togo vous offre une exp\u00e9rience simple et s\u00e9curis\u00e9e pour parier sur le sport et jouer au casino en ligne avec des bonus attractifs.\ud83c\udf81\" \/>\n<meta name=\"robots\" content=\"index, follow, max-snippet:-1, max-image-preview:large, max-video-preview:-1\" \/>\n<meta property=\"og:locale\" content=\"fr_FR\" \/>\n<meta property=\"og:type\" content=\"article\" \/>\n<meta property=\"og:url\" content=\"https:\/\/africa-paripesa.com\/\" \/>\n<meta property=\"og:site_name\" content=\"paripesa\" \/>\n<meta property=\"article:modified_time\" content=\"2026-01-18T23:09:59+00:00\" \/>\n<meta property=\"og:image\" content=\"https:\/\/africa-paripesa.com\/wp-content\/uploads\/2025\/08\/interface.webp\" \/>\n<meta name=\"twitter:card\" content=\"summary_large_image\" \/>\n<meta name=\"twitter:label1\" content=\"Est. reading time\" \/>\n\t<meta name=\"twitter:data1\" content=\"8 minutes\" \/>\n<!-- \/ Yoast SEO plugin. -->","yoast_head_json":{"title":"Paripesa Togo \u1409 Votre r\u00e9f\u00e9rence pour pari sportif et casino\ud83c\udfc6","description":"Paripesa Togo vous offre une exp\u00e9rience simple et s\u00e9curis\u00e9e pour parier sur le sport et jouer au casino en ligne avec des bonus attractifs.\ud83c\udf81","robots":{"index":"index","follow":"follow","max-snippet":"max-snippet:-1","max-image-preview":"max-image-preview:large","max-video-preview":"max-video-preview:-1"},"og_locale":"fr_FR","og_type":"article","og_url":"https:\/\/africa-paripesa.com\/","og_site_name":"paripesa","article_modified_time":"2026-01-18T23:09:59+00:00","og_image":[{"url":"https:\/\/africa-paripesa.com\/wp-content\/uploads\/2025\/08\/interface.webp"}],"twitter_card":"summary_large_image","twitter_misc":{"Est. reading time":"8 minutes"},"schema":{"@context":"https:\/\/schema.org","@graph":[{"@type":"WebPage","@id":"https:\/\/africa-paripesa.com\/","url":"https:\/\/africa-paripesa.com\/","name":"Paripesa Togo \u1409 Votre r\u00e9f\u00e9rence pour pari sportif et casino\ud83c\udfc6","isPartOf":{"@id":"https:\/\/africa-paripesa.com\/#website"},"primaryImageOfPage":{"@id":"https:\/\/africa-paripesa.com\/#primaryimage"},"image":{"@id":"https:\/\/africa-paripesa.com\/#primaryimage"},"thumbnailUrl":"https:\/\/africa-paripesa.com\/wp-content\/uploads\/2025\/08\/interface.webp","datePublished":"2024-10-14T15:00:39+00:00","dateModified":"2026-01-18T23:09:59+00:00","description":"Paripesa Togo vous offre une exp\u00e9rience simple et s\u00e9curis\u00e9e pour parier sur le sport et jouer au casino en ligne avec des bonus attractifs.\ud83c\udf81","breadcrumb":{"@id":"https:\/\/africa-paripesa.com\/#breadcrumb"},"inLanguage":"fr-TG","potentialAction":[{"@type":"ReadAction","target":["https:\/\/africa-paripesa.com\/"]}]},{"@type":"ImageObject","inLanguage":"fr-TG","@id":"https:\/\/africa-paripesa.com\/#primaryimage","url":"https:\/\/africa-paripesa.com\/wp-content\/uploads\/2025\/08\/interface.webp","contentUrl":"https:\/\/africa-paripesa.com\/wp-content\/uploads\/2025\/08\/interface.webp"},{"@type":"BreadcrumbList","@id":"https:\/\/africa-paripesa.com\/#breadcrumb","itemListElement":[{"@type":"ListItem","position":1,"name":"Paripesa","item":"https:\/\/africa-paripesa.com\/"},{"@type":"ListItem","position":2,"name":"Sample Page &#8211; paripesa"}]},{"@type":"WebSite","@id":"https:\/\/africa-paripesa.com\/#website","url":"https:\/\/africa-paripesa.com\/","name":"paripesa","description":"","potentialAction":[{"@type":"SearchAction","target":{"@type":"EntryPoint","urlTemplate":"https:\/\/africa-paripesa.com\/?s={search_term_string}"},"query-input":{"@type":"PropertyValueSpecification","valueRequired":true,"valueName":"search_term_string"}}],"inLanguage":"fr-TG"}]}},"_links":{"self":[{"href":"https:\/\/africa-paripesa.com\/fr-tg\/wp-json\/wp\/v2\/pages\/3437","targetHints":{"allow":["GET"]}}],"collection":[{"href":"https:\/\/africa-paripesa.com\/fr-tg\/wp-json\/wp\/v2\/pages"}],"about":[{"href":"https:\/\/africa-paripesa.com\/fr-tg\/wp-json\/wp\/v2\/types\/page"}],"author":[{"embeddable":true,"href":"https:\/\/africa-paripesa.com\/fr-tg\/wp-json\/wp\/v2\/users\/1"}],"replies":[{"embeddable":true,"href":"https:\/\/africa-paripesa.com\/fr-tg\/wp-json\/wp\/v2\/comments?post=3437"}],"version-history":[{"count":15,"href":"https:\/\/africa-paripesa.com\/fr-tg\/wp-json\/wp\/v2\/pages\/3437\/revisions"}],"predecessor-version":[{"id":7753,"href":"https:\/\/africa-paripesa.com\/fr-tg\/wp-json\/wp\/v2\/pages\/3437\/revisions\/7753"}],"wp:attachment":[{"href":"https:\/\/africa-paripesa.com\/fr-tg\/wp-json\/wp\/v2\/media?parent=3437"}],"curies":[{"name":"wp","href":"https:\/\/api.w.org\/{rel}","templated":true}]}}