{"id":5425,"date":"2025-08-13T10:51:17","date_gmt":"2025-08-13T10:51:17","guid":{"rendered":"https:\/\/africa-paripesa.com\/?page_id=5425"},"modified":"2025-10-17T18:55:24","modified_gmt":"2025-10-17T18:55:24","slug":"app","status":"publish","type":"page","link":"https:\/\/africa-paripesa.com\/fr-tg\/app\/","title":{"rendered":"APP"},"content":{"rendered":"<h1 id=\"application\"><b>\ud83d\udcf1 Paripesa App Togo \u2013 Application de Paris Sportifs Fiable pour les Joueurs<\/b><\/h1>\n<p><span style=\"font-weight: 400;\">L\u2019outil mobile Paripesa App, d\u00e9velopp\u00e9 sp\u00e9cifiquement pour le Togo, a, sans conteste, constitu\u00e9 le choix des parieurs au Togo, en un temps record, au terme duquel les joueurs du pays peuvent donc acc\u00e9der, directement et en toute fiabilit\u00e9, \u00e0 l\u2019ensemble des paris sportifs comme les jeux de casino en ligne, depuis tout support mobile.<\/span><\/p>\n<div style=\"background-color: darkcyan; box-shadow: inset 0 0 10px 3px rgb(247 247 247 \/ 60%), 0 0 10px 3px #ccc0b5 !important;\">\n<ul>\n<li><a href=\"#application\">\ud83d\udcf1 Paripesa App Togo \u2013 Application de Paris Sportifs Fiable pour les Joueurs<\/a><\/li>\n<li><a href=\"#pourquoi\">\u2753 Pourquoi Choisir La Paripesa App Togo?<\/a><\/li>\n<li><a href=\"#parieurs\">\ud83c\udfaf Ce Que Les Parieurs Togolais Utilisent Chaque Jour<\/a><\/li>\n<li><a href=\"#app\">\ud83d\udda5\ufe0f Interface utilisateur et navigation intuitive de Paripesa App<\/a><\/li>\n<li><a href=\"#installation\">\ud83d\udce5\u00a0 Paripesa App Download APK \u2013 Guide d&#8217;installation sur Android<\/a><\/li>\n<li><a href=\"#download\">\ud83c\udf4f Paripesa App Download iOS \u2013 T\u00e9l\u00e9chargez Sur Apple<\/a><\/li>\n<li><a href=\"#t\u00e9l\u00e9charger\">\ud83c\uddeb\ud83c\uddf7 Paripesa APK -T\u00e9l\u00e9charger Version Fran\u00e7aise<\/a><\/li>\n<li><a href=\"#faq\">\u2753 FAQ<\/a><\/li>\n<\/ul>\n<\/div>\n<p>&nbsp;<\/p>\n<p><span style=\"font-weight: 400;\">Il ne s\u2019agit pas d\u2019un simple outil \u00e0 usage tout au long de la journ\u00e9e, cette application marque v\u00e9ritablement l\u2019\u00e9volution d\u2019un rapport au jeu qui, non seulement est ainsi disponible et, surtout, d&#8217;une jouabilit\u00e9 devenue intrins\u00e8quement s\u00e9duisante.<\/span><\/p>\n<p><span style=\"font-weight: 400;\">En fait, Paripesa <\/span>App <span style=\"font-weight: 400;\">finance en toute s\u00e9curit\u00e9 l&#8217;int\u00e9gration des paris, du casino et la gestion optimis\u00e9e de votre compte.<\/span><\/p>\n<h2 id=\"pourquoi\"><b>\u2753 Pourquoi Choisir La Paripesa App Togo?<\/b><\/h2>\n<p><span style=\"font-weight: 400;\">S&#8217;il est une chose qu&#8217;on ne saurait ignorer, c&#8217;est que l&#8217;application mobile Paripesa Togo affiche, et cela n&#8217;est pas fortuit, un attrait grandissant. Cela s&#8217;explique probablement par un \u00e9quilibre quasi parfait entre un confort d&#8217;utilisation particuli\u00e8rement notable et une efficacit\u00e9, il faut bien le dire, remarquable.<\/span><\/p>\n<p><img loading=\"lazy\" decoding=\"async\" class=\"aligncenter size-full wp-image-5447\" title=\"Paripesa Togo sur mobile\" src=\"https:\/\/africa-paripesa.com\/wp-content\/uploads\/2025\/08\/TELECHARGER-1.webp\" alt=\"Application mobile Paripesa Togo\" width=\"799\" height=\"383\" srcset=\"https:\/\/africa-paripesa.com\/wp-content\/uploads\/2025\/08\/TELECHARGER-1.webp 799w, https:\/\/africa-paripesa.com\/wp-content\/uploads\/2025\/08\/TELECHARGER-1-300x144.webp 300w, https:\/\/africa-paripesa.com\/wp-content\/uploads\/2025\/08\/TELECHARGER-1-768x368.webp 768w\" sizes=\"auto, (max-width: 799px) 100vw, 799px\" \/><\/p>\n<p><span style=\"font-weight: 400;\">Elle offre d&#8217;ailleurs une immersion presque instantan\u00e9e dans l&#8217;action \u2014 qu&#8217;il s&#8217;agisse de suivre les dynamiques des \u00e9v\u00e9nements sportifs en direct ou, pourquoi pas, de s&#8217;aventurer dans la vaste collection des divertissements de casino. Au final, l&#8217;essentiel est facilement accessible.<\/span><\/p>\n<p><span style=\"font-weight: 400;\">En d\u00e9finitive, cette plateforme propose une exp\u00e9rience somme toute compl\u00e8te, ais\u00e9ment comparable, si l&#8217;on y regarde bien, \u00e0 celle des versions de bureau, mais avec, \u00e9videmment, cet avantage d\u00e9cisif et indiscutable qu&#8217;est la mobilit\u00e9.<\/span><\/p>\n<h2 id=\"parieurs\"><b>\ud83c\udfaf Ce Que Les Parieurs Togolais Utilisent Chaque Jour<\/b><\/h2>\n<p>L\u2019appli Paripesa<span style=\"font-weight: 400;\"> permet \u00e0 ses utilisateurs de faire des paris sur tous les \u00e9v\u00e8nements sportifs et jeux de casino au Togo gr\u00e2ce aux statistiques actualis\u00e9es pour bien parier. Con\u00e7ue pour une facilit\u00e9 d\u2019utilisation, elle facilite la gestion du compte et s\u00e9curise les transactions, le tout dans un environnement mobile optimis\u00e9 pour une bonne fluidit\u00e9 d\u2019utilisation.\u00a0<\/span><\/p>\n<p><span style=\"font-weight: 400;\">Pour acc\u00e9der ais\u00e9ment et quotidiennement, \u00e0 l&#8217;ensemble des \u00e9v\u00e9nements sportifs \u2013 qu&#8217;ils soient d&#8217;envergure nationale ou carr\u00e9ment internationale \u2013, les parieurs se tournent naturellement vers cette solution mobile.<\/span><\/p>\n<table border=\"1\" cellspacing=\"0\" cellpadding=\"5\">\n<tbody>\n<tr>\n<th>Fonctionnalit\u00e9<\/th>\n<th>Description<\/th>\n<\/tr>\n<tr>\n<td>Paris sportifs complets<\/td>\n<td>Permet de parier sur tous les \u00e9v\u00e9nements sportifs au Togo et \u00e0 l\u2019international.<\/td>\n<\/tr>\n<tr>\n<td>Jeux de casino<\/td>\n<td>Acc\u00e8s aux machines \u00e0 sous, jeux de table classiques et croupiers en direct.<\/td>\n<\/tr>\n<tr>\n<td>Statistiques actualis\u00e9es<\/td>\n<td>Donn\u00e9es en temps r\u00e9el pour optimiser les choix de paris.<\/td>\n<\/tr>\n<tr>\n<td>Mises \u00e0 jour en direct<\/td>\n<td>Suivi instantan\u00e9 des comp\u00e9titions pour ajuster ses paris.<\/td>\n<\/tr>\n<tr>\n<td>Gestion de compte simplifi\u00e9e<\/td>\n<td>Interface intuitive pour g\u00e9rer son profil et ses transactions.<\/td>\n<\/tr>\n<tr>\n<td>Transactions s\u00e9curis\u00e9es<\/td>\n<td>Protection des donn\u00e9es et paiements s\u00e9curis\u00e9s.<\/td>\n<\/tr>\n<tr>\n<td>Optimisation mobile<\/td>\n<td>Navigation fluide et adapt\u00e9e \u00e0 tous les \u00e9crans mobiles.<\/td>\n<\/tr>\n<\/tbody>\n<\/table>\n<p><span style=\"font-weight: 400;\">Elle leur offre, et c&#8217;est capital, un acc\u00e8s imm\u00e9diat \u00e0 tous les \u00e9l\u00e9ments d&#8217;information essentiels pour &#8220;arbitrer&#8221; leurs paris : statistiques de la comp\u00e9tition, mises \u00e0 jour en temps r\u00e9el. Par ailleurs, l&#8217;<\/span>application Paripesa<span style=\"font-weight: 400;\"> d\u00e9bloque aussi un univers complet de jeux de casino, des jeux de table classiques aux machines \u00e0 sous, sans oublier l&#8217;immersion avec les croupiers en direct.<\/span><\/p>\n<h2 id=\"app\"><b>\ud83d\udda5\ufe0f Interface utilisateur et navigation intuitive de Paripesa App<\/b><\/h2>\n<p><span style=\"font-weight: 400;\">D\u00e8s que vous ouvrirez l\u2019application, vous d\u00e9couvrirez sa simplicit\u00e9 d\u2019emploi. Tous les utilisateurs d\u00e9sireux de t\u00e9l\u00e9charger le fichier sur le site officiel ainsi que ceux qui pr\u00e9f\u00e8rent le t\u00e9l\u00e9charger via un App Store (si l\u2019on dispose d\u2019un appareil Apple ou iOS et si l\u2019on choisit le Niger), disposeront d\u2019un acc\u00e8s direct et rapide \u00e0 l\u2019application. Une fois install\u00e9e, la connexion est rapide, laissant entrevoir une interface intuitive enti\u00e8rement adapt\u00e9e \u00e0 tous les \u00e9crans.<\/span><\/p>\n<p><span style=\"font-weight: 400;\">L&#8217;application Paripesa Togo a \u00e9t\u00e9 con\u00e7ue avec une interface utilisateur souple, pour une navigation\u00a0 sans accroc. Elle facilite sans aucun probl\u00e8me l&#8217;acc\u00e8s aux sports favoris, \u00e0 l&#8217;option casino, ou la gestion de son compte. Les divers menus s\u2019av\u00e8rent limpides, et les options sont \u00e0 port\u00e9e de main, rendant impossible toute friction. Une option biom\u00e9trique figure parmi les quelques nouvelles options possibles en 2024 parmi les autres projets non s\u00e9lectionn\u00e9s qui permettent de b\u00e9n\u00e9ficier d\u2019une empreinte, d\u2019une identit\u00e9 plus s\u00e9curis\u00e9e avec un acc\u00e8s direct favorisant le respect d\u2019une ergonomie gagnante, sa rapidit\u00e9. Il va sans dire que l\u2019exp\u00e9rience utilisateur s\u2019av\u00e8re donc aussi simple que pratique en tranquillit\u00e9.<\/span><\/p>\n<h2 id=\"installation\">\ud83d\udce5\u00a0 Paripesa App Download APK \u2013 Guide d&#8217;installation sur Android<\/h2>\n<p><span style=\"font-weight: 400;\">Il vous faudra simplement naviguer vers le site web officiel, cliquer sur le bouton &#8220;T\u00e9l\u00e9charger l&#8217;APK&#8221;, et ensuite autoriser l&#8217;installation \u00e0 partir de &#8220;sources inconnues&#8221;. L\u2019installation est rapide et permet d\u2019acc\u00e9der imm\u00e9diatement \u00e0 toutes les fonctionnalit\u00e9s de paris et de casinos optimis\u00e9es pour Android, pour parier au plus vite en mobilit\u00e9.<\/span><\/p>\n<p><img loading=\"lazy\" decoding=\"async\" class=\"aligncenter size-full wp-image-5458\" title=\"Guide d'installation Paripesa App\" src=\"https:\/\/africa-paripesa.com\/wp-content\/uploads\/2025\/08\/ANDROID-1.webp\" alt=\"T\u00e9l\u00e9charger Paripesa APK Android\" width=\"799\" height=\"480\" srcset=\"https:\/\/africa-paripesa.com\/wp-content\/uploads\/2025\/08\/ANDROID-1.webp 799w, https:\/\/africa-paripesa.com\/wp-content\/uploads\/2025\/08\/ANDROID-1-300x180.webp 300w, https:\/\/africa-paripesa.com\/wp-content\/uploads\/2025\/08\/ANDROID-1-768x461.webp 768w\" sizes=\"auto, (max-width: 799px) 100vw, 799px\" \/><\/p>\n<p><img loading=\"lazy\" decoding=\"async\" class=\"aligncenter size-full wp-image-5469\" title=\"Paripesa APK \u2013 T\u00e9l\u00e9chargement rapide\" src=\"https:\/\/africa-paripesa.com\/wp-content\/uploads\/2025\/08\/android-2.webp\" alt=\"Installer Paripesa sur Android\" width=\"799\" height=\"468\" srcset=\"https:\/\/africa-paripesa.com\/wp-content\/uploads\/2025\/08\/android-2.webp 799w, https:\/\/africa-paripesa.com\/wp-content\/uploads\/2025\/08\/android-2-300x176.webp 300w, https:\/\/africa-paripesa.com\/wp-content\/uploads\/2025\/08\/android-2-768x450.webp 768w\" sizes=\"auto, (max-width: 799px) 100vw, 799px\" \/><\/p>\n<p><span style=\"font-weight: 400;\">Pour t\u00e9l\u00e9charger l\u2019application Paripesa, il suffit de quelques minutes et aucune comp\u00e9tence technique n\u2019est n\u00e9cessaire, de sorte que les joueurs sont vite op\u00e9rationnels sous Android comme iOS.<\/span><\/p>\n<p><span style=\"font-weight: 400;\">En outre, une fois l\u2019application Paripesa Togo install\u00e9e, il est possible de s\u2019adonner \u00e0 l\u2019ensemble des fonctionnalit\u00e9s offertes par le bookmaker, notamment le pari sportif, le casino, la gestion des fonds et des bonus, ce qui fait de l\u2019application mobile Paripesa du bookmaker, l\u2019atout id\u00e9al pour parier quel que soit l\u2019endroit au B\u00e9nin.<\/span><\/p>\n<h2 id=\"download\"><b>\ud83c\udf4f Paripesa App Download iOS \u2013 T\u00e9l\u00e9chargez Sur Apple<\/b><\/h2>\n<p><span style=\"font-weight: 400;\">Il vous est donc facile et s\u00fbr d\u2019obtenir l\u2019application Paripesa via l\u2019App Store (il faut choisir comme pays le Niger), il ne vous reste plus qu\u2019\u00e0 lancer le mot de recherche \u00ab Paripesa \u00bb, et dans les<\/span><span style=\"font-weight: 400;\"> r\u00e9sultats, \u00e0 choisir l\u2019application officielle \u00e0 t\u00e9l\u00e9charger. <\/span><span style=\"font-weight: 400;\">Une fois install\u00e9e, vous pourrez alors entrer dans l\u2019univers du jeu.<\/span><span style=\"font-weight: 400;\"> Vous respectez les exigences d\u2019Apple sans crainte. <\/span><span style=\"font-weight: 400;\">D\u00e8s que l\u2019application est t\u00e9l\u00e9charg\u00e9e, connectez-vous afin d&#8217;entrer dans l&#8217;univers des paris sportifs et casinos con\u00e7us pour iOS.<\/span><\/p>\n<p><img loading=\"lazy\" decoding=\"async\" class=\"aligncenter size-full wp-image-5480\" title=\"Installation Paripesa sur Apple\" src=\"https:\/\/africa-paripesa.com\/wp-content\/uploads\/2025\/08\/IOS-1.webp\" alt=\"T\u00e9l\u00e9charger Paripesa iOS\" width=\"799\" height=\"506\" srcset=\"https:\/\/africa-paripesa.com\/wp-content\/uploads\/2025\/08\/IOS-1.webp 799w, https:\/\/africa-paripesa.com\/wp-content\/uploads\/2025\/08\/IOS-1-300x190.webp 300w, https:\/\/africa-paripesa.com\/wp-content\/uploads\/2025\/08\/IOS-1-768x486.webp 768w\" sizes=\"auto, (max-width: 799px) 100vw, 799px\" \/><\/p>\n<p><img loading=\"lazy\" decoding=\"async\" class=\"aligncenter size-full wp-image-5491\" title=\"Guide de t\u00e9l\u00e9chargement iOS\" src=\"https:\/\/africa-paripesa.com\/wp-content\/uploads\/2025\/08\/IOS-2.webp\" alt=\"Paripesa App sur iPhone\" width=\"799\" height=\"546\" srcset=\"https:\/\/africa-paripesa.com\/wp-content\/uploads\/2025\/08\/IOS-2.webp 799w, https:\/\/africa-paripesa.com\/wp-content\/uploads\/2025\/08\/IOS-2-300x205.webp 300w, https:\/\/africa-paripesa.com\/wp-content\/uploads\/2025\/08\/IOS-2-768x525.webp 768w\" sizes=\"auto, (max-width: 799px) 100vw, 799px\" \/><\/p>\n<p><img loading=\"lazy\" decoding=\"async\" class=\"aligncenter size-full wp-image-5502\" title=\"Paripesa iOS APK rapide\" src=\"https:\/\/africa-paripesa.com\/wp-content\/uploads\/2025\/08\/IOS-3.webp\" alt=\"Installer Paripesa sur iOS\" width=\"799\" height=\"576\" srcset=\"https:\/\/africa-paripesa.com\/wp-content\/uploads\/2025\/08\/IOS-3.webp 799w, https:\/\/africa-paripesa.com\/wp-content\/uploads\/2025\/08\/IOS-3-300x216.webp 300w, https:\/\/africa-paripesa.com\/wp-content\/uploads\/2025\/08\/IOS-3-768x554.webp 768w\" sizes=\"auto, (max-width: 799px) 100vw, 799px\" \/><\/p>\n<h2 id=\"t\u00e9l\u00e9charger\"><b>\ud83c\uddeb\ud83c\uddf7 Paripesa APK -T\u00e9l\u00e9charger Version Fran\u00e7aise<\/b><\/h2>\n<p><span style=\"font-weight: 400;\">L\u2019APK Paripesa \u00e0 t\u00e9l\u00e9charger pour l\u2019ensemble des utilisateurs francophones du Togo, est effectivement une version dont le contenu est int\u00e9gralement traduit, localis\u00e9e au bon lieu et au bon public, mise \u00e0 disposition sur le site officiel. Une version francophone qui vous permettra de naviguer, sans contestation possible, en toute intuitivit\u00e9, au travers d\u2019un syst\u00e8me de menus clairs et bien distincts contenant toutes les fonctionnalit\u00e9s de paris sportifs, d\u2019exploitation de casino, de gestion de compte ainsi que de suivi des demandes de contact pour assistance\/conseil. En t\u00e9l\u00e9chargeant ce programme d\u2019application mobile, c\u2019est donc bien une exp\u00e9rience de jeux de paris au jeu jouable qui respecte pleinement la pertinence linguistique du mobile au jeu.<\/span><\/p>\n<h2 id=\"faq\"><b>\u2753 FAQ\u00a0<\/b><\/h2>\n<h3><b>Comment t\u00e9l\u00e9charger Paripesa App sur mon mobile ?<\/b><span style=\"font-weight: 400;\">\u00a0 <\/span><\/h3>\n<p><span style=\"font-weight: 400;\">Pour <\/span><span style=\"font-weight: 400;\">les utilisateurs <\/span><span style=\"font-weight: 400;\">Android, l&#8217;APK <\/span><span style=\"font-weight: 400;\">est disponible en t\u00e9l\u00e9chargement <\/span><span style=\"font-weight: 400;\">sur le site <\/span><span style=\"font-weight: 400;\">web <\/span><span style=\"font-weight: 400;\">officiel<\/span> <span style=\"font-weight: 400;\">(il faut s\u00e9lectionner le Niger). Il faut \u00eatre majeur et cr\u00e9er un compte.<\/span><\/p>\n<h3><b>L\u2019application Paripesa est-elle s\u00e9curis\u00e9e ?<\/b><\/h3>\n<p><span style=\"font-weight: 400;\">Oui, il est s\u00e9curis\u00e9 gr\u00e2ce au chiffrement, \u00e0 la double authentification (2FA) ainsi qu\u2019aux mises \u00e0 jour r\u00e9guli\u00e8res.<\/span><\/p>\n<h3><b>Puis-je faire des d\u00e9p\u00f4ts et retraits sur l\u2019application ?<\/b><\/h3>\n<p><span style=\"font-weight: 400;\">Oui, g\u00e9rez-les <\/span><span style=\"font-weight: 400;\">en utilisant <\/span><span style=\"font-weight: 400;\">les <\/span><span style=\"font-weight: 400;\">options <\/span><span style=\"font-weight: 400;\">de paiement <\/span><span style=\"font-weight: 400;\">qui sont disponibles localement<\/span><span style=\"font-weight: 400;\">.<\/span><\/p>\n","protected":false},"excerpt":{"rendered":"<p>\ud83d\udcf1 Paripesa App Togo \u2013 Application de Paris Sportifs Fiable pour les Joueurs L\u2019outil mobile Paripesa App, d\u00e9velopp\u00e9 sp\u00e9cifiquement pour le Togo, a, sans conteste, constitu\u00e9 le choix des parieurs au Togo, en un temps record, au terme duquel les joueurs du pays peuvent donc acc\u00e9der, directement et en toute fiabilit\u00e9, \u00e0 l\u2019ensemble des paris [&hellip;]<\/p>\n","protected":false},"author":1,"featured_media":0,"parent":0,"menu_order":0,"comment_status":"closed","ping_status":"closed","template":"","meta":{"_sitemap_exclude":false,"_sitemap_priority":"","_sitemap_frequency":"","footnotes":""},"class_list":["post-5425","page","type-page","status-publish","hentry"],"acf":[],"yoast_head":"<!-- This site is optimized with the Yoast SEO plugin v23.6 - https:\/\/yoast.com\/wordpress\/plugins\/seo\/ -->\n<title>Paripesa App Togo | Paris sportifs et casino fiables sur mobile \ud83d\udcf2<\/title>\n<meta name=\"description\" content=\"D\u00e9couvrez Paripesa App Togo, l\u2019application mobile fiable pour parier sur le sport et profiter des jeux de casino en toute s\u00e9curit\u00e9.\" \/>\n<meta name=\"robots\" content=\"index, follow, max-snippet:-1, max-image-preview:large, max-video-preview:-1\" \/>\n<meta property=\"og:locale\" content=\"fr_FR\" \/>\n<meta property=\"og:type\" content=\"article\" \/>\n<meta property=\"og:url\" content=\"https:\/\/africa-paripesa.com\/fr-tg\/app\/\" \/>\n<meta property=\"og:site_name\" content=\"paripesa\" \/>\n<meta property=\"article:modified_time\" content=\"2025-10-17T18:55:24+00:00\" \/>\n<meta property=\"og:image\" content=\"https:\/\/africa-paripesa.com\/wp-content\/uploads\/2025\/08\/TELECHARGER-1.webp\" \/>\n<meta name=\"twitter:card\" content=\"summary_large_image\" \/>\n<meta name=\"twitter:label1\" content=\"Est. reading time\" \/>\n\t<meta name=\"twitter:data1\" content=\"7 minutes\" \/>\n<!-- \/ Yoast SEO plugin. -->","yoast_head_json":{"title":"Paripesa App Togo | Paris sportifs et casino fiables sur mobile \ud83d\udcf2","description":"D\u00e9couvrez Paripesa App Togo, l\u2019application mobile fiable pour parier sur le sport et profiter des jeux de casino en toute s\u00e9curit\u00e9.","robots":{"index":"index","follow":"follow","max-snippet":"max-snippet:-1","max-image-preview":"max-image-preview:large","max-video-preview":"max-video-preview:-1"},"og_locale":"fr_FR","og_type":"article","og_url":"https:\/\/africa-paripesa.com\/fr-tg\/app\/","og_site_name":"paripesa","article_modified_time":"2025-10-17T18:55:24+00:00","og_image":[{"url":"https:\/\/africa-paripesa.com\/wp-content\/uploads\/2025\/08\/TELECHARGER-1.webp"}],"twitter_card":"summary_large_image","twitter_misc":{"Est. reading time":"7 minutes"},"schema":{"@context":"https:\/\/schema.org","@graph":[{"@type":"WebPage","@id":"https:\/\/africa-paripesa.com\/fr-tg\/app\/","url":"https:\/\/africa-paripesa.com\/fr-tg\/app\/","name":"Paripesa App Togo | Paris sportifs et casino fiables sur mobile \ud83d\udcf2","isPartOf":{"@id":"https:\/\/africa-paripesa.com\/#website"},"primaryImageOfPage":{"@id":"https:\/\/africa-paripesa.com\/fr-tg\/app\/#primaryimage"},"image":{"@id":"https:\/\/africa-paripesa.com\/fr-tg\/app\/#primaryimage"},"thumbnailUrl":"https:\/\/africa-paripesa.com\/wp-content\/uploads\/2025\/08\/TELECHARGER-1.webp","datePublished":"2025-08-13T10:51:17+00:00","dateModified":"2025-10-17T18:55:24+00:00","description":"D\u00e9couvrez Paripesa App Togo, l\u2019application mobile fiable pour parier sur le sport et profiter des jeux de casino en toute s\u00e9curit\u00e9.","breadcrumb":{"@id":"https:\/\/africa-paripesa.com\/fr-tg\/app\/#breadcrumb"},"inLanguage":"fr-TG","potentialAction":[{"@type":"ReadAction","target":["https:\/\/africa-paripesa.com\/fr-tg\/app\/"]}]},{"@type":"ImageObject","inLanguage":"fr-TG","@id":"https:\/\/africa-paripesa.com\/fr-tg\/app\/#primaryimage","url":"https:\/\/africa-paripesa.com\/wp-content\/uploads\/2025\/08\/TELECHARGER-1.webp","contentUrl":"https:\/\/africa-paripesa.com\/wp-content\/uploads\/2025\/08\/TELECHARGER-1.webp"},{"@type":"BreadcrumbList","@id":"https:\/\/africa-paripesa.com\/fr-tg\/app\/#breadcrumb","itemListElement":[{"@type":"ListItem","position":1,"name":"Paripesa","item":"https:\/\/africa-paripesa.com\/"},{"@type":"ListItem","position":2,"name":"APP"}]},{"@type":"WebSite","@id":"https:\/\/africa-paripesa.com\/#website","url":"https:\/\/africa-paripesa.com\/","name":"paripesa","description":"","potentialAction":[{"@type":"SearchAction","target":{"@type":"EntryPoint","urlTemplate":"https:\/\/africa-paripesa.com\/?s={search_term_string}"},"query-input":{"@type":"PropertyValueSpecification","valueRequired":true,"valueName":"search_term_string"}}],"inLanguage":"fr-TG"}]}},"_links":{"self":[{"href":"https:\/\/africa-paripesa.com\/fr-tg\/wp-json\/wp\/v2\/pages\/5425","targetHints":{"allow":["GET"]}}],"collection":[{"href":"https:\/\/africa-paripesa.com\/fr-tg\/wp-json\/wp\/v2\/pages"}],"about":[{"href":"https:\/\/africa-paripesa.com\/fr-tg\/wp-json\/wp\/v2\/types\/page"}],"author":[{"embeddable":true,"href":"https:\/\/africa-paripesa.com\/fr-tg\/wp-json\/wp\/v2\/users\/1"}],"replies":[{"embeddable":true,"href":"https:\/\/africa-paripesa.com\/fr-tg\/wp-json\/wp\/v2\/comments?post=5425"}],"version-history":[{"count":9,"href":"https:\/\/africa-paripesa.com\/fr-tg\/wp-json\/wp\/v2\/pages\/5425\/revisions"}],"predecessor-version":[{"id":6654,"href":"https:\/\/africa-paripesa.com\/fr-tg\/wp-json\/wp\/v2\/pages\/5425\/revisions\/6654"}],"wp:attachment":[{"href":"https:\/\/africa-paripesa.com\/fr-tg\/wp-json\/wp\/v2\/media?parent=5425"}],"curies":[{"name":"wp","href":"https:\/\/api.w.org\/{rel}","templated":true}]}}