{"id":5429,"date":"2025-08-13T10:51:40","date_gmt":"2025-08-13T10:51:40","guid":{"rendered":"https:\/\/africa-paripesa.com\/?page_id=5429"},"modified":"2025-10-17T18:56:33","modified_gmt":"2025-10-17T18:56:33","slug":"casino","status":"publish","type":"page","link":"https:\/\/africa-paripesa.com\/fr-tg\/casino\/","title":{"rendered":"Casino en ligne"},"content":{"rendered":"<h1><span style=\"font-weight: 400;\">\ud83c\udfb0 Paripesa Casino en ligne Togo \u2013\u00a0 Un univers des jeux modernes et Offres Exclusives<\/span><\/h1>\n<p><span style=\"font-weight: 400;\">Une nouvelle \u00e8re au Togo vous est offerte avec l\u2019univers de jeu passionnant du bookmaker Paripesa. Que vous soyez d\u00e9butant ou professionnel dans le domaine des jeux en ligne, la plateforme met \u00e0 votre disposition une large s\u00e9lection de promotions et de bonus sp\u00e9ciaux pour booster votre exp\u00e9rience de jeu. Vous avez \u00e9galement acc\u00e8s \u00e0 des codes promo bonus qui boostent davantage vos bonus et vous offrant ainsi une forte chance de d\u00e9crocher le jackpot. Faites votre inscription imm\u00e9diatement sur Paripesa casino et jouez aux paris sportifs et jeux casino avec un bonus de bienvenue boost\u00e9 avec code promo de 200% !<\/span><\/p>\n<div style=\"background-color: darkcyan; box-shadow: inset 0 0 10px 3px rgb(247 247 247 \/ 60%), 0 0 10px 3px #ccc0b5 !important;\">\n<ul>\n<li style=\"list-style-type: none;\">\n<ul>\n<li style=\"list-style-type: none;\">\n<ul>\n<li style=\"list-style-type: none;\">\n<ul>\n<li><a href=\"#casino\">\ud83d\udcbb Paripesa Casino \u2013 L&#8217;Univers des jeux modernes en Ligne \u00e0 Togo<\/a><\/li>\n<li><a href=\"#review\">\ud83d\udee1\ufe0f Paripesa Casino Review \u2013 Avis Complet pour les Joueurs Togolais<\/a><\/li>\n<li><a href=\"#comment\">\ud83d\udc8e Comment Acc\u00e9der Rapidement \u00e0 paripesa casino login ?\u00a0<\/a><\/li>\n<li><a href=\"#app\">\u26a1Paripesa casino promo code: D\u00e9bloquez Vos Bonus exclusifs<\/a><\/li>\n<li><a href=\"#faq\">\u2753FAQ<\/a><\/li>\n<\/ul>\n<\/li>\n<\/ul>\n<\/li>\n<\/ul>\n<\/li>\n<\/ul>\n<\/div>\n<p>&nbsp;<\/p>\n<h2 id=\"casino\"><span style=\"font-weight: 400;\">\ud83d\udcbb Paripesa Casino en ligne \u2013 L&#8217;Univers des jeux modernes en Ligne \u00e0 Togo<\/span><\/h2>\n<p><span style=\"font-weight: 400;\">Gr\u00e2ce \u00e0 son espace de jeu en ligne passionnant et ergonomique, Paripesa apporte une touche moderne \u00e0 l\u2019industrie des jeux casino et des paris sportifs. En effet, l\u2019univers de jeu en ligne du bookmaker au Togo pr\u00e9sente plus 3000 jeux de casino regroup\u00e9s en de diverses cat\u00e9gories. De plus, vous avez la possibilit\u00e9 de placer des paris sportifs sur plusieurs \u00e9v\u00e9nements sportifs (football, handball, etc) locaux comme internationaux. De plus, vous avez aussi acc\u00e8s \u00e0 des paris sur des \u00e9v\u00e9nements avant le d\u00e9roulement des match et d\u2019autres en direct.\u00a0<\/span><\/p>\n<h3><span style=\"font-weight: 400;\">\ud83c\udfaf Jeux Populaires Disponibles dans le casino en ligne Paripesa au Togo<\/span><\/h3>\n<p><span style=\"font-weight: 400;\">Le casino en ligne de la plateforme regorge plusieurs cat\u00e9gories de jeux en ligne qui vous plongent dans un univers de jeu exceptionnel. D\u00e9couvrez quelques d\u00e9tails sur ces cat\u00e9gorie de jeu:<\/span><\/p>\n<table>\n<tbody>\n<tr>\n<td><span style=\"font-weight: 400;\">Cat\u00e9gories de jeux populaires<\/span><\/td>\n<td><span style=\"font-weight: 400;\">Jeux disponibles<\/span><\/td>\n<\/tr>\n<tr>\n<td><span style=\"font-weight: 400;\">Machines \u00e0 sous<\/span><\/td>\n<td><span style=\"font-weight: 400;\">On distingue principalement les jeux comme: Sweet Bonanza, Gates of Olympus,\u00a0 Book of Dead, Big Bass Splash, etc\u00a0<\/span><\/td>\n<\/tr>\n<tr>\n<td><span style=\"font-weight: 400;\">Jeux de tables classiques<\/span><\/td>\n<td><span style=\"font-weight: 400;\">Notons ici le Blackjack, Premium European Blackjack, Three Card Poker, Baccarat, la roulette, etc.<\/span><\/td>\n<\/tr>\n<tr>\n<td><span style=\"font-weight: 400;\">Jeux en direct<\/span><\/td>\n<td><span style=\"font-weight: 400;\">Lightning Roulette, Blackjack Party, Monopoly Live et plein d\u2019autres jeux modernes.<\/span><\/td>\n<\/tr>\n<tr>\n<td><span style=\"font-weight: 400;\">Jeux de cras ou instantan\u00e9s<\/span><\/td>\n<td><span style=\"font-weight: 400;\">Aviator, Crash, Spaceman, JetX, etc.\u00a0<\/span><\/td>\n<\/tr>\n<\/tbody>\n<\/table>\n<p>&nbsp;<\/p>\n<p><span style=\"font-weight: 400;\">Les jeux disponibles dans le casino en ligne offrent des bonus sp\u00e9ciaux notamment les multiplicateurs de gains, les symboles sp\u00e9ciaux comme le wild, et scatter, etc.\u00a0<\/span><\/p>\n<h3><span style=\"font-weight: 400;\">\ud83d\udd25 Une exp\u00e9rience de jeu in\u00e9gal\u00e9e en ligne avec Paripesa Casino en ligne Togo<\/span><\/h3>\n<p><span style=\"font-weight: 400;\">Occupant une place consid\u00e9rable parmi les meilleurs univers de jeu en ligne, Paripesa est celui qui vous garantit une exp\u00e9rience de jeu immersive Togo. Elle met \u00e0 votre disposition tout ce dont vous avez besoin pour un parcours exceptionnel. En effet, la plateforme vous offre une s\u00e9rie illimit\u00e9e de bonus et de promotions vous permettant de booster vos gains en quelques clics. D\u00e9couvrez une liste des meilleure offres et bonus de la plateforme dans le tableau ci-dessous:\u00a0<\/span><\/p>\n<table>\n<tbody>\n<tr>\n<td><span style=\"font-weight: 400;\">Promotions et offres sp\u00e9ciales<\/span><\/td>\n<td><span style=\"font-weight: 400;\">D\u00e9tails<\/span><\/td>\n<\/tr>\n<tr>\n<td><span style=\"font-weight: 400;\">Bonus de bienvenue<\/span><\/td>\n<td><span style=\"font-weight: 400;\">Un bonus de 100% sur votre premier d\u00e9p\u00f4t soit jusqu\u2019\u00e0 65 000 XOF.<\/span><\/td>\n<\/tr>\n<tr>\n<td><span style=\"font-weight: 400;\">Un pack de bienvenue<\/span><\/td>\n<td><span style=\"font-weight: 400;\">Pour jouer aux jeux casino, un lot de cadeaux de 975 000 XOF avec 150 tours gratuits est disponible.\u00a0<\/span><\/td>\n<\/tr>\n<tr>\n<td><span style=\"font-weight: 400;\">Cashback Hebdomadaire<\/span><\/td>\n<td><span style=\"font-weight: 400;\">3% de vos paris perdus vous sont retourn\u00e9s chaque semaine.\u00a0<\/span><\/td>\n<\/tr>\n<\/tbody>\n<\/table>\n<p><span style=\"font-weight: 400;\">Pour une exp\u00e9rience de jeu plus immersive et in\u00e9gal\u00e9e, la plateforme \u00e0 mis en place une application mobile en version Android et iOS accessible \u00e0 tout le monde.\u00a0<\/span><\/p>\n<h2 id=\"review\"><span style=\"font-weight: 400;\"> \ud83d\udee1\ufe0f Paripesa Casino en ligne Review \u2013 Avis Complet pour les Joueurs Togolais<\/span><\/h2>\n<p><span style=\"font-weight: 400;\">On note plus de 4 000 000 d\u2019utilisateurs d\u00e9j\u00e0 inscrits sur la plateforme et qui b\u00e9n\u00e9ficient au quotidien des offres et services de la plateforme. En effet, plusieurs sont les joueurs qui t\u00e9moignent positivement sur la qualit\u00e9 et l\u2019impact des offres du bookmaker. En ce qui concerne les bonus et packs de bienvenue, ils permettent non seulement de booster le solde des joueurs mais leur permettent aussi de commencer leur aventure pour des gains colossaux. De plus, les joueurs togolais ont cette possibilit\u00e9 de parier sur des \u00e9v\u00e9nements sportifs de nature locale.<\/span><\/p>\n<p><img loading=\"lazy\" decoding=\"async\" class=\"aligncenter size-full wp-image-5550\" title=\"D\u00e9couvrez Paripesa Casino Togo\" src=\"https:\/\/africa-paripesa.com\/wp-content\/uploads\/2025\/08\/Casino-Togo.webp\" alt=\"Paripesa Casino Togo \u2013 Jeux et bonus\" width=\"799\" height=\"387\" srcset=\"https:\/\/africa-paripesa.com\/wp-content\/uploads\/2025\/08\/Casino-Togo.webp 799w, https:\/\/africa-paripesa.com\/wp-content\/uploads\/2025\/08\/Casino-Togo-300x145.webp 300w, https:\/\/africa-paripesa.com\/wp-content\/uploads\/2025\/08\/Casino-Togo-768x372.webp 768w\" sizes=\"auto, (max-width: 799px) 100vw, 799px\" \/><\/p>\n<h3><span style=\"font-weight: 400;\">\ud83d\udcdd\u00a0 Interface et Exp\u00e9rience Utilisateur Immersive sur la plateforme en ligne<\/span><\/h3>\n<p><span style=\"font-weight: 400;\">Le bookmaker vous offre des interfaces de pointe et tr\u00e8s modernes afin de rendre votre parcours de jeu exceptionnel. On note des interfaces intuitives, conviviales, et tr\u00e8s fluides<\/span> <span style=\"font-weight: 400;\"> permettant ainsi de naviguer sans bug d\u2019une session \u00e0 une autre de fa\u00e7on optimale. De plus, on distingue aussi le mixage des couleurs bleu, noir et orange qui offre une vue tr\u00e8s esth\u00e9tique. Les animations sur les interfaces sont finement travaill\u00e9es offrant seulement un bon dynamisme dans les sessions de navigation.<\/span><\/p>\n<h3><span style=\"font-weight: 400;\">\ud83c\udff7\ufe0f\u00a0 S\u00e9curit\u00e9, Paiements et Assistance \u2013 paripesa casino review en D\u00e9tail<\/span><\/h3>\n<p><span style=\"font-weight: 400;\">Le site des paris en ligne a aussi pens\u00e9 \u00e0 la s\u00e9curit\u00e9 de son univers de jeu et aussi \u00e0 comment accompagner ses joueurs dans leur parcours de jeu. D\u00e9couvrez toutes les informations sur la s\u00e9curit\u00e9, les paiements et l\u2019assistance sur la plateforme dans ce tableau:<\/span><\/p>\n<table>\n<tbody>\n<tr>\n<td><span style=\"font-weight: 400;\">Informations cl\u00e9e<\/span><\/td>\n<td><span style=\"font-weight: 400;\">D\u00e9tails<\/span><\/td>\n<\/tr>\n<tr>\n<td><span style=\"font-weight: 400;\">S\u00e9curit\u00e9 et fiabilit\u00e9<\/span><\/td>\n<td><span style=\"font-weight: 400;\">Licence de jeu de Cura\u00e7ao iGaming.\u00a0<\/span><\/td>\n<\/tr>\n<tr>\n<td><span style=\"font-weight: 400;\">M\u00e9thodes de paiement<\/span><\/td>\n<td><span style=\"font-weight: 400;\">Portefeuilles \u00e9lectroniques, bancaires, par crypto, etc\u00a0<\/span><\/td>\n<\/tr>\n<tr>\n<td><span style=\"font-weight: 400;\">Assistance personnalis\u00e9e<\/span><\/td>\n<td><span style=\"font-weight: 400;\">Service d\u2019assistance est disponible via email <\/span><a href=\"mailto:support-fr@paripesa.com\"><span style=\"font-weight: 400;\">support-fr@paripesa.com<\/span><\/a><span style=\"font-weight: 400;\">.<\/span><\/td>\n<\/tr>\n<\/tbody>\n<\/table>\n<p>&nbsp;<\/p>\n<p><span style=\"font-weight: 400;\">Vous avez la possibilit\u00e9 de joindre le service client par t\u00e9l\u00e9phone ou par chat en direct.<\/span><\/p>\n<h2 id=\"comment\"><span style=\"font-weight: 400;\">\ud83d\udc8e Comment Acc\u00e9der Rapidement \u00e0 paripesa casino login ?\u00a0<\/span><\/h2>\n<p><span style=\"font-weight: 400;\">Le processus pour vous connecter \u00e0 votre espace est tr\u00e8s simple et rapide. Suivez ces \u00e9tapes:\u00a0<\/span><\/p>\n<table>\n<tbody>\n<tr>\n<td><span style=\"font-weight: 400;\">Rendez-vous sur la plateforme officielle du site;<\/span><\/td>\n<td><span style=\"font-weight: 400;\">Entrez votre mot de passe personnel de connexion<\/span><\/td>\n<\/tr>\n<tr>\n<td><span style=\"font-weight: 400;\">Cliquez sur la rubrique sous forme de bouton \u201cConnexion\u201d;<\/span><\/td>\n<td><span style=\"font-weight: 400;\">Cliquez sur \u201cConnexion\u201d pour finir;<\/span><\/td>\n<\/tr>\n<tr>\n<td><span style=\"font-weight: 400;\">Renseignez vos informations en fonction de la m\u00e9thode choisie;<\/span><\/td>\n<td><span style=\"font-weight: 400;\">Faites un premier d\u00e9p\u00f4t minimum<\/span><\/td>\n<\/tr>\n<\/tbody>\n<\/table>\n<p><span style=\"font-weight: 400;\">Une fois que vous \u00eates connect\u00e9, choisissez votre jeu pr\u00e9f\u00e9r\u00e9 et lancez-vous si possible en compte d\u00e9mo avant de passer en r\u00e9el.<\/span><\/p>\n<h2 id=\"app\"><span style=\"font-weight: 400;\">\u26a1Paripesa casino en ligne promo code: D\u00e9bloquez Vos Bonus exclusifs<\/span><\/h2>\n<p><span style=\"font-weight: 400;\">Vous disposez d\u2019une rubrique sur la plateforme intitul\u00e9e Magasin des codes promo. Cette session vous permet d\u2019acc\u00e9der \u00e0 des codes promo bonus pour d\u00e9bloquer d\u2019autres bonus sur la plateforme. Au nombre de ces codes, on peut citer le code SKOPARI et celui PESAFRIK. Ces codes peuvent \u00eatre aussi utilis\u00e9s au cours de l\u2019inscription afin de booster davantage le bonus de bienvenue offert apr\u00e8s le premier d\u00e9p\u00f4t.\u00a0<\/span><\/p>\n<p><img loading=\"lazy\" decoding=\"async\" class=\"aligncenter size-full wp-image-5561\" title=\"Offres uniques Paripesa Togo\" src=\"https:\/\/africa-paripesa.com\/wp-content\/uploads\/2025\/08\/Casino-Togo-1.webp\" alt=\"Jeux et bonus Paripesa Togo\" width=\"799\" height=\"319\" srcset=\"https:\/\/africa-paripesa.com\/wp-content\/uploads\/2025\/08\/Casino-Togo-1.webp 799w, https:\/\/africa-paripesa.com\/wp-content\/uploads\/2025\/08\/Casino-Togo-1-300x120.webp 300w, https:\/\/africa-paripesa.com\/wp-content\/uploads\/2025\/08\/Casino-Togo-1-768x307.webp 768w\" sizes=\"auto, (max-width: 799px) 100vw, 799px\" \/><\/p>\n<h2 id=\"faq\"><span style=\"font-weight: 400;\">\u2753 FAQ<\/span><\/h2>\n<h3><span style=\"font-weight: 400;\">Comment puis-je recevoir le bonus de bienvenue sur Paripesa au Togo?<\/span><\/h3>\n<p><span style=\"font-weight: 400;\">Le bonus de bienvenue est offert \u00e0 tous les nouveaux utilisateurs. Il suffit de vous inscrire sur la plateforme et d\u2019effectuer un premier d\u00e9p\u00f4t au moins de 650 XOF.<\/span><\/p>\n<h3><span style=\"font-weight: 400;\">Les paiements par crypto sont-ils disponibles sur la plateforme ?<\/span><\/h3>\n<p><span style=\"font-weight: 400;\">Oui ! Vous avez la possibilit\u00e9 de faire des d\u00e9p\u00f4ts et retraits via crypto notamment par usdt, ton, eth, bitcoin, etc.<\/span><\/p>\n<h3><span style=\"font-weight: 400;\">Quelle est la dur\u00e9e des paiements de retraits sur le site en ligne?<\/span><\/h3>\n<p><span style=\"font-weight: 400;\">Les diff\u00e9rentes transactions de retraits sur le site sont instantan\u00e9es, s\u00e9curis\u00e9es et sans frais.\u00a0 <\/span><\/p>\n","protected":false},"excerpt":{"rendered":"<p>\ud83c\udfb0 Paripesa Casino en ligne Togo \u2013\u00a0 Un univers des jeux modernes et Offres Exclusives Une nouvelle \u00e8re au Togo vous est offerte avec l\u2019univers de jeu passionnant du bookmaker Paripesa. Que vous soyez d\u00e9butant ou professionnel dans le domaine des jeux en ligne, la plateforme met \u00e0 votre disposition une large s\u00e9lection de promotions [&hellip;]<\/p>\n","protected":false},"author":1,"featured_media":0,"parent":0,"menu_order":0,"comment_status":"closed","ping_status":"closed","template":"","meta":{"_sitemap_exclude":false,"_sitemap_priority":"","_sitemap_frequency":"","footnotes":""},"class_list":["post-5429","page","type-page","status-publish","hentry"],"acf":[],"yoast_head":"<!-- This site is optimized with the Yoast SEO plugin v23.6 - https:\/\/yoast.com\/wordpress\/plugins\/seo\/ -->\n<title>Paripesa Casino en ligne Togo \u2013 Jeux &amp; Offres \ud83c\udfb0<\/title>\n<meta name=\"description\" content=\"D\u00e9couvrez Paripesa Casino en ligne Togo, un univers de jeux modernes avec des bonus et promotions exclusives pour tous les joueurs.\" \/>\n<meta name=\"robots\" content=\"index, follow, max-snippet:-1, max-image-preview:large, max-video-preview:-1\" \/>\n<meta property=\"og:locale\" content=\"fr_FR\" \/>\n<meta property=\"og:type\" content=\"article\" \/>\n<meta property=\"og:url\" content=\"https:\/\/africa-paripesa.com\/fr-tg\/casino\/\" \/>\n<meta property=\"og:site_name\" content=\"paripesa\" \/>\n<meta property=\"article:modified_time\" content=\"2025-10-17T18:56:33+00:00\" \/>\n<meta property=\"og:image\" content=\"https:\/\/africa-paripesa.com\/wp-content\/uploads\/2025\/08\/Casino-Togo.webp\" \/>\n<meta name=\"twitter:card\" content=\"summary_large_image\" \/>\n<meta name=\"twitter:label1\" content=\"Est. reading time\" \/>\n\t<meta name=\"twitter:data1\" content=\"6 minutes\" \/>\n<!-- \/ Yoast SEO plugin. -->","yoast_head_json":{"title":"Paripesa Casino en ligne Togo \u2013 Jeux & Offres \ud83c\udfb0","description":"D\u00e9couvrez Paripesa Casino en ligne Togo, un univers de jeux modernes avec des bonus et promotions exclusives pour tous les joueurs.","robots":{"index":"index","follow":"follow","max-snippet":"max-snippet:-1","max-image-preview":"max-image-preview:large","max-video-preview":"max-video-preview:-1"},"og_locale":"fr_FR","og_type":"article","og_url":"https:\/\/africa-paripesa.com\/fr-tg\/casino\/","og_site_name":"paripesa","article_modified_time":"2025-10-17T18:56:33+00:00","og_image":[{"url":"https:\/\/africa-paripesa.com\/wp-content\/uploads\/2025\/08\/Casino-Togo.webp"}],"twitter_card":"summary_large_image","twitter_misc":{"Est. reading time":"6 minutes"},"schema":{"@context":"https:\/\/schema.org","@graph":[{"@type":"WebPage","@id":"https:\/\/africa-paripesa.com\/fr-tg\/casino\/","url":"https:\/\/africa-paripesa.com\/fr-tg\/casino\/","name":"Paripesa Casino en ligne Togo \u2013 Jeux & Offres \ud83c\udfb0","isPartOf":{"@id":"https:\/\/africa-paripesa.com\/#website"},"primaryImageOfPage":{"@id":"https:\/\/africa-paripesa.com\/fr-tg\/casino\/#primaryimage"},"image":{"@id":"https:\/\/africa-paripesa.com\/fr-tg\/casino\/#primaryimage"},"thumbnailUrl":"https:\/\/africa-paripesa.com\/wp-content\/uploads\/2025\/08\/Casino-Togo.webp","datePublished":"2025-08-13T10:51:40+00:00","dateModified":"2025-10-17T18:56:33+00:00","description":"D\u00e9couvrez Paripesa Casino en ligne Togo, un univers de jeux modernes avec des bonus et promotions exclusives pour tous les joueurs.","breadcrumb":{"@id":"https:\/\/africa-paripesa.com\/fr-tg\/casino\/#breadcrumb"},"inLanguage":"fr-TG","potentialAction":[{"@type":"ReadAction","target":["https:\/\/africa-paripesa.com\/fr-tg\/casino\/"]}]},{"@type":"ImageObject","inLanguage":"fr-TG","@id":"https:\/\/africa-paripesa.com\/fr-tg\/casino\/#primaryimage","url":"https:\/\/africa-paripesa.com\/wp-content\/uploads\/2025\/08\/Casino-Togo.webp","contentUrl":"https:\/\/africa-paripesa.com\/wp-content\/uploads\/2025\/08\/Casino-Togo.webp"},{"@type":"BreadcrumbList","@id":"https:\/\/africa-paripesa.com\/fr-tg\/casino\/#breadcrumb","itemListElement":[{"@type":"ListItem","position":1,"name":"Paripesa","item":"https:\/\/africa-paripesa.com\/"},{"@type":"ListItem","position":2,"name":"Casino en ligne"}]},{"@type":"WebSite","@id":"https:\/\/africa-paripesa.com\/#website","url":"https:\/\/africa-paripesa.com\/","name":"paripesa","description":"","potentialAction":[{"@type":"SearchAction","target":{"@type":"EntryPoint","urlTemplate":"https:\/\/africa-paripesa.com\/?s={search_term_string}"},"query-input":{"@type":"PropertyValueSpecification","valueRequired":true,"valueName":"search_term_string"}}],"inLanguage":"fr-TG"}]}},"_links":{"self":[{"href":"https:\/\/africa-paripesa.com\/fr-tg\/wp-json\/wp\/v2\/pages\/5429","targetHints":{"allow":["GET"]}}],"collection":[{"href":"https:\/\/africa-paripesa.com\/fr-tg\/wp-json\/wp\/v2\/pages"}],"about":[{"href":"https:\/\/africa-paripesa.com\/fr-tg\/wp-json\/wp\/v2\/types\/page"}],"author":[{"embeddable":true,"href":"https:\/\/africa-paripesa.com\/fr-tg\/wp-json\/wp\/v2\/users\/1"}],"replies":[{"embeddable":true,"href":"https:\/\/africa-paripesa.com\/fr-tg\/wp-json\/wp\/v2\/comments?post=5429"}],"version-history":[{"count":6,"href":"https:\/\/africa-paripesa.com\/fr-tg\/wp-json\/wp\/v2\/pages\/5429\/revisions"}],"predecessor-version":[{"id":6657,"href":"https:\/\/africa-paripesa.com\/fr-tg\/wp-json\/wp\/v2\/pages\/5429\/revisions\/6657"}],"wp:attachment":[{"href":"https:\/\/africa-paripesa.com\/fr-tg\/wp-json\/wp\/v2\/media?parent=5429"}],"curies":[{"name":"wp","href":"https:\/\/api.w.org\/{rel}","templated":true}]}}