{"id":5603,"date":"2025-07-17T20:40:48","date_gmt":"2025-07-17T20:40:48","guid":{"rendered":"https:\/\/africa-paripesa.com\/bonus-2\/"},"modified":"2025-10-17T18:56:08","modified_gmt":"2025-10-17T18:56:08","slug":"bonus","status":"publish","type":"page","link":"https:\/\/africa-paripesa.com\/fr-tg\/bonus\/","title":{"rendered":"Bonus"},"content":{"rendered":"<h1 id=\"profitez\"><span style=\"font-weight: 400;\">\ud83c\udf81\u00a0 Profitez du Paripesa Bonus<\/span><span style=\"font-weight: 400;\">\u00a0Togo \u2013 Offres Exceptionnelles pour Tous les Joueurs<\/span><\/h1>\n<p><span style=\"font-weight: 400;\">Vivez une exp\u00e9rience de jeu hors pair avec l\u2019univers des jeux modernes Paripesa au Togo. C\u2019est un espace de jeu en ligne mis \u00e0 votre disposition pour vos paris sportifs et vos jeux casino en ligne. Dans cet univers, vous avez acc\u00e8s \u00e0 une vari\u00e9t\u00e9 d\u2019options de paris sur plusieurs disciplines sportives, plusieurs cat\u00e9gories de jeux casino tous pond\u00e9r\u00e9s des bonus tr\u00e8s excitants. Vous avez donc la possibilit\u00e9 de maximiser vos gains avec ces lots de bonus et cadeaux et ainsi d\u00e9crocher le jackpot. Le bookmaker vous offre un univers s\u00e9curis\u00e9 avec des m\u00e9thodes d\u2019inscription vari\u00e9es et adapt\u00e9es \u00e0 votre pr\u00e9f\u00e9rence. Rejoignez le jeu d\u00e8s maintenant en vous inscrivant puis recevez votre premier <\/span>Paripesa bonus<span style=\"font-weight: 400;\"> sur d\u00e9p\u00f4t de 100% jusqu\u2019\u00e0 65 000 XOF !<\/span><\/p>\n<div style=\"background-color: darkcyan; box-shadow: inset 0 0 10px 3px rgb(247 247 247 \/ 60%), 0 0 10px 3px #ccc0b5 !important;\">\n<p>Table of content<\/p>\n<ul>\n<li><a href=\"#profitez\">\ud83c\udf81\u00a0 Profitez du Paripesa Bonus<span style=\"font-weight: 400;\"> Togo \u2013 Offres Exceptionnelles pour Tous les Joueurs<\/span><\/a><\/li>\n<li><a href=\"#pourquoi\">\ud83d\udca1 Pourquoi tant de joueurs craquent pour les offres Paripesa Bonus ?<\/a><\/li>\n<li><a href=\"#suppl\u00e9mentaires\">\u2b50 Paripesa Promo Code \u2013 Utilisez un Code pour D\u00e9bloquer des R\u00e9compenses Suppl\u00e9mentaires\u00a0<\/a><\/li>\n<li><a href=\"#bonus\">\u26bd Bonus Paripesa Togo \u2013 Inscrivez-vous et Maximisez Vos Gains\u00a0\u00a0<\/a><\/li>\n<li><a href=\"#faq\">\u2753 FAQ<\/a><\/li>\n<\/ul>\n<\/div>\n<h2 id=\"pourquoi\"><span style=\"font-weight: 400;\">\ud83d\udca1 Pourquoi tant de joueurs craquent pour les offres <\/span><span style=\"font-weight: 400;\">Paripesa Bonus ?<\/span><\/h2>\n<p><span style=\"font-weight: 400;\">La plateforme en ligne Paripesa exerce l\u00e9galement dans bon nombre de pays Africains avec des offres et services r\u00e9volutionnaires notamment au Togo. En effet, plus de 4 000 000 d\u2019utilisateurs sont d\u00e9j\u00e0 inscrits sur la plateforme et b\u00e9n\u00e9ficient des offres g\u00e9n\u00e9reuses de la plateforme. Plusieurs sont les raisons qui sous tendent le fait que les offres du bookmaker s\u00e9duisent au quotidien les joueurs. Trouvez ci-dessous, les fonctionnalit\u00e9s et caract\u00e9ristiques phares qui d\u00e9marquent la plateforme:\u00a0<\/span><\/p>\n<table>\n<tbody>\n<tr>\n<td><span style=\"font-weight: 400;\">Caract\u00e9ristiques remarquables<\/span><\/td>\n<td><span style=\"font-weight: 400;\">D\u00e9tails<\/span><\/td>\n<\/tr>\n<tr>\n<td><span style=\"font-weight: 400;\"> La disponibilit\u00e9 des bonus g\u00e9n\u00e9reux et gratuits<\/span><\/td>\n<td><span style=\"font-weight: 400;\">Les joueurs ont la possibilit\u00e9 de commencer leur aventure avec un capital boost\u00e9, ce qui augmente les chances de gagner d\u00e9j\u00e0 d\u00e8s le d\u00e9but.<\/span><\/td>\n<\/tr>\n<tr>\n<td><span style=\"font-weight: 400;\">Les promotions r\u00e9guli\u00e8res et boost\u00e9es<\/span><\/td>\n<td><span style=\"font-weight: 400;\">On note des promotions succulentes et accessibles en quelques clics \u00e0 tout profil de joueur.<\/span><\/td>\n<\/tr>\n<tr>\n<td><span style=\"font-weight: 400;\">Les conditions d&#8217;utilisation et de mises tr\u00e8s claires<\/span><\/td>\n<td><span style=\"font-weight: 400;\">Les joueurs n\u2019ont aucune difficult\u00e9 \u00e0 s&#8217;appr\u00e9hender des conditions de mise pour retirer librement leurs gains bonus.<\/span><\/td>\n<\/tr>\n<\/tbody>\n<\/table>\n<p><span style=\"font-weight: 400;\">Pour fid\u00e9liser les utilisateurs, le bookmaker\u00a0 a \u00e9galement mis en place d\u2019autres promotions gratuites comme les bonus d\u2019anniversaire et autres des notifications personnalis\u00e9es envoy\u00e9es via email ou notification mobiles.<\/span><\/p>\n<h3 id=\"suppl\u00e9mentaires\"><strong>\u2b50 <span style=\"font-weight: 400;\">Paripesa Bonus :<\/span><\/strong><span style=\"font-weight: 400;\">\u00a0D\u00e9couvrez et b\u00e9n\u00e9ficiez des offres p\u00e9pites au Togo\u00a0<\/span><\/h3>\n<p><span style=\"font-weight: 400;\">Sur la plateforme de jeu Paripesa, les offres et services n&#8217;ont jamais \u00e9t\u00e9 si g\u00e9n\u00e9reux et lucratifs. On distingue plusieurs classes d\u2019offres qui sont disponibles chez le bookmaker. Celles-ci sont expos\u00e9es dans le tableau ci-apr\u00e8s:\u00a0<\/span><\/p>\n<table>\n<tbody>\n<tr>\n<td><span style=\"font-weight: 400;\">Offres actuelles<\/span><\/td>\n<td><span style=\"font-weight: 400;\">D\u00e9tails succinct<\/span><\/td>\n<\/tr>\n<tr>\n<td><span style=\"font-weight: 400;\">Bonus de bienvenue\u00a0<\/span><\/td>\n<td><span style=\"font-weight: 400;\">Vous recevez gratuitement un cadeau de bienvenue de 100% sur votre premier d\u00e9p\u00f4t. Celui-ci va jusqu\u2019\u00e0 65 000 XOF.<\/span><\/td>\n<\/tr>\n<tr>\n<td><span style=\"font-weight: 400;\">Un pack de bienvenue\u00a0<\/span><\/td>\n<td><span style=\"font-weight: 400;\">Il s\u2019agit ici d\u2019un bonus allant \u00e0 975 000 XOF + 150 FS<\/span><\/td>\n<\/tr>\n<tr>\n<td><span style=\"font-weight: 400;\">Cashback hebdomadaire<\/span><\/td>\n<td><span style=\"font-weight: 400;\">Lorsque vous encaissez des paris perdants, la plateforme vous rembourse 3% de ce montant chaque semaine.<\/span><\/td>\n<\/tr>\n<tr>\n<td><span style=\"font-weight: 400;\">Cashback VIP Casino<\/span><\/td>\n<td><span style=\"font-weight: 400;\">Votre fid\u00e9lit\u00e9 \u00e0 la plateforme est aussi r\u00e9compens\u00e9e avec un programme gratuit \u00e0 04 niveaux.\u00a0<\/span><\/td>\n<\/tr>\n<\/tbody>\n<\/table>\n<p><span style=\"font-weight: 400;\">De surcro\u00eet, un bonus gratuit et progressif est aussi offert lorsque vous parrainez un ami ou un proche sur la plateforme.\u00a0\u00a0<\/span><\/p>\n<h3><span style=\"font-weight: 400;\">\ud83c\udfc6 Liste des Meilleurs Bonus Disponibles sur Paripesa : 50 % de bonus sur les paris sportifs le lundi<\/span><\/h3>\n<p><span style=\"font-weight: 400;\">En dehors des offres ci-dessus, d\u00e9couvrez en profondeur les offres foudroyantes et passionnantes disponibles sur Paripesa en ligne.<\/span><\/p>\n<table>\n<tbody>\n<tr>\n<td>Meilleurs bonus disponibles<\/td>\n<td>D\u00e9tails<\/td>\n<\/tr>\n<tr>\n<td>+50 % de bonus sur le deuxi\u00e8me d\u00e9p\u00f4t<\/td>\n<td>Pour votre deuxi\u00e8me d\u00e9p\u00f4t, vous avez un autre bonus de 50% et plus pouvant atteindre 32 796,51 XOF<\/td>\n<\/tr>\n<tr>\n<td>Club VIP PARIPESA<\/td>\n<td>Il s\u2019agit ici d\u2019un espace sp\u00e9cial r\u00e9serv\u00e9 aux fid\u00e8les de la plateforme qui vous donne droit \u00e0 des privil\u00e8ges uniques<\/td>\n<\/tr>\n<tr>\n<td>Anniversaire avec Paripesa<\/td>\n<td>Le jour de votre anniversaire, le bookmaker illumine votre journ\u00e9e avec 20 tours gratuits sans conditions de mise.<\/td>\n<\/tr>\n<tr>\n<td>Bonus Express<\/td>\n<td>Avec ce Paripesa bonus\u00a0vous avez acc\u00e8s \u00e0 des coupons de paris gratuits;<\/td>\n<\/tr>\n<tr>\n<td>Bonus pour une s\u00e9rie de paris malchanceux<\/td>\n<td>Il s\u2019agit d\u2019un bonus avec lequel vous obtenez des bonus progressifs pour des s\u00e9ries de pertes<\/td>\n<\/tr>\n<\/tbody>\n<\/table>\n<p><span style=\"font-weight: 400;\">\u00a0<\/span><span style=\"font-weight: 400;\">Chez Paripesa, un magasin de codes promo est disponible pour vous permettre de booster vos gains et les bonus.<\/span><\/p>\n<h3><span style=\"font-weight: 400;\">\ud83c\udfaf Comment le Paripesa Bonus<\/span><span style=\"font-weight: 400;\">\u00a0profite aux Parieurs Togolais ?<\/span><\/h3>\n<p><span style=\"font-weight: 400;\">Le Paripesa profite aux parieurs togolais en offrant et garantissant une accessibilit\u00e9 in\u00e9gal\u00e9e et rapide, une exp\u00e9rience immersive et une adaptation locale. En effet, la plateforme facilite dans un premier temps les paiements aux joueurs. Ces m\u00e9thodes de paiement utilis\u00e9es sont parfaitement adapt\u00e9es aux pr\u00e9f\u00e9rences locales des joueurs avec la disponibilit\u00e9 de MTN Money, Moov Money, etc. Les montants de d\u00e9p\u00f4ts minimum\u00a0 propos\u00e9s par ces op\u00e9rateurs sont moindres ce qui permet \u00e0 tous les joueurs de recharger facilement leur compte pour b\u00e9n\u00e9ficier des bonus.\u00a0<\/span><\/p>\n<p><img loading=\"lazy\" decoding=\"async\" class=\"aligncenter size-full wp-image-5522\" title=\"Profitez du Paripesa Bonus au Togo\" src=\"https:\/\/africa-paripesa.com\/wp-content\/uploads\/2025\/08\/bonus-1.webp\" alt=\"Bonus Paripesa Togo pour tous les joueurs\" width=\"799\" height=\"377\" srcset=\"https:\/\/africa-paripesa.com\/wp-content\/uploads\/2025\/08\/bonus-1.webp 799w, https:\/\/africa-paripesa.com\/wp-content\/uploads\/2025\/08\/bonus-1-300x142.webp 300w, https:\/\/africa-paripesa.com\/wp-content\/uploads\/2025\/08\/bonus-1-768x362.webp 768w\" sizes=\"auto, (max-width: 799px) 100vw, 799px\" \/><\/p>\n<p><span style=\"font-weight: 400;\">De plus, le bookmaker a \u00e9galement mis en place une application mobile disponible en version Android et iOS. Les joueurs n\u2019ont donc plus \u00e0 consulter incessamment leur navigateur pour jouer ou pour b\u00e9n\u00e9ficier des promotions de la plateforme. Ceci permet l\u2019acc\u00e8s aux jeux plus rapide et s\u00e9curis\u00e9 \u00e0 n\u2019importe quel endroit.\u00a0<\/span><\/p>\n<h2><span style=\"font-weight: 400;\">\u2b50 Paripesa Promo Code \u2013 Utilisez un Code pour D\u00e9bloquer des R\u00e9compenses Suppl\u00e9mentaires\u00a0<\/span><\/h2>\n<p><span style=\"font-weight: 400;\">Pour vous aider \u00e0 booster davantage les bonus offerts, la plateforme vous offre un magasin de codes promos. Au nombre de ses codes promos disponible chez le bookmaker, on peut noter SKOPARI qui est un code bonus qui vous permet de recevoir 30% de plus sur le bonus re\u00e7u au premier d\u00e9p\u00f4t valid\u00e9. De plus, on note PESAFRIK qui est aussi un code \u00e0 entrer dans le formulaire lors de votre inscription. Il vous accorde un bonus de bienvenue allant jusqu\u2019\u00e0 85 000 XOF.<\/span><\/p>\n<p><img loading=\"lazy\" decoding=\"async\" class=\"aligncenter size-full wp-image-5533\" title=\"Bonus exclusif Paripesa Togo\" src=\"https:\/\/africa-paripesa.com\/wp-content\/uploads\/2025\/08\/bonus-1-1.webp\" alt=\"Offre de bonus Paripesa au Togo\" width=\"799\" height=\"385\" srcset=\"https:\/\/africa-paripesa.com\/wp-content\/uploads\/2025\/08\/bonus-1-1.webp 799w, https:\/\/africa-paripesa.com\/wp-content\/uploads\/2025\/08\/bonus-1-1-300x145.webp 300w, https:\/\/africa-paripesa.com\/wp-content\/uploads\/2025\/08\/bonus-1-1-768x370.webp 768w\" sizes=\"auto, (max-width: 799px) 100vw, 799px\" \/><\/p>\n<p><span style=\"font-weight: 400;\">Avec la session \u201cMagasin des codes promo\u201d sur la plateforme, vous avez la possibilit\u00e9 d\u2019acc\u00e9der \u00e0 plus d\u2019une centaine de codes promo qui vous d\u00e9bloquent automatiquement des bonus exclusifs.\u00a0<\/span><\/p>\n<h2 id=\"bonus\">\u26bd <span style=\"font-weight: 400;\">Bonus Paripesa<\/span><span style=\"font-weight: 400;\">\u00a0Togo \u2013 Inscrivez-vous et Maximisez Vos Gains\u00a0\u00a0<\/span><\/h2>\n<p><span style=\"font-weight: 400;\">La plateforme Paripesa vous offre un espace de jeu exceptionnel et s\u00e9curis\u00e9. Elle est accessible \u00e0 tout type de joueurs, notamment d\u00e9butant ou professionnel. Pour acc\u00e9der \u00e0 cette plateforme, vous devez vous rendre sur le site officiel en cliquant sur la session d\u2019inscription et en remplissant le formulaire. Apr\u00e8s avoir valid\u00e9 et confirm\u00e9 votre inscription en cliquant sur \u201cS\u2019inscrire\u201d, connectez-vous puis lancez-vous pour une aventure immersive et lucrative de jeu !\u00a0\u00a0<\/span><\/p>\n<h2 id=\"faq\"><span style=\"font-weight: 400;\">\u2753 FAQ<\/span><\/h2>\n<h3><span style=\"font-weight: 400;\">Comment puis-je retirer mon bonus sur Paripesa au Togo ?<\/span><\/h3>\n<p><span style=\"font-weight: 400;\">Pour retirer librement votre montant bonus, vous devez lire attentivement et respecter les conditions de mise associ\u00e9es \u00e0 ce bonus.\u00a0<\/span><\/p>\n<h3><span style=\"font-weight: 400;\">Les jeux de tables sont-ils disponibles sur la plateforme?<\/span><\/h3>\n<p><span style=\"font-weight: 400;\">Oui ! Vous pouvez retrouver la cat\u00e9gorie des jeux de tables dans le casino en ligne Paripesa au Togo. Vous avez acc\u00e8s \u00e0 une multitude de jeux.<\/span><\/p>\n<h3><span style=\"font-weight: 400;\">Quels sont les types de paris sportifs en ligne disponibles chez Paripesa?<\/span><\/h3>\n<p><span style=\"font-weight: 400;\">On distingue les paris simples, combin\u00e9s, handicap, sur score exact, total but, etc. Vous pouvez aussi parier en avant-match comme en direct. <\/span><\/p>\n","protected":false},"excerpt":{"rendered":"<p>\ud83c\udf81\u00a0 Profitez du Paripesa Bonus\u00a0Togo \u2013 Offres Exceptionnelles pour Tous les Joueurs Vivez une exp\u00e9rience de jeu hors pair avec l\u2019univers des jeux modernes Paripesa au Togo. C\u2019est un espace de jeu en ligne mis \u00e0 votre disposition pour vos paris sportifs et vos jeux casino en ligne. Dans cet univers, vous avez acc\u00e8s \u00e0 [&hellip;]<\/p>\n","protected":false},"author":1,"featured_media":0,"parent":0,"menu_order":0,"comment_status":"closed","ping_status":"closed","template":"","meta":{"_sitemap_exclude":false,"_sitemap_priority":"","_sitemap_frequency":"","footnotes":""},"class_list":["post-5603","page","type-page","status-publish","hentry"],"acf":[],"yoast_head":"<!-- This site is optimized with the Yoast SEO plugin v23.6 - https:\/\/yoast.com\/wordpress\/plugins\/seo\/ -->\n<title>Paripesa Bonus Togo \u2013 Offres Uniques \ud83d\ude80<\/title>\n<meta name=\"description\" content=\"D\u00e9couvrez les bonus Paripesa au Togo et profitez d\u2019offres exceptionnelles pour augmenter vos gains sur les paris sportifs et jeux de casino.\" \/>\n<meta name=\"robots\" content=\"index, follow, max-snippet:-1, max-image-preview:large, max-video-preview:-1\" \/>\n<meta property=\"og:locale\" content=\"fr_FR\" \/>\n<meta property=\"og:type\" content=\"article\" \/>\n<meta property=\"og:url\" content=\"https:\/\/africa-paripesa.com\/fr-tg\/bonus\/\" \/>\n<meta property=\"og:site_name\" content=\"paripesa\" \/>\n<meta property=\"article:modified_time\" content=\"2025-10-17T18:56:08+00:00\" \/>\n<meta property=\"og:image\" content=\"https:\/\/africa-paripesa.com\/wp-content\/uploads\/2025\/08\/bonus-1.webp\" \/>\n<meta name=\"twitter:card\" content=\"summary_large_image\" \/>\n<meta name=\"twitter:label1\" content=\"Est. reading time\" \/>\n\t<meta name=\"twitter:data1\" content=\"6 minutes\" \/>\n<!-- \/ Yoast SEO plugin. -->","yoast_head_json":{"title":"Paripesa Bonus Togo \u2013 Offres Uniques \ud83d\ude80","description":"D\u00e9couvrez les bonus Paripesa au Togo et profitez d\u2019offres exceptionnelles pour augmenter vos gains sur les paris sportifs et jeux de casino.","robots":{"index":"index","follow":"follow","max-snippet":"max-snippet:-1","max-image-preview":"max-image-preview:large","max-video-preview":"max-video-preview:-1"},"og_locale":"fr_FR","og_type":"article","og_url":"https:\/\/africa-paripesa.com\/fr-tg\/bonus\/","og_site_name":"paripesa","article_modified_time":"2025-10-17T18:56:08+00:00","og_image":[{"url":"https:\/\/africa-paripesa.com\/wp-content\/uploads\/2025\/08\/bonus-1.webp"}],"twitter_card":"summary_large_image","twitter_misc":{"Est. reading time":"6 minutes"},"schema":{"@context":"https:\/\/schema.org","@graph":[{"@type":"WebPage","@id":"https:\/\/africa-paripesa.com\/fr-tg\/bonus\/","url":"https:\/\/africa-paripesa.com\/fr-tg\/bonus\/","name":"Paripesa Bonus Togo \u2013 Offres Uniques \ud83d\ude80","isPartOf":{"@id":"https:\/\/africa-paripesa.com\/#website"},"primaryImageOfPage":{"@id":"https:\/\/africa-paripesa.com\/fr-tg\/bonus\/#primaryimage"},"image":{"@id":"https:\/\/africa-paripesa.com\/fr-tg\/bonus\/#primaryimage"},"thumbnailUrl":"https:\/\/africa-paripesa.com\/wp-content\/uploads\/2025\/08\/bonus-1.webp","datePublished":"2025-07-17T20:40:48+00:00","dateModified":"2025-10-17T18:56:08+00:00","description":"D\u00e9couvrez les bonus Paripesa au Togo et profitez d\u2019offres exceptionnelles pour augmenter vos gains sur les paris sportifs et jeux de casino.","breadcrumb":{"@id":"https:\/\/africa-paripesa.com\/fr-tg\/bonus\/#breadcrumb"},"inLanguage":"fr-TG","potentialAction":[{"@type":"ReadAction","target":["https:\/\/africa-paripesa.com\/fr-tg\/bonus\/"]}]},{"@type":"ImageObject","inLanguage":"fr-TG","@id":"https:\/\/africa-paripesa.com\/fr-tg\/bonus\/#primaryimage","url":"https:\/\/africa-paripesa.com\/wp-content\/uploads\/2025\/08\/bonus-1.webp","contentUrl":"https:\/\/africa-paripesa.com\/wp-content\/uploads\/2025\/08\/bonus-1.webp"},{"@type":"BreadcrumbList","@id":"https:\/\/africa-paripesa.com\/fr-tg\/bonus\/#breadcrumb","itemListElement":[{"@type":"ListItem","position":1,"name":"Paripesa","item":"https:\/\/africa-paripesa.com\/"},{"@type":"ListItem","position":2,"name":"Bonus"}]},{"@type":"WebSite","@id":"https:\/\/africa-paripesa.com\/#website","url":"https:\/\/africa-paripesa.com\/","name":"paripesa","description":"","potentialAction":[{"@type":"SearchAction","target":{"@type":"EntryPoint","urlTemplate":"https:\/\/africa-paripesa.com\/?s={search_term_string}"},"query-input":{"@type":"PropertyValueSpecification","valueRequired":true,"valueName":"search_term_string"}}],"inLanguage":"fr-TG"}]}},"_links":{"self":[{"href":"https:\/\/africa-paripesa.com\/fr-tg\/wp-json\/wp\/v2\/pages\/5603","targetHints":{"allow":["GET"]}}],"collection":[{"href":"https:\/\/africa-paripesa.com\/fr-tg\/wp-json\/wp\/v2\/pages"}],"about":[{"href":"https:\/\/africa-paripesa.com\/fr-tg\/wp-json\/wp\/v2\/types\/page"}],"author":[{"embeddable":true,"href":"https:\/\/africa-paripesa.com\/fr-tg\/wp-json\/wp\/v2\/users\/1"}],"replies":[{"embeddable":true,"href":"https:\/\/africa-paripesa.com\/fr-tg\/wp-json\/wp\/v2\/comments?post=5603"}],"version-history":[{"count":5,"href":"https:\/\/africa-paripesa.com\/fr-tg\/wp-json\/wp\/v2\/pages\/5603\/revisions"}],"predecessor-version":[{"id":6656,"href":"https:\/\/africa-paripesa.com\/fr-tg\/wp-json\/wp\/v2\/pages\/5603\/revisions\/6656"}],"wp:attachment":[{"href":"https:\/\/africa-paripesa.com\/fr-tg\/wp-json\/wp\/v2\/media?parent=5603"}],"curies":[{"name":"wp","href":"https:\/\/api.w.org\/{rel}","templated":true}]}}